{"id":399,"date":"2024-01-25T13:13:03","date_gmt":"2024-01-25T13:13:03","guid":{"rendered":"https:\/\/impulsq.de\/optimizar-la-pagina-de-destino\/"},"modified":"2024-01-30T13:28:37","modified_gmt":"2024-01-30T13:28:37","slug":"optimizar-la-pagina-de-destino","status":"publish","type":"page","link":"https:\/\/impulsq.de\/es\/casos-practicos\/optimizar-la-pagina-de-destino\/","title":{"rendered":"Optimizar la p\u00e1gina de destino"},"content":{"rendered":"\n<div class=\"section references main-color darken-background pb-3\">\n    <div class=\"wrap\">\n\n        <h1 class=\"h1\">Estudio de caso para una p\u00e1gina de aterrizaje<\/h1>\n        <h2 class=\"h2\">\n  Optimizaci\u00f3n de una p\u00e1gina de aterrizaje con <span class=\"highlight\">43.000 visitantes<\/span><br\/>\n            <span class=\"highlight\">40% m\u00e1s de visitantes<\/span> en s\u00f3lo 4 semanas<br\/>\n  con una inversi\u00f3n de s\u00f3lo 2.000 euros\n        <\/h2>\n\n    <\/div>\n    <div class=\"wrap\">\n\n        <a href=\"#calendly\" class=\"btn dark\">Sheesh. Tambi\u00e9n tengo algunos trabajos de SEO para usted<\/a>\n\n    <\/div>\n<\/div>\n\n<div class=\"section references top-box\">\n    <div class=\"wrap\">\n\n        <div class=\"box\">\n            <div class=\"additional-info\">El SEO no tiene por qu\u00e9 ser caro<\/div>\n            <ul class=\"row\">\n                <li>\n                    <span class=\"percentage-raise\">40 %<\/span>\n  Aumento de visitantes mensuales\n                <\/li>\n                <li>\n                    <span class=\"percentage-raise\">60.000<\/span>\n  Visitantes mensuales  [Nach der Optimierung]\n                <\/li>\n                <li>\n                    <span class=\"percentage-raise\">37 %<\/span>\n  Aumento del ranking de palabras clave\n                <\/li>\n                <li>\n                    <span class=\"percentage-raise\">2.000 \u20ac<\/span>\n  Inversi\u00f3n del cliente en 2024\n                <\/li>\n            <\/ul>\n        <\/div>\n\n    <\/div>\n<\/div>\n\n<div class=\"section references pb-2\">\n    <div class=\"wrap\">\n\n        <div class=\"media-article box-media\">\n            <div class=\"media\">\n                <div class=\"headline\">Palabra clave dificultad<\/div>\n                <figure class=\"speedometer\">\n                    <img loading=\"lazy\" decoding=\"async\" src=\"\/media\/content\/case-studie\/speedmeter-50.svg\" width=\"237\" height=\"164\" alt=\"\"\/>\n                    <figcaption><span>50<\/span> Dif\u00edcil<\/figcaption>\n                <\/figure>\n                <p class=\"aside\">\n  Estimamos que necesita backlinks de 78 sitios web,\n  para estar entre los 10 primeros de esta palabra clave.\n                <\/p>\n            <\/div>\n            <div class=\"content\">\n                <h2 class=\"h3\">Desbancado por la competencia. El cliente pierde posiciones + visitantes valiosos.<\/h2>\n                <p>\n  La p\u00e1gina de aterrizaje del cliente ocupaba el 4\u00ba puesto para una palabra clave del sector de la restauraci\u00f3n.\n  Los tres primeros lugares estaban ocupados por el propio fuego. En 4\u00ba lugar, el cliente sigue teniendo todas\n  recibe m\u00e1s de 60.000 visitas al mes a trav\u00e9s de Google. No est\u00e1 mal.\n                <\/p>\n                <p>\n  Esto no pas\u00f3 desapercibido para sus competidores. Tambi\u00e9n han creado con ilusi\u00f3n una p\u00e1gina de aterrizaje para\n  y empuj\u00f3 a nuestro cliente del 4\u00ba al 6\u00ba puesto. Y con raz\u00f3n, porque el\n  Las p\u00e1ginas de destino de los competidores eran significativamente mejores y respond\u00edan mejor a las intenciones de b\u00fasqueda de los usuarios.\n  contestado.\n                <\/p>\n                <p>\n  As\u00ed que aceptamos el reto y emprendimos una optimizaci\u00f3n exhaustiva.\n  Porque seamos sinceros. La p\u00e1gina de aterrizaje de nuestro cliente era una basura.\n                <\/p>\n                <p>\n  \u00a1Pero! Para eso estamos aqu\u00ed.<br\/>\n                    <strong>As\u00ed que no tardes mucho, \u00a1ponte con las alb\u00f3ndigas!<\/strong>\n                <\/p>\n            <\/div>\n        <\/div>\n\n        <div class=\"media-article box-media\">\n            <div class=\"content\">\n                <h2 class=\"h3\">La mejor soluci\u00f3n para un presupuesto de 2.000 euros<\/h2>\n                <p>\n  En primer lugar, mantenga la calma. No hay soluciones r\u00e1pidas.\n                <\/p>\n                <p>\n  La p\u00e1gina de aterrizaje no s\u00f3lo era un desastre visual, sino tambi\u00e9n de contenido, con 511 palabras.\n  bastante d\u00e9bil en el pecho en formato blog. Se revis\u00f3 y ampli\u00f3 el contenido\n  absolutamente necesario. Tambi\u00e9n hab\u00eda que hacer muchas cosas gr\u00e1ficamente. Afortunadamente, contamos con\n  Dise\u00f1ador web en nuestro equipo.\n                <\/p>\n                <p>\n  Nuestro objetivo: catapultar al cliente al 4\u00ba puesto con el menor esfuerzo posible.\n  No s\u00f3lo durante unas semanas, sino a largo plazo. Aunque un presupuesto de 2.000 euros es bastante ajustado\n  se mide, no es imposible. Ahora hemos podido demostrarlo.\n                <\/p>\n            <\/div>\n            <div class=\"media\">\n                <div class=\"headline\">Optimizar con \u00e9xito una p\u00e1gina de destino<\/div>\n                <ul class=\"raise-list\">\n                    <li>\n                        <span class=\"label\">Visitantes org\u00e1nicos<\/span>\n                        <span class=\"value\">60.000 <span class=\"from\">desde 43.000<\/span><\/span>\n                        <span class=\"raise\">+40 %<\/span>\n                    <\/li>\n                    <li>\n                        <span class=\"label\">Palabras clave ecol\u00f3gicas<\/span>\n                        <span class=\"value\">4.230 <span class=\"from\">desde 3.090<\/span><\/span>\n                        <span class=\"raise\">+37 %<\/span>\n                    <\/li>\n                    <li>\n                        <span class=\"label\">Plazo<\/span>\n                        <span class=\"value\">1 semana<\/span>\n                    <\/li>\n                    <li>\n                        <span class=\"label\">Presupuesto<\/span>\n                        <span class=\"value\">2.000 \u20ac<\/span>\n\n                    <\/li>\n                <\/ul>\n                <ul class=\"metas\">\n                    <li>\n                        <span class=\"label\">Cliente desde<\/span>\n                        <span class=\"value\">2024<\/span>\n                    <\/li>\n                    <li>\n                        <span class=\"label\">Cliente<\/span>\n                        <span class=\"value\">Gastronom\u00eda<\/span>\n                    <\/li>\n                <\/ul>\n            <\/div>\n        <\/div>\n\n    <\/div>\n<\/div>\n\n<div class=\"section references main-color darken-background pt-2 pb-2\">\n    <div class=\"wrap\">\n\n        <h2 class=\"h2\">Ocho pasos para 17.000 m\u00e1s<br\/>  visitantes al mes<\/h2>\n\n        <div class=\"read-more-articles plus-icons\">\n            <div class=\"article has-more\" data-modal-mode=\"read-more\" data-modal-theme=\"references\">\n                <h4 class=\"headline\">Martin Brosy, Socio Director y experto en SEO, tiene que implicarse personalmente<\/h4>\n                <p>\n  D\u00eda festivo. Nadie trabaja. Con nosotros, el cliente sigue siendo el rey. As\u00ed que nuestro Director\n  partner se encarg\u00f3 personalmente de la optimizaci\u00f3n de la p\u00e1gina de aterrizaje, todo en un d\u00eda\n  organizadas y las sesiones informativas preparadas.\n                <\/p>\n                <button type=\"button\">M\u00e1s<\/button>\n            <\/div>\n            <div class=\"article has-more\" data-modal-mode=\"read-more\" data-modal-theme=\"references\">\n                <h4 class=\"headline\">An\u00e1lisis de la competencia<\/h4>\n                <p>\n  \u00bfPor qu\u00e9 dos competidores del cliente est\u00e1n mejor clasificados? Hab\u00eda que aclararlo. As\u00ed que en\n  analiz\u00f3 detalladamente las p\u00e1ginas de aterrizaje de los competidores e identific\u00f3 todos los aspectos positivos.\n  escrito. Hallazgos emocionantes. Adem\u00e1s, nunca dejamos de aprender.\n                <\/p>\n                <button type=\"button\">M\u00e1s<\/button>\n            <\/div>\n            <div class=\"article has-more\" data-modal-mode=\"read-more\" data-modal-theme=\"references\">\n                <h4 class=\"headline\">Analizar la p\u00e1gina de destino del cliente<\/h4>\n                <p>\n  Vale, con 511 palabras, la p\u00e1gina de aterrizaje del cliente no era especialmente extensa. Necesitaba\n  ning\u00fan experto para ver que no se ha respondido a preguntas importantes de los usuarios y que el dise\u00f1o\n  era bastante sub\u00f3ptima.\n                <\/p>\n                <button type=\"button\">M\u00e1s<\/button>\n            <\/div>\n            <div class=\"article has-more\" data-modal-mode=\"read-more\" data-modal-theme=\"references\">\n                <h4 class=\"headline\">Preguntas frecuentes + an\u00e1lisis de palabras clave<\/h4>\n                <p>\n  Hemos investigado y recopilado 20 preguntas frecuentes. Adem\u00e1s, se formaron 11 grupos de palabras clave.\n  Sobre esta base, los redactores pueden crear el texto perfecto. Perfecto para los usuarios.\n  Perfecto para Google.\n                <\/p>\n                <button type=\"button\">M\u00e1s<\/button>\n            <\/div>\n            <div class=\"article has-more\" data-modal-mode=\"read-more\" data-modal-theme=\"references\">\n                <h4 class=\"headline\">Creaci\u00f3n de contenidos<\/h4>\n                <p>\n  Todos los resultados se cotejaron y se prepar\u00f3 un informe de 7 p\u00e1ginas para la Comisi\u00f3n Europea.\n  Se crea la redacci\u00f3n. El art\u00edculo final se optimiz\u00f3 con la ayuda de Surfer SEO.\n                <\/p>\n                <button type=\"button\">M\u00e1s<\/button>\n            <\/div>\n            <div class=\"article has-more\" data-modal-mode=\"read-more\" data-modal-theme=\"references\">\n                <h4 class=\"headline\">Gr\u00e1ficos<\/h4>\n                <p>\n  Quer\u00edamos prescindir de las fotos del 0815. Una infograf\u00eda emocionante, una imagen de portada y un\n  numerosos otros gr\u00e1ficos. Mientras que el competidor se basa en gr\u00e1ficos de la marca\n  quer\u00edamos ser diferentes. As\u00ed que nuestros dise\u00f1adores gr\u00e1ficos tuvieron que ponerse manos a la obra.\n                <\/p>\n                <button type=\"button\">M\u00e1s<\/button>\n            <\/div>\n            <div class=\"article has-more\" data-modal-mode=\"read-more\" data-modal-theme=\"references\">\n                <h4 class=\"headline\">Colocar en l\u00ednea<\/h4>\n                <p>\n  Hemos puesto personalmente en l\u00ednea todos los contenidos que hemos creado. Esto hizo que las cosas fueran m\u00e1s r\u00e1pidas. Todos\n  Tenemos experiencia interna, siempre para deleite de nuestros clientes. \u00bfPor qu\u00e9? Va m\u00e1s r\u00e1pido. En\n  Los canales de comunicaci\u00f3n son m\u00e1s cortos. El equipo ha recibido formaci\u00f3n. As\u00ed que al final es m\u00e1s favorable para el cliente.\n  Todos salimos ganando.\n                <\/p>\n                <button type=\"button\">M\u00e1s<\/button>\n            <\/div>\n            <div class=\"article has-more\" data-modal-mode=\"read-more\" data-modal-theme=\"references\">\n                <h4 class=\"headline\">Informes y seguimiento<\/h4>\n                <p>\n  El cliente ha estado esperando con impaciencia su nueva p\u00e1gina de aterrizaje. Estaba al menos tan emocionado\n  como nosotros. Ahora s\u00f3lo tenemos que demostrar que hemos hecho un buen trabajo. Eso es f\u00e1cil.\n  mensurable. \u00bfEst\u00e1 subiendo el cliente en la clasificaci\u00f3n? Por supuesto, lo comprobamos despu\u00e9s y\n  Y he aqu\u00ed que, al cabo de cuatro semanas, hemos recuperado nuestra posici\u00f3n.\n                <\/p>\n                <button type=\"button\">M\u00e1s<\/button>\n            <\/div>\n        <\/div>\n\n    <\/div>\n<\/div>\n\n<div class=\"section references pt-2\">\n    <div class=\"wrap\">\n\n        <h2 class=\"h1\">Por qu\u00e9 el cliente aprecia la colaboraci\u00f3n<\/h2>\n        <blockquote class=\"big\">\n  El tiempo de respuesta fue fant\u00e1stico.<br\/>  El resultado me sorprendi\u00f3 a m\u00ed mismo. Para ello<br\/>\n  Me alegr\u00e9 de pagar los 2.000 euros.\n        <\/blockquote>\n        <p>\n  Se ha demostrado que me ha aportado algo y con impulsQ GmbH tengo un socio competente a partir de ahora.\n  Persona de contacto a mi lado. Incluso para los casos dif\u00edciles.\n        <\/p>\n\n        <div class=\"person\">\n            <div class=\"name\">Marek W.<\/div>\n            <div class=\"position\">Director General y accionista<\/div>\n        <\/div>\n\n    <\/div>\n<\/div>\n\n<div class=\"section references\">\n    <div class=\"wrap\">\n\n        <h2 class=\"h1\">El cliente se congratula de un aumento del tr\u00e1fico de 17.000 visitantes<\/h2>\n        <h3 class=\"h2\">El SEO no es una caja negra.<br\/>  Siempre que sepas lo que haces.<\/h3>\n        <p>\n  Nuestro salario por hora es de 100 euros. Con este proyecto s\u00f3lo conseguimos el margen de contribuci\u00f3n.\n  Eso no es malo. Nos gusta hacerlo y, cuando aceptamos un encargo, queremos hacerlo bien.\n  hazlo bien. Porque, al fin y al cabo, no lo hacemos por dinero, sino porque es nuestra pasi\u00f3n.\n  Si resulta ser un \u00e9xito tan incre\u00edble, compensar\u00e1 f\u00e1cilmente cada euro de beneficio.\n        <\/p>\n        <p>\n  Una cosa es cierta. El objetivo fijado por el cliente se alcanz\u00f3 con el 4\u00ba puesto. Esto implica un aumento del tr\u00e1fico\n  a 60.000 visitantes\/mes. S\u00f3lo para una p\u00e1gina de destino. Feroz. Por supuesto, tambi\u00e9n somos un poco\n  orgulloso de nosotros. El cliente est\u00e1 al cien por cien.\n        <\/p>\n\n    <\/div>\n<\/div>\n\n<div class=\"section references\">\n    <div class=\"wrap\">\n\n        <div class=\"chart\">\n            <h2 class=\"headline\">Tr\u00e1fico org\u00e1nico<\/h2>\n            <img decoding=\"async\" src=\"\/media\/content\/case-studie\/charts\/landingpage-organic-traffic.webp\" alt=\"\"\/>\n        <\/div>\n\n    <\/div>\n<\/div>\n\n<div class=\"section references\">\n    <div class=\"wrap\">\n\n        <div class=\"chart\">\n            <h2 class=\"headline\">Palabras clave ecol\u00f3gicas<\/h2>\n            <img decoding=\"async\" src=\"\/media\/content\/case-studie\/charts\/landingpage-organic-keywords.webp\" alt=\"\"\/>\n        <\/div>\n\n    <\/div>\n<\/div>\n\n<div class=\"section references pt-2 pb-2\" id=\"calendly\">\n    <div class=\"wrap\">\n\n        <h2 class=\"h1\">Elija ya una fecha de lanzamiento<\/h2>\n        <h3 class=\"h2\">SEO de la mano de expertos en SEO<\/h3>\n        <p>\n  \u00bfLe ha gustado nuestro caso pr\u00e1ctico de SEO? \u00bfSientes curiosidad? Tambi\u00e9n podemos ofrecerle estos resultados\n  conseguir. A continuaci\u00f3n puede inscribirse para una consulta inicial gratuita. Estamos deseando verle.\n        <\/p>\n        <h3 class=\"h4\">Seleccione una franja horaria libre<\/h3>\n         <div class=\"brlbs-cmpnt-container brlbs-cmpnt-content-blocker brlbs-cmpnt-with-individual-styles\" data-borlabs-cookie-content-blocker-id=\"calendly\" data-borlabs-cookie-content=\"PGlmcmFtZSBjbGFzcz0iYXBwb2ludG1lbnQtaWZyYW1lIiBzcmM9Imh0dHBzOi8vY2FsZW5kbHkuY29tL2ltcHVsc3EvbGlua2J1aWxkaW5nIiB3aWR0aD0iNjAwIiBoZWlnaHQ9IjQxMCI+PC9pZnJhbWU+\"><div class=\"brlbs-cmpnt-cb-preset-a\"> <p class=\"brlbs-cmpnt-cb-description\">Est\u00e1 viendo un contenido provisional de <strong>Calendly<\/strong>. Para acceder al contenido real, haga clic en el bot\u00f3n de abajo. Tenga en cuenta que al hacerlo se transmitir\u00e1n datos a terceros.<\/p> <div class=\"brlbs-cmpnt-cb-buttons\"> <a class=\"brlbs-cmpnt-cb-btn\" href=\"#\" data-borlabs-cookie-unblock role=\"button\">Desbloquear contenido<\/a> <a class=\"brlbs-cmpnt-cb-btn\" href=\"#\" data-borlabs-cookie-accept-service role=\"button\" style=\"display: <m id=\"3\">&quot;&gt;Aceptar el servicio necesario y desbloquear el contenido<\/a> <\/div> <a class=\"brlbs-cmpnt-cb-provider-toggle\" href=\"#\" data-borlabs-cookie-show-provider-information role=\"button\">M\u00e1s informaci\u00f3n<\/a> <\/div><\/div>\n\n    <\/div>\n<\/div>\n","protected":false},"excerpt":{"rendered":"<p>Estudio de caso para una p\u00e1gina de aterrizaje Optimizaci\u00f3n de una p\u00e1gina de aterrizaje con 43.000 visitantes 40% m\u00e1s de visitantes en s\u00f3lo 4 semanas con una inversi\u00f3n de s\u00f3lo 2.000 euros Sheesh. Tambi\u00e9n tengo algunos trabajos de SEO para usted El SEO no tiene por qu\u00e9 ser caro 40 % Aumento de visitantes mensuales [&hellip;]<\/p>\n","protected":false},"author":1,"featured_media":0,"parent":474,"menu_order":0,"comment_status":"closed","ping_status":"closed","template":"template-bright.php","meta":{"_acf_changed":false,"_uag_custom_page_level_css":"","footnotes":""},"class_list":["post-399","page","type-page","status-publish","hentry"],"acf":[],"uagb_featured_image_src":{"full":false,"thumbnail":false,"medium":false,"medium_large":false,"large":false,"1536x1536":false,"2048x2048":false,"magazin-single":false,"magazin-single-2x":false,"magazin-big":false,"magazin-big-2x":false,"magazin-medium":false,"magazin-medium-2x":false,"magazin-small":false,"magazin-small-2x":false,"magazin-phone":false,"magazin-phone-2x":false,"onboarding_mobile":false,"onboarding_mobile_retina":false},"uagb_author_info":{"display_name":"impulsQ GmbH","author_link":"https:\/\/impulsq.de\/es\/author\/vanessa\/"},"uagb_comment_info":0,"uagb_excerpt":"Estudio de caso para una p\u00e1gina de aterrizaje Optimizaci\u00f3n de una p\u00e1gina de aterrizaje con 43.000 visitantes 40% m\u00e1s de visitantes en s\u00f3lo 4 semanas con una inversi\u00f3n de s\u00f3lo 2.000 euros Sheesh. Tambi\u00e9n tengo algunos trabajos de SEO para usted El SEO no tiene por qu\u00e9 ser caro 40 % Aumento de visitantes mensuales&hellip;","_links":{"self":[{"href":"https:\/\/impulsq.de\/es\/wp-json\/wp\/v2\/pages\/399","targetHints":{"allow":["GET"]}}],"collection":[{"href":"https:\/\/impulsq.de\/es\/wp-json\/wp\/v2\/pages"}],"about":[{"href":"https:\/\/impulsq.de\/es\/wp-json\/wp\/v2\/types\/page"}],"author":[{"embeddable":true,"href":"https:\/\/impulsq.de\/es\/wp-json\/wp\/v2\/users\/1"}],"replies":[{"embeddable":true,"href":"https:\/\/impulsq.de\/es\/wp-json\/wp\/v2\/comments?post=399"}],"version-history":[{"count":2,"href":"https:\/\/impulsq.de\/es\/wp-json\/wp\/v2\/pages\/399\/revisions"}],"predecessor-version":[{"id":688,"href":"https:\/\/impulsq.de\/es\/wp-json\/wp\/v2\/pages\/399\/revisions\/688"}],"up":[{"embeddable":true,"href":"https:\/\/impulsq.de\/es\/wp-json\/wp\/v2\/pages\/474"}],"wp:attachment":[{"href":"https:\/\/impulsq.de\/es\/wp-json\/wp\/v2\/media?parent=399"}],"curies":[{"name":"wp","href":"https:\/\/api.w.org\/{rel}","templated":true}]}}