{"id":420,"date":"2024-01-08T12:38:08","date_gmt":"2024-01-08T12:38:08","guid":{"rendered":"https:\/\/impulsq.de\/certificaciones\/"},"modified":"2024-02-13T10:34:16","modified_gmt":"2024-02-13T10:34:16","slug":"certificaciones","status":"publish","type":"page","link":"https:\/\/impulsq.de\/es\/certificaciones\/","title":{"rendered":"Certificaciones"},"content":{"rendered":"\n<div class=\"section references main-color darken-background\">\n    <div class=\"wrap\">\n\n        <h1 class=\"h1\">Certificaci\u00f3n<\/h1>\n        <h2 class=\"h2\">No gaste su presupuesto en<br\/>\u00a1cualquier mano!<\/h2>\n        <p>\n  Somos expertos en marketing online. No porque nos guste ponernos en un pedestal, sino porque\n  trabajamos a diario en nuestros conocimientos y tenemos mucha experiencia. No nos gusta hablar,\n  pero hazlo. Con nosotros sacar\u00e1 el m\u00e1ximo partido a su presupuesto. La experiencia es la clave\n        <\/p>\n        <p>\n            <a class=\"btn dark\" href=\"mailto:willkommen@impulsq.de\">Consulta inicial gratuita<\/a>\n        <\/p>\n\n    <\/div>\n<\/div>\n\n<div class=\"section references pt-2\">\n    <div class=\"wrap\">\n\n        <div class=\"certification-article\">\n            <div class=\"cert\">\n                <figure>\n                    <img loading=\"lazy\" decoding=\"async\" src=\"\/media\/content\/certifications\/eusa23-finalist.webp\" width=\"260\" height=\"82\" alt=\"Finalista de los Premios Europeos de B\u00fasqueda 2023\"\/>\n                <\/figure>\n                <h2 class=\"h4\">Finalista del Premio Europeo de B\u00fasqueda 2023<\/h2>\n                <p>\n  Cada a\u00f1o, las mejores agencias de SEO son galardonadas con el European Search Award. En comparaci\u00f3n\n  A diferencia de muchos otros premios, el galard\u00f3n no est\u00e1 a la venta. Esto es lo que los numerosos miembros\n  del jurado y de los organizadores. Nuestro exhaustivo estudio de caso ha sido analizado por los miembros del\n  Premios de b\u00fasqueda convencidos. Estamos orgullosos de que los mejores SEO internacionales del jurado\n  aprecian nuestro trabajo y lo honran en consecuencia con el distintivo de finalista. Esto genera confianza\n  y nos demuestra que nuestro buen trabajo es reconocido internacionalmente.\n                <\/p>\n                <button class=\"read-more\" type=\"button\">M\u00e1s<\/button>\n            <\/div>\n            <div class=\"cert\">\n                <figure>\n                    <img loading=\"lazy\" decoding=\"async\" src=\"\/media\/content\/certifications\/afs-zertifizierte-seo-agentur.svg\" width=\"188\" height=\"82\" alt=\"afs-Akademie desde 2012 - Agencia SEO certificada\"\/>\n                <\/figure>\n                <h2 class=\"h4\">Certificado de Agencia AFS<\/h2>\n                <p>\n  Una forma profesional de trabajar. Caracterizada por la eficacia, la calidad y la experiencia. Estos son los\n  Factores de \u00e9xito de impulsQ GmbH. Presentamos varios estudios de casos durante el proceso de auditor\u00eda y\n  los consultores externos de la Academia de Formaci\u00f3n Avanzada en SEO han analizado todos los procesos&#8230; en detalle\n  bajo el microscopio. Llevamos con orgullo el certificado de agencia afs. As\u00ed que ya ves:\n  Realmente podemos hacer algo.\n                <\/p>\n                <button class=\"read-more\" type=\"button\">M\u00e1s<\/button>\n            <\/div>\n            <div class=\"cert\">\n                <figure>\n                    <img loading=\"lazy\" decoding=\"async\" src=\"\/media\/content\/certifications\/lrt-certified-professional.webp\" width=\"123\" height=\"132\" alt=\"LRT - Certified Professional - Herramientas de investigaci\u00f3n de enlaces\"\/>\n                <\/figure>\n                <h2 class=\"h4\">LRT Profesional<\/h2>\n                <p>\n  En un taller presencial de varios d\u00edas de duraci\u00f3n, completamos con \u00e9xito el Certificado LRT\n  Profesional. El certificado SEO incluye formaci\u00f3n complementaria en las siguientes \u00e1reas\n  An\u00e1lisis de la competencia, penalizaciones de Google, auditor\u00edas de enlaces y gesti\u00f3n del riesgo de enlaces. Adem\u00e1s del taller\n  Se puede redactar un trabajo especializado a partir de los contenidos que all\u00ed se imparten. Tenemos ambos\n  masterizado. Siempre con el objetivo de tomar decisiones para nuestros clientes sobre la base del conocimiento y la experiencia.\n  no tomar decisiones basadas en peligrosos conocimientos a medias o incluso en una corazonada.\n                <\/p>\n                <button class=\"read-more\" type=\"button\">M\u00e1s<\/button>\n            <\/div>\n            <div class=\"cert\">\n                <figure>\n                    <img loading=\"lazy\" decoding=\"async\" src=\"\/media\/content\/certifications\/dcm-academy.webp\" width=\"129\" height=\"130\" alt=\"Marketing de contenidos digitales - Academia\"\/>\n                <\/figure>\n                <h2 class=\"h4\">Academia de Marketing de Contenidos Digitales<\/h2>\n                <p>\n  Convi\u00e9rtase en un experto en marketing de contenidos en seis semanas intensivas. En sesiones de coaching en directo y muchas horas de\n  Hemos aprendido a crear material de marketing eficiente, espec\u00edfico para cada grupo destinatario y eficaz para nuestros clientes.\n  realizar un marketing de contenidos pertinente. Al grano: c\u00f3mo mejoramos a\u00fan m\u00e1s. Con \u00e9xito.\n  Nuestros clientes est\u00e1n contentos con los resultados. Lo que tambi\u00e9n demostramos de forma impresionante en nuestros casos pr\u00e1cticos\n  demostrar su val\u00eda.\n                <\/p>\n                <button class=\"read-more\" type=\"button\">M\u00e1s<\/button>\n            <\/div>\n            <div class=\"cert\">\n                <figure>\n                    <img loading=\"lazy\" decoding=\"async\" src=\"\/media\/content\/certifications\/impulsQ-zertifikat-spezialist-landingpage-optimierung.webp\" width=\"173\" height=\"109\" alt=\"Especialista en optimizaci\u00f3n de p\u00e1ginas de destino - impulsQ GmbH - Conversion Boosting\"\/>\n                <\/figure>\n                <h2 class=\"h4\">Especialista en p\u00e1ginas de destino<\/h2>\n                <p>\n  El curso de formaci\u00f3n de Especialista en optimizaci\u00f3n de p\u00e1ginas de aterrizaje consta de 18 lecciones, m\u00e1s de 200\n  lecciones y 18 ex\u00e1menes intermedios. Pudimos centrarnos en los temas de: Contenido,\n  Titulares, im\u00e1genes, formularios, dise\u00f1o, conversi\u00f3n, nutrici\u00f3n de clientes potenciales, capas,\n  Generaci\u00f3n de hip\u00f3tesis y herramientas. Nos encantan las p\u00e1ginas de aterrizaje bien hechas y nuestros clientes\n  beneficiarse de nuestros conocimientos sobre p\u00e1ginas de aterrizaje.\n                <\/p>\n                <button class=\"read-more\" type=\"button\">M\u00e1s<\/button>\n            <\/div>\n            <div class=\"cert\">\n                <figure>\n                    <img loading=\"lazy\" decoding=\"async\" src=\"\/media\/content\/certifications\/wortliga-zertifiert-online-texter-in.webp\" width=\"133\" height=\"133\" alt=\"Certified - Wortliga - Redactor en l\u00ednea\"\/>\n                <\/figure>\n                <h2 class=\"h4\">Liga de palabras<\/h2>\n                <p>\n  En nuestra empresa trabajan redactores en l\u00ednea certificados. Perfeccionamiento de la Wortliga\n  consta de 30 lecciones y un examen final. Ahora podemos ofrecerle informaci\u00f3n a\u00fan m\u00e1s comprensible.\n  Redactar contenidos y aplicar el modelo de comprensibilidad de Hamburgo. Tambi\u00e9n participamos activamente en\n  capaz de escribir textos estructurados y emp\u00e1ticos que capten la atenci\u00f3n de sus lectores y\n  Gane un lector.\n                <\/p>\n                <button class=\"read-more\" type=\"button\">M\u00e1s<\/button>\n            <\/div>\n            <div class=\"cert\">\n                <figure>\n                    <img loading=\"lazy\" decoding=\"async\" src=\"\/media\/content\/certifications\/ryte-expert.webp\" width=\"235\" height=\"80\" alt=\"Experto en RYTE\"\/>\n                <\/figure>\n                <h2 class=\"h4\">Experto en RYTE<\/h2>\n                <p>\n  Para obtener el sello Ryte Expert, nos sometimos a una jornada de formaci\u00f3n en el \u00e1rea de onpage.\n  La formaci\u00f3n se intercal\u00f3 con valiosos consejos y trucos. Adem\u00e1s de la mediaci\u00f3n de\n  Tambi\u00e9n pudimos compartir con los ponentes conocimientos b\u00e1sicos sobre los factores on-page en un site clinic.\n  por encima del hombro. Tambi\u00e9n aprendimos cosas interesantes.\n  No hace falta decir que asistimos a todos los eventos de SEO relevantes a lo largo del a\u00f1o para demostrar nuestra experiencia en el sector.\n  Queremos seguir expandi\u00e9ndonos en el \u00e1rea de onpage y no dormirnos en los laureles.\n                <\/p>\n                <button class=\"read-more\" type=\"button\">M\u00e1s<\/button>\n            <\/div>\n            <div class=\"cert\">\n                <figure>\n                    <img loading=\"lazy\" decoding=\"async\" src=\"\/media\/content\/certifications\/afs-absolvent-suchmaschienenoptimierung.svg\" width=\"200\" height=\"82\" alt=\"afs - Graduado del curso de formaci\u00f3n avanzada - Optimizaci\u00f3n de motores de b\u00fasqueda\"\/>\n                <\/figure>\n                <h2 class=\"h4\">Graduado AFS<\/h2>\n                <p>\n  El programa de certificaci\u00f3n SEO tiene una duraci\u00f3n de seis meses. Consta de los seis m\u00f3dulos siguientes:\n  Conceptos b\u00e1sicos de SEO, estrategia de palabras clave, optimizaci\u00f3n on-page, optimizaci\u00f3n off-page, an\u00e1lisis web y usabilidad y\n  M\u00f3vil y Derecho. Hay que aprobar seis ex\u00e1menes intermedios y un examen principal.\n  La formaci\u00f3n en SEO es especialmente importante para nosotros porque queremos asesorar bien a nuestros clientes.\n  impulsar su visibilidad. La participaci\u00f3n en el programa de formaci\u00f3n de la AFS confirma nuestra experiencia.\n                <\/p>\n                <button class=\"read-more\" type=\"button\">M\u00e1s<\/button>\n            <\/div>\n            <div class=\"cert\">\n                <figure>\n                    <img loading=\"lazy\" decoding=\"async\" src=\"\/media\/content\/certifications\/afs-plus-zertifikat-diamant-managing-consultant.webp\" width=\"133\" height=\"133\" alt=\"afs - Certificado - Consultor Gerente - Diamant\"\/>\n                <\/figure>\n                <h2 class=\"h4\">Certificado de formaci\u00f3n AFS<\/h2>\n                <p>\n  Sin excepci\u00f3n, todos los empleados de impulsQ GmbH entrenan activamente con el servicio de streaming afs+ en el\n  temas SEO, contenidos, conversi\u00f3n, marketing de contenidos, redes sociales, dise\u00f1o, UX, digital y anuncios.\n  La Academia de Formaci\u00f3n Avanzada en SEO organiza el seguimiento mensual de nuestros empleados.\n  Cada semana se suben v\u00eddeos certificados y nuevos de inter\u00e9s. Nos mantenemos alerta. Todos.\n  Para nuestros clientes. Por nosotros mismos. Porque nos encanta lo que hacemos.\n                <\/p>\n                <button class=\"read-more\" type=\"button\">M\u00e1s<\/button>\n            <\/div>\n        <\/div>\n\n    <\/div>\n<\/div>\n","protected":false},"excerpt":{"rendered":"<p>Certificaci\u00f3n No gaste su presupuesto en\u00a1cualquier mano! Somos expertos en marketing online. No porque nos guste ponernos en un pedestal, sino porque trabajamos a diario en nuestros conocimientos y tenemos mucha experiencia. No nos gusta hablar, pero hazlo. Con nosotros sacar\u00e1 el m\u00e1ximo partido a su presupuesto. La experiencia es la clave Consulta inicial gratuita [&hellip;]<\/p>\n","protected":false},"author":1,"featured_media":0,"parent":0,"menu_order":1,"comment_status":"closed","ping_status":"closed","template":"template-bright.php","meta":{"_acf_changed":false,"_uag_custom_page_level_css":"","footnotes":""},"class_list":["post-420","page","type-page","status-publish","hentry"],"acf":[],"uagb_featured_image_src":{"full":false,"thumbnail":false,"medium":false,"medium_large":false,"large":false,"1536x1536":false,"2048x2048":false,"magazin-single":false,"magazin-single-2x":false,"magazin-big":false,"magazin-big-2x":false,"magazin-medium":false,"magazin-medium-2x":false,"magazin-small":false,"magazin-small-2x":false,"magazin-phone":false,"magazin-phone-2x":false,"onboarding_mobile":false,"onboarding_mobile_retina":false},"uagb_author_info":{"display_name":"impulsQ GmbH","author_link":"https:\/\/impulsq.de\/es\/author\/vanessa\/"},"uagb_comment_info":0,"uagb_excerpt":"Certificaci\u00f3n No gaste su presupuesto en\u00a1cualquier mano! Somos expertos en marketing online. No porque nos guste ponernos en un pedestal, sino porque trabajamos a diario en nuestros conocimientos y tenemos mucha experiencia. No nos gusta hablar, pero hazlo. Con nosotros sacar\u00e1 el m\u00e1ximo partido a su presupuesto. La experiencia es la clave Consulta inicial gratuita&hellip;","_links":{"self":[{"href":"https:\/\/impulsq.de\/es\/wp-json\/wp\/v2\/pages\/420","targetHints":{"allow":["GET"]}}],"collection":[{"href":"https:\/\/impulsq.de\/es\/wp-json\/wp\/v2\/pages"}],"about":[{"href":"https:\/\/impulsq.de\/es\/wp-json\/wp\/v2\/types\/page"}],"author":[{"embeddable":true,"href":"https:\/\/impulsq.de\/es\/wp-json\/wp\/v2\/users\/1"}],"replies":[{"embeddable":true,"href":"https:\/\/impulsq.de\/es\/wp-json\/wp\/v2\/comments?post=420"}],"version-history":[{"count":1,"href":"https:\/\/impulsq.de\/es\/wp-json\/wp\/v2\/pages\/420\/revisions"}],"predecessor-version":[{"id":422,"href":"https:\/\/impulsq.de\/es\/wp-json\/wp\/v2\/pages\/420\/revisions\/422"}],"wp:attachment":[{"href":"https:\/\/impulsq.de\/es\/wp-json\/wp\/v2\/media?parent=420"}],"curies":[{"name":"wp","href":"https:\/\/api.w.org\/{rel}","templated":true}]}}