{"id":423,"date":"2024-01-24T12:44:15","date_gmt":"2024-01-24T12:44:15","guid":{"rendered":"https:\/\/impulsq.de\/digitalpr-para-empresas-de-nueva-creacion\/"},"modified":"2024-01-30T13:54:43","modified_gmt":"2024-01-30T13:54:43","slug":"digitalpr-para-empresas-de-nueva-creacion","status":"publish","type":"page","link":"https:\/\/impulsq.de\/es\/casos-practicos\/digitalpr-para-empresas-de-nueva-creacion\/","title":{"rendered":"DigitalPR para empresas de nueva creaci\u00f3n"},"content":{"rendered":"\n<div class=\"section references main-color darken-background pb-3\">\n    <div class=\"wrap\">\n\n        <h1 class=\"h1\">Estudio de caso para una start-up<\/h1>\n        <h2 class=\"h2\">\n  En cuatro semanas, <span class=\"highlight\">56 medios de<\/span> comunicaci\u00f3n informaron sobre nuestros clientes.<br\/>\n  Recibir backlinks <span class=\"highlight\">por valor de 26.155 euros<\/span> <br\/>\n  Incluidas las televisiones regionales y los peri\u00f3dicos digitales\n        <\/h2>\n\n    <\/div>\n<div class=\"wrap\">\n\n        <a href=\"#calendly\" class=\"btn dark\">Sheesh. Tambi\u00e9n tengo algunos trabajos de SEO para usted<\/a>\n\n    <\/div>\n<\/div>\n\n<div class=\"section references top-box\">\n    <div class=\"wrap\">\n\n        <div class=\"box\">\n            <div class=\"additional-info\">Cuando la RPD Digital realmente estalla<\/div>\n            <ul class=\"row\">\n                <li>\n                    <span class=\"percentage-raise\">500 %<\/span>\n  Aumento de los dominios de referencia\n                <\/li>\n                <li>\n                    <span class=\"percentage-raise\">41<\/span>\n  Valoraci\u00f3n media del dominio\n                <\/li>\n                <li>\n                    <span class=\"percentage-raise\">680.141<\/span>\n  Alcance de los medios de comunicaci\u00f3n\n                <\/li>\n                <li>\n                    <span class=\"percentage-raise\">56<\/span>\n  Enlaces generados\n                <\/li>\n            <\/ul>\n        <\/div>\n\n    <\/div>\n<\/div>\n\n<div class=\"section references pt-2 pb-2\">\n    <div class=\"wrap\">\n\n        <h2 class=\"h2\">Lanzamiento del producto. Bajo presupuesto.<br\/>  La historia de una start-up.<\/h2>\n\n        <p>\n  Despu\u00e9s de cuatro meses, hab\u00eda llegado el momento. Nuestro cliente ha lanzado su producto. \u00a1Hurra! Todos lo sabemos,\n  qu\u00e9 gran sensaci\u00f3n es esa. Sin embargo, un producto es tan bueno como su marketing.<br\/>\n  Y el marketing cuesta dinero.\n        <\/p>\n        <p>\n  El cliente ha creado su empresa sin financiaci\u00f3n externa. El presupuesto de marketing era, en consecuencia, bajo.\n  Al mismo tiempo, el cliente ten\u00eda grandes expectativas puestas en nuestra campa\u00f1a de relaciones p\u00fablicas digitales. Menciones en diversos medios de comunicaci\u00f3n.\n  Si es posible, cada uno con un enlace a su p\u00e1gina de producto. Y ten\u00eda que ser barato.\n  \u00bfLo hemos dicho ya? \ud83d\ude00\n        <\/p>\n        <p>\n  Pero no fue tan malo despu\u00e9s de todo. Al fin y al cabo, nos dio 15.000 euros para resolver el problema.\n  disponibles. Su objetivo principal: el cliente quiere utilizar las menciones en los medios de comunicaci\u00f3n para aumentar\n  Aprovechar la reputaci\u00f3n del producto. El cl\u00e1sico enfoque \u00abconocido de\u00bb. No es mala idea, porque nuestras pruebas han\n  ha demostrado que esto puede aumentar la conversi\u00f3n. Su objetivo secundario &#8211;\n  Nuestro cliente a\u00fan no ha pensado en la optimizaci\u00f3n para motores de b\u00fasqueda. Las prioridades eran\n  desarrollo de productos. Comprensible. Sin embargo, conoce el poder de los backlinks, ya que uno de los\n  factores de clasificaci\u00f3n m\u00e1s importantes. Como resultado de nuestra campa\u00f1a de relaciones p\u00fablicas digitales, tambi\u00e9n se ha convertido como\n  muchos enlaces dofollow deseados. Empresas de medios de comunicaci\u00f3n como Axel Springer SE o FUNKE Media Group\n  normalmente s\u00f3lo enlazan con el atributo nofollow, si es que lo hacen. Por estas razones, el cliente\n  Aceptamos presentar el lanzamiento del producto a los periodistas, donde pudimos beneficiarnos de un\n  enlaces dofollow.\n        <\/p>\n        <p>\n            <strong>Perfecto: se dan las condiciones marco.<\/strong><br\/>\n  Ahora est\u00e1 a tope. Ahora es el momento de superar los l\u00edmites de lo posible. Podemos hacerlo.\n        <\/p>\n\n    <\/div>\n<\/div>\n\n<div class=\"section extreme-invert references pt-2 pb-2\">\n    <div class=\"wrap\">\n\n        <figure class=\"logo-overlap-slider\">\n            <div class=\"slider-outer\">\n                <div class=\"slider\">\n                    <div class=\"item\">\n                        <div class=\"item-inner\">\n                            <img loading=\"lazy\" decoding=\"async\" src=\"\/media\/content\/case-studie\/startup\/unternehmer-de.webp\" width=\"230\" height=\"51\" alt=\"Unternehmen.de - Noticias, conocimientos especializados, consejos pr\u00e1cticos\"\/>\n                        <\/div>\n                    <\/div>\n                    <div class=\"item\">\n                        <div class=\"item-inner\">\n                            <img loading=\"lazy\" decoding=\"async\" src=\"\/media\/content\/case-studie\/startup\/media-steak.webp\" width=\"205\" height=\"46\" alt=\"media chuleta\"\/>\n                        <\/div>\n                    <\/div>\n                    <div class=\"item\">\n                        <div class=\"item-inner\">\n                            <img loading=\"lazy\" decoding=\"async\" src=\"\/media\/content\/case-studie\/startup\/pader-zeitung.webp\" width=\"195\" height=\"30\" alt=\"PaderPeri\u00f3dico\"\/>\n                        <\/div>\n                    <\/div>\n                    <div class=\"item\">\n                        <div class=\"item-inner\">\n                            <img loading=\"lazy\" decoding=\"async\" src=\"\/media\/content\/case-studie\/startup\/paderborner-zeitung.webp\" width=\"118\" height=\"118\" alt=\"Diario de Paderborn\"\/>\n                        <\/div>\n                    <\/div>\n                    <div class=\"item\">\n                        <div class=\"item-inner\">\n                            <img loading=\"lazy\" decoding=\"async\" src=\"\/media\/content\/case-studie\/startup\/mittelstand-in-bayern.webp\" width=\"255\" height=\"44\" alt=\"Mittelstand in Bayern - La revista empresarial en l\u00ednea\"\/>\n                        <\/div>\n                    <\/div>\n                    <div class=\"item\">\n                        <div class=\"item-inner\">\n                            <img loading=\"lazy\" decoding=\"async\" src=\"\/media\/content\/case-studie\/startup\/wndn.webp\" width=\"185\" height=\"36\" alt=\"wndn.de\"\/>\n                        <\/div>\n                    <\/div>\n                    <div class=\"item\">\n                        <div class=\"item-inner\">\n                            <img loading=\"lazy\" decoding=\"async\" src=\"\/media\/content\/case-studie\/startup\/deutsche-wirtschaftsnachrichten.webp\" width=\"255\" height=\"51\" alt=\"Noticias empresariales alemanas\"\/>\n                        <\/div>\n                    <\/div>\n                    <div class=\"item\">\n                        <div class=\"item-inner\">\n                            <img loading=\"lazy\" decoding=\"async\" src=\"\/media\/content\/case-studie\/startup\/online-marketing.webp\" width=\"148\" height=\"85\" alt=\"onlinemarketing.com\"\/>\n                        <\/div>\n                    <\/div>\n                    <div class=\"item\">\n                        <div class=\"item-inner\">\n                            <img loading=\"lazy\" decoding=\"async\" src=\"\/media\/content\/case-studie\/startup\/njuuz.webp\" width=\"125\" height=\"65\" alt=\"njuzz\"\/>\n                        <\/div>\n                    <\/div>\n                    <div class=\"item\">\n                        <div class=\"item-inner\">\n                            <img loading=\"lazy\" decoding=\"async\" src=\"\/media\/content\/case-studie\/startup\/euregio-aktuell.webp\" width=\"156\" height=\"51\" alt=\"Noticias de la Euregio\"\/>\n                        <\/div>\n                    <\/div>\n                    <div class=\"item\">\n                        <div class=\"item-inner\">\n                            <img loading=\"lazy\" decoding=\"async\" src=\"\/media\/content\/case-studie\/startup\/kino-co-news.webp\" width=\"208\" height=\"70\" alt=\"cinema &#038; co - Bolet\u00edn de noticias\"\/>\n                        <\/div>\n                    <\/div>\n                    <div class=\"item\">\n                        <div class=\"item-inner\">\n                            <img loading=\"lazy\" decoding=\"async\" src=\"\/media\/content\/case-studie\/startup\/ausbildungsaltas.webp\" width=\"238\" height=\"31\" alt=\"Atlas de la formaci\u00f3n\"\/>\n                        <\/div>\n                    <\/div>\n                    <div class=\"item\">\n                        <div class=\"item-inner\">\n                            <img loading=\"lazy\" decoding=\"async\" src=\"\/media\/content\/case-studie\/startup\/lehrlings-portal.webp\" width=\"213\" height=\"41\" alt=\"lehrlingsportal.at\"\/>\n                        <\/div>\n                    <\/div>\n                    <div class=\"item\">\n                        <div class=\"item-inner\">\n                            <img loading=\"lazy\" decoding=\"async\" src=\"\/media\/content\/case-studie\/startup\/moritz-stadtmagazin.webp\" width=\"248\" height=\"36\" alt=\"Moritz - La revista de la ciudad\"\/>\n                        <\/div>\n                    <\/div>\n                <\/div>\n            <\/div>\n            <div class=\"overlap\">\n                <strong>\u00bfQu\u00e9 medios de comunicaci\u00f3n se han hecho eco de la puesta en marcha?<\/strong>\n                <span>Extracto<\/span>\n            <\/div>\n        <\/figure>\n\n    <\/div>\n<\/div>\n\n<div class=\"section references pb-2\">\n    <div class=\"wrap\">\n\n        <div class=\"media-article box-media\">\n            <div class=\"content\">\n                <h2 class=\"h3\">Resuelve el reto.<br\/>  Haga felices a los clientes. Impulso t\u00edpicoQ.<\/h2>\n                <p>\n  Afortunadamente, no s\u00f3lo nos dedicamos a las relaciones p\u00fablicas digitales y la creaci\u00f3n de enlaces desde ayer.\n  La experiencia es nuestra ventaja. En los \u00faltimos a\u00f1os, hemos podido crear una red de m\u00e1s de\n  m\u00e1s de 250 000 periodistas. Podemos utilizar la red para la campa\u00f1a.\n                <\/p>\n                <p>\n  S\u00f3lo tenemos que reunir un grupo de trabajo y empezar a planificar inmediatamente.\n  Dicho &#8211; hecho. Nombramiento del director del proyecto. equipo de tres especialistas en divulgaci\u00f3n.\n  Editores informados.\n                <\/p>\n                <p>\n  El objetivo: contactar con los periodistas m\u00e1s simp\u00e1ticos y directos y\n  plantear la historia a desarrollar. Si lo hacemos bien, nuestros clientes deber\u00edan poder\n  recibir al menos 50 menciones y backlinks en cuatro semanas.\n                <\/p>\n            <\/div>\n            <div class=\"media\">\n                <div class=\"headline\">Apoyar con \u00e9xito el lanzamiento de productos mediante las relaciones p\u00fablicas digitales<\/div>\n                <ul class=\"raise-list\">\n                    <li>\n                        <span class=\"label\">Enlaces generados<\/span>\n                        <span class=\"value\">56<\/span>\n                    <\/li>\n                    <li>\n                        <span class=\"label\">Calificaci\u00f3n del dominio<\/span>\n                        <span class=\"value\">52 <span class=\"from\">de 31<\/span><\/span>\n                        <span class=\"raise\">+69 %<\/span>\n                    <\/li>\n                    <li>\n                        <span class=\"label\">Plazo<\/span>\n                        <span class=\"value\">4 semanas<\/span>\n                    <\/li>\n                    <li>\n                        <span class=\"label\">Presupuesto<\/span>\n                        <span class=\"value\">15.000 \u20ac<\/span>\n\n                    <\/li>\n                <\/ul>\n                <ul class=\"metas\">\n                    <li>\n                        <span class=\"label\">Cliente desde<\/span>\n                        <span class=\"value\">Abril de 2023 &#8211; hoy<\/span>\n                    <\/li>\n                    <li>\n                        <span class=\"label\">Cliente<\/span>\n                        <span class=\"value\">StartUp<\/span>\n                    <\/li>\n                <\/ul>\n            <\/div>\n        <\/div>\n\n    <\/div>\n<\/div>\n\n<div class=\"section references main-color darken-background pt-2 pb-2\">\n    <div class=\"wrap\">\n\n        <h2 class=\"h2\">Cuatro pasos hacia el \u00e9xito<br\/>  Campa\u00f1a de relaciones p\u00fablicas digitales<\/h2>\n\n        <div class=\"read-more-articles plus-icons\">\n            <div class=\"article has-more\" data-modal-mode=\"read-more\" data-modal-theme=\"references\">\n                <h4 class=\"headline\">Reunir un grupo de trabajo<\/h4>\n                <p>\n  El equipo es crucial. No quer\u00edamos hacer concesiones ni correr riesgos por el trabajo.\n  Para ello se form\u00f3 un equipo compuesto exclusivamente por \u00abseniors\u00bb. Nuestro Jefe de Proyecci\u00f3n Exterior est\u00e1 a cargo\n  adoptado. Mientras tanto, el gestor de cuentas manten\u00eda un di\u00e1logo constante con el cliente.\n  La comunicaci\u00f3n es lo m\u00e1s importante.\n                <\/p>\n                <button type=\"button\">M\u00e1s<\/button>\n            <\/div>\n\n            <div class=\"article has-more\" data-modal-mode=\"read-more\" data-modal-theme=\"references\">\n                <h4 class=\"headline\">Elaborar la historia<\/h4>\n                <p>\n  Lluvia de ideas. Los clientes viven para su producto. Las propiedades y ventajas del producto son\n  Los periodistas, sin embargo, carecen por completo de inter\u00e9s. El factor decisivo es la historia. No importa lo \u00ababurrido\u00bb\n  producto o servicio, siempre hay una historia apasionante que contar.\n  construir. Tambi\u00e9n hemos tenido \u00e9xito con el cliente. La historia est\u00e1 ambientada. Ahora es la divulgaci\u00f3n.\n                <\/p>\n                <button type=\"button\">M\u00e1s<\/button>\n            <\/div>\n\n            <div class=\"article has-more\" data-modal-mode=\"read-more\" data-modal-theme=\"references\">\n                <h4 class=\"headline\">Presentar una historia<\/h4>\n                <p>\n  M\u00e1s de 250.000 contactos. El tiempo se acaba. Cada uno de los miembros del grupo de trabajo ha identificado las m\u00e1s prometedoras\n  Periodistas contactados. Por tel\u00e9fono. Por correo. En muy poco tiempo, el equipo ha\n  500 l\u00edderes de opini\u00f3n alcanzados. Algunos no estaban localizables. Otros quer\u00edan trabajar para una\n  Dinero de publicaci\u00f3n. Algunos no estaban interesados. Todo es completamente normal. La divulgaci\u00f3n es extrema\n  y est\u00e1 dominado por el trabajo duro. Por otro lado, llegaron las primeras aceptaciones.\n  Eso nos motiva, por supuesto. El equipo trabaj\u00f3 hasta altas horas de la noche para convencer\n  con los periodistas.\n                <\/p>\n                <button type=\"button\">M\u00e1s<\/button>\n            <\/div>\n\n            <div class=\"article has-more\" data-modal-mode=\"read-more\" data-modal-theme=\"references\">\n                <h4 class=\"headline\">Crear informes + debriefing<\/h4>\n                <p>\n  Bien hecho. Preparamos los \u00e9xitos conseguidos para el cliente y los presentamos en el debriefing.\n  presentado. Las cuestiones abiertas pudieron aclararse de forma constructiva y al final pudimos\n  Esta fruct\u00edfera colaboraci\u00f3n nos ha permitido vincular a otro cliente a impulsQ GmbH a largo plazo.\n  No por los contratos, sino por la satisfacci\u00f3n.\n                <\/p>\n                <button type=\"button\">M\u00e1s<\/button>\n            <\/div>\n        <\/div>\n\n    <\/div>\n<\/div>\n\n<div class=\"section references pt-2\">\n    <div class=\"wrap\">\n\n        <h2 class=\"h1\">Por qu\u00e9 el cliente aprecia la colaboraci\u00f3n<\/h2>\n        <blockquote class=\"big\">\n  Pude hablar abiertamente de mis expectativas<br\/>\n  a la campa\u00f1a. Me escucharon.<br\/>\n  Se presentaron soluciones.<br\/>\n  Se superaron mis expectativas.\n        <\/blockquote>\n        <p>\n  En realidad, impulsQ deber\u00eda llamarse impulsU. \u00abU\u00bb de sin complicaciones. Desde el principio\n  Me sent\u00ed muy bien atendido hasta el final de la campa\u00f1a. Pude hablar abiertamente de mis expectativas sobre la campa\u00f1a.\n  hablar. Me escucharon. Se presentaron soluciones. Se superaron mis expectativas. \u00bfExiste\n  no tan a menudo en el panorama de las agencias. Gracias.\n        <\/p>\n\n        <div class=\"person\">\n            <div class=\"name\">Stephan H.<\/div>\n            <div class=\"position\">Director general y accionista de una empresa emergente<\/div>\n        <\/div>\n\n    <\/div>\n<\/div>\n\n<div class=\"section references pt-2 pb-0\">\n    <div class=\"wrap\">\n\n        <div class=\"chart\">\n            <h2 class=\"headline\">Medios de comunicaci\u00f3n<\/h2>\n            <img decoding=\"async\" src=\"\/media\/content\/case-studie\/charts\/startup-media.webp\" alt=\"\"\/>\n        <\/div>\n\n    <\/div>\n<\/div>\n<div class=\"section references pb-2\">\n    <div class=\"wrap\">\n\n        <div class=\"cert-row\">\n            <div class=\"c50\">\n                <div class=\"chart\">\n                    <h2 class=\"headline\">Visitantes al mes<\/h2>\n                    <img decoding=\"async\" src=\"\/media\/content\/case-studie\/charts\/startup-vistors-per-month.webp\" alt=\"\"\/>\n                <\/div>\n            <\/div>\n            <div class=\"c50\">\n                <div class=\"chart\">\n                    <h2 class=\"headline\">SI + DR + Medios de comunicaci\u00f3n<\/h2>\n                    <img decoding=\"async\" src=\"\/media\/content\/case-studie\/charts\/startup-sr-dr-media.webp\" alt=\"\"\/>\n                <\/div>\n            <\/div>\n        <\/div>\n\n    <\/div>\n<\/div>\n\n<div class=\"section references\">\n    <div class=\"wrap\">\n\n        <h2 class=\"h1\">Resultados presentables<\/h2>\n        <h3 class=\"h2\">El cliente ha ahorrado 13.255 euros.<\/h3>\n        <p>\n  \u00bfTe acuerdas? Al principio del estudio de caso, hablamos de un presupuesto de 15.000 euros.\n  Buenas noticias para el cliente. No hemos agotado el presupuesto. Tenemos un total de 12.900 euros\n  se facturar\u00e1. No est\u00e1 mal.\n        <\/p>\n        <p>\n            <strong>\u00bfQu\u00e9 ha recibido el cliente a cambio?<\/strong><br\/>\n  Recibimos un total de 56 publicaciones en cuatro semanas. Incluidos 25 peri\u00f3dicos en l\u00ednea,\n  17 medios de comunicaci\u00f3n especializados, 11 revistas empresariales, 2 cadenas de televisi\u00f3n regionales y una emisora de radio. Todo publicado\n  ha sido redactado por nuestro equipo editorial interno. Esto no tiene precedentes. Gracias a los excelentes contactos\n  colocamos un enlace al cliente en cada art\u00edculo. Dofollow. Por t\u00e9rmino medio, los backlinks ten\u00edan un\n  valoraci\u00f3n de dominio de 41 y una visibilidad de 14. Hubi\u00e9ramos preferido que la historia del cliente\n  Medios de comunicaci\u00f3n. Por desgracia, sin garantizar enlaces dofollow y muchas publicaciones\n  puede. Pero eso era exactamente lo que quer\u00eda el cliente. El resultado es impresionante. Seg\u00fan Linkalyse.com\n  el contravalor de las 56 publicaciones generadas por nosotros es de 26.155 euros. El cliente ha pagado\n  pero s\u00f3lo 12.900 euros. Por tanto, ha ahorrado un 51% en comparaci\u00f3n con la compra individual.\n        <\/p>\n        <p>\n  Cliente contento. ImpulsQ feliz.\n        <\/p>\n\n    <\/div>\n<\/div>\n\n<div class=\"section references pt-2 pb-2\" id=\"calendly\">\n    <div class=\"wrap\">\n\n        <h2 class=\"h1\">Elija ya una fecha de lanzamiento<\/h2>\n        <h3 class=\"h2\">SEO de la mano de expertos en SEO<\/h3>\n        <p>\n  \u00bfLe ha gustado nuestro caso pr\u00e1ctico de SEO? \u00bfSientes curiosidad? Tambi\u00e9n podemos ofrecerle estos resultados\n  conseguir. A continuaci\u00f3n puede inscribirse para una consulta inicial gratuita. Estamos deseando verle.\n        <\/p>\n        <h3 class=\"h4\">Seleccione una franja horaria libre<\/h3>\n         <div class=\"brlbs-cmpnt-container brlbs-cmpnt-content-blocker brlbs-cmpnt-with-individual-styles\" data-borlabs-cookie-content-blocker-id=\"calendly\" data-borlabs-cookie-content=\"PGlmcmFtZSBjbGFzcz0iYXBwb2ludG1lbnQtaWZyYW1lIiBzcmM9Imh0dHBzOi8vY2FsZW5kbHkuY29tL2ltcHVsc3Evc29jaWFsLW1lZGlhIiB3aWR0aD0iNjAwIiBoZWlnaHQ9IjQxMCI+PC9pZnJhbWU+\"><div class=\"brlbs-cmpnt-cb-preset-a\"> <p class=\"brlbs-cmpnt-cb-description\">Est\u00e1 viendo un contenido provisional de <strong>Calendly<\/strong>. Para acceder al contenido real, haga clic en el bot\u00f3n de abajo. Tenga en cuenta que al hacerlo se transmitir\u00e1n datos a terceros.<\/p> <div class=\"brlbs-cmpnt-cb-buttons\"> <a class=\"brlbs-cmpnt-cb-btn\" href=\"#\" data-borlabs-cookie-unblock role=\"button\">Desbloquear contenido<\/a> <a class=\"brlbs-cmpnt-cb-btn\" href=\"#\" data-borlabs-cookie-accept-service role=\"button\" style=\"display: <m id=\"3\">&quot;&gt;Aceptar el servicio necesario y desbloquear el contenido<\/a> <\/div> <a class=\"brlbs-cmpnt-cb-provider-toggle\" href=\"#\" data-borlabs-cookie-show-provider-information role=\"button\">M\u00e1s informaci\u00f3n<\/a> <\/div><\/div>\n\n    <\/div>\n<\/div>\n","protected":false},"excerpt":{"rendered":"<p>Estudio de caso para una start-up En cuatro semanas, 56 medios de comunicaci\u00f3n informaron sobre nuestros clientes. Recibir backlinks por valor de 26.155 euros Incluidas las televisiones regionales y los peri\u00f3dicos digitales Sheesh. Tambi\u00e9n tengo algunos trabajos de SEO para usted Cuando la RPD Digital realmente estalla 500 % Aumento de los dominios de referencia [&hellip;]<\/p>\n","protected":false},"author":1,"featured_media":0,"parent":474,"menu_order":0,"comment_status":"closed","ping_status":"closed","template":"template-bright.php","meta":{"_acf_changed":false,"_uag_custom_page_level_css":"","footnotes":""},"class_list":["post-423","page","type-page","status-publish","hentry"],"acf":[],"uagb_featured_image_src":{"full":false,"thumbnail":false,"medium":false,"medium_large":false,"large":false,"1536x1536":false,"2048x2048":false,"magazin-single":false,"magazin-single-2x":false,"magazin-big":false,"magazin-big-2x":false,"magazin-medium":false,"magazin-medium-2x":false,"magazin-small":false,"magazin-small-2x":false,"magazin-phone":false,"magazin-phone-2x":false,"onboarding_mobile":false,"onboarding_mobile_retina":false},"uagb_author_info":{"display_name":"impulsQ GmbH","author_link":"https:\/\/impulsq.de\/es\/author\/vanessa\/"},"uagb_comment_info":0,"uagb_excerpt":"Estudio de caso para una start-up En cuatro semanas, 56 medios de comunicaci\u00f3n informaron sobre nuestros clientes. Recibir backlinks por valor de 26.155 euros Incluidas las televisiones regionales y los peri\u00f3dicos digitales Sheesh. Tambi\u00e9n tengo algunos trabajos de SEO para usted Cuando la RPD Digital realmente estalla 500 % Aumento de los dominios de referencia&hellip;","_links":{"self":[{"href":"https:\/\/impulsq.de\/es\/wp-json\/wp\/v2\/pages\/423","targetHints":{"allow":["GET"]}}],"collection":[{"href":"https:\/\/impulsq.de\/es\/wp-json\/wp\/v2\/pages"}],"about":[{"href":"https:\/\/impulsq.de\/es\/wp-json\/wp\/v2\/types\/page"}],"author":[{"embeddable":true,"href":"https:\/\/impulsq.de\/es\/wp-json\/wp\/v2\/users\/1"}],"replies":[{"embeddable":true,"href":"https:\/\/impulsq.de\/es\/wp-json\/wp\/v2\/comments?post=423"}],"version-history":[{"count":2,"href":"https:\/\/impulsq.de\/es\/wp-json\/wp\/v2\/pages\/423\/revisions"}],"predecessor-version":[{"id":706,"href":"https:\/\/impulsq.de\/es\/wp-json\/wp\/v2\/pages\/423\/revisions\/706"}],"up":[{"embeddable":true,"href":"https:\/\/impulsq.de\/es\/wp-json\/wp\/v2\/pages\/474"}],"wp:attachment":[{"href":"https:\/\/impulsq.de\/es\/wp-json\/wp\/v2\/media?parent=423"}],"curies":[{"name":"wp","href":"https:\/\/api.w.org\/{rel}","templated":true}]}}