{"id":424,"date":"2024-01-08T12:42:15","date_gmt":"2024-01-08T12:42:15","guid":{"rendered":"https:\/\/impulsq.de\/quienes-somos\/sociedad-de-cartera\/"},"modified":"2024-01-26T18:01:43","modified_gmt":"2024-01-26T18:01:43","slug":"sociedad-de-cartera","status":"publish","type":"page","link":"https:\/\/impulsq.de\/es\/sociedad-de-cartera\/","title":{"rendered":"Sociedad de cartera"},"content":{"rendered":"\n<div class=\"section about-us media-content-header main-color\">\n    <figure class=\"media\">\n        <img loading=\"lazy\" decoding=\"async\" src=\"\/media\/header\/holding.webp\" width=\"7680\" height=\"2180\" alt=\"\"\/>\n    <\/figure>\n    <div class=\"content\">\n        <div class=\"wrap\">\n            <h1 class=\"h1\">Sociedad de cartera<\/h1>\n            <h2 class=\"h2 light\">Con especial atenci\u00f3n a los novatos digitales.<br\/>Al estilo de una oficina familiar.<\/h2>\n            <p>\n  Valores compartidos. Oportunidades individuales. Cambiar las cosas juntos.<br\/>\n  Estamos invirtiendo en la cadena de valor digital.\n            <\/p>\n            <p>\n                <a class=\"btn\" href=\"#calendly\">Consulta inicial gratuita<\/a>\n            <\/p>\n        <\/div>\n    <\/div>\n<\/div>\n\n<div class=\"section about-us pt-2 pb-0\">\n    <div class=\"wrap\">\n\n        <h2 class=\"h1\">Damos forma a las empresas<\/h2>\n        <h3 class=\"h2\">Estamos orgullosos de apoyar a los fundadores<br\/>con los que trabajamos desde el primer d\u00eda.<\/h3>\n        <p>\n  Desarrollamos equipos de start-ups, sin dictados y siempre a la altura de los ojos.<br\/>\n  Y sin interferir en la independencia.\n        <\/p>\n    <\/div>\n<\/div>\n<div class=\"section pb-2 pt-0\">\n    <div class=\"wrap\">\n\n        <div class=\"mini-article odd-amount\">\n            <div class=\"article\">\n                <img loading=\"lazy\" decoding=\"async\" src=\"\/media\/content\/holding\/shared-resources.webp\" width=\"1456\" height=\"600\" alt=\"\"\/>\n                <h4 class=\"headline\">Recursos compartidos<\/h4>\n                <p>\n  Juntos conseguimos mejores resultados. Como parte de nuestra familia, tiene acceso a toda la\n  Experiencia de impulsQ GmbH. Nuestro equipo est\u00e1 formado por expertos en marketing online y programadores,\n  Redactores, comerciales, dise\u00f1adores web y estrategas. Crecer es divertido &#8211; juntos lo es\n  muchas veces m\u00e1s hermosa.\n                <\/p>\n            <\/div>\n            <div class=\"article\">\n                <img loading=\"lazy\" decoding=\"async\" src=\"\/media\/content\/holding\/founder-focused.webp\" width=\"1454\" height=\"600\" alt=\"\"\/>\n                <h4 class=\"headline\">Centrado en el fundador<\/h4>\n                <p>\n  Buscamos emprendedores. Personas con visi\u00f3n de futuro. Fundadores valientes. Apoyamos y\n  desarrollarse como director general. Tienes acceso a un grupo de expertos.\n  Para ayudarte. Que te explican y ense\u00f1an cosas en forma de transferencia abierta de conocimientos.\n  No invertimos principalmente en empresas. Invertimos en ti. Porque pensamos en ti\n  creen en su negocio y tienen un inter\u00e9s genuino en \u00e9l.\n                <\/p>\n            <\/div>\n            <div class=\"article\">\n                <img loading=\"lazy\" decoding=\"async\" src=\"\/media\/content\/holding\/serial-entrepreneurs.webp\" width=\"1454\" height=\"602\" alt=\"\"\/>\n                <h4 class=\"headline\">Empresarios en serie<\/h4>\n                <p>\n  Le abrimos nuevas posibilidades. Tendr\u00e1s acceso a nuestra red de empresas. \u00bfPuede usted\n  con nuestras start-ups y se integrar\u00e1n en nuestra cadena de valor.\n  El aumento de las ventas es inevitable. Al fin y al cabo, desde el principio tiene acceso a una amplia gama de\n  Clientes actuales de impulsQ GmbH. Aprende de nosotros. Lo compartimos todo contigo. Experiencia,\n  que s\u00f3lo pueden darte los fundadores de \u00e9xito.\n                <\/p>\n            <\/div>\n        <\/div>\n\n    <\/div>\n<\/div>\n\n<div class=\"section about-us\">\n    <div class=\"media-delivery-full-video\">\n         <div class=\"brlbs-cmpnt-container brlbs-cmpnt-content-blocker brlbs-cmpnt-with-individual-styles\" data-borlabs-cookie-content-blocker-id=\"bunnynet\" data-borlabs-cookie-content=\"PGlmcmFtZSBzcmM9Imh0dHBzOi8vaWZyYW1lLm1lZGlhZGVsaXZlcnkubmV0L2VtYmVkLzEwMjUwOS8xY2Y4Njg2Yi04ZjNlLTQ2NGYtOGM4NS1iNWQyNWRiNTc1YzM\/YXV0b3BsYXk9dHJ1ZSZsb29wPXRydWUmbXV0ZWQ9dHJ1ZSZwcmVsb2FkPXRydWUiIGxvYWRpbmc9ImxhenkiIGFsbG93PSJhY2NlbGVyb21ldGVyO2d5cm9zY29wZTthdXRvcGxheTtlbmNyeXB0ZWQtbWVkaWE7cGljdHVyZS1pbi1waWN0dXJlOyIgYWxsb3dmdWxsc2NyZWVuPSJ0cnVlIj48L2lmcmFtZT4=\"><\/div>\n    <\/div>\n<\/div>\n\n<div class=\"section about-us\">\n    <div class=\"wrap\">\n\n        <h2 class=\"h1\">Mil requisitos. Una reclamaci\u00f3n.<\/h2>\n        <blockquote class=\"big\">Dentro de nuestro canon de valores, podemos ofrecerle lo siguiente\n  Ayuda. Personal. Coherente. Justo.<\/blockquote>\n        <p>\n  Mil requisitos. Un requisito: a medida que la empresa crece en tama\u00f1o, aumenta la necesidad de competencias\n  con respecto a las palancas de mando. Las competencias en ventas, organizaci\u00f3n de procesos, marketing y liderazgo son\n  m\u00e1s importante. No es raro que los fundadores se sientan abrumados por la nueva realidad y sean incapaces de alcanzar el siguiente nivel.\n  La etapa de crecimiento no tiene \u00e9xito. Reconocemos su potencial.\n        <\/p>\n        <div class=\"person\">\n            <img loading=\"lazy\" decoding=\"async\" alt=\"\" src=\"\/media\/person\/martin-brosy.webp\" width=\"160\" height=\"160\"\/>\n            <div class=\"name\">Martin Brosy<\/div>\n            <div class=\"position\">Socio director de impulsQ GmbH<\/div>\n        <\/div>\n\n    <\/div>\n<\/div>\n\n<div class=\"section about-us\">\n    <div class=\"wrap\">\n\n        <div class=\"media-article main\">\n            <div class=\"content\">\n                <h2 class=\"h1\">Esperamos que no. \u00a1No charlamos!<\/h2>\n                <h3 class=\"h2\">Trabajamos por su \u00e9xito.<br\/>Le mostramos c\u00f3mo.<\/h3>\n                <p>Desarrollo de las ventas de impulsQ GmbH  [Ohne Umsatz der Tochtergesellschafen]<\/p>\n            <\/div>\n            <div class=\"media\">\n                <div class=\"chart\">\n                    <canvas id=\"chartHolding\" width=\"640\" height=\"300\"><\/canvas>\n                <\/div>\n            <\/div>\n        <\/div>\n\n    <\/div>\n<\/div>\n\n<div class=\"section about-us\">\n    <div class=\"wrap\">\n\n        <h2 class=\"h1\">Nuestras marcas. Nuestra empresa. Tu familia.<\/h2>\n        <h3 class=\"h2\">Forme parte de nuestra gran historia y de la suya<\/h3>\n        <p>\n            <strong>USTED SE BENEFICIA DE LAS SINERGIAS Y DE UN MAYOR VOLUMEN DE PEDIDOS<\/strong>\n        <\/p>\n\n    <\/div>\n<\/div>\n<div class=\"section about-us\">\n    <div class=\"wrap\">\n\n        <div class=\"box-image-checklist\">\n            <div class=\"box\">\n                <div class=\"preview afs-akademie\">\n                    <img loading=\"lazy\" decoding=\"async\" src=\"\/media\/content\/holding\/afs-akademie.svg\" width=\"356\" height=\"47\" alt=\"AFS - Academia de Formaci\u00f3n Avanzada en Optimizaci\u00f3n de Motores de B\u00fasqueda GmbH\"\/>\n                <\/div>\n                <div class=\"checklist\">\n                    <p>La Akademie f\u00fcr Suchmaschinenoptimierung GmbH ofrece cursos de formaci\u00f3n certificados en SEO.<\/p>\n                    <ul class=\"check-list\">\n                        <li>Formaci\u00f3n estructurada y digital para convertirse en SEO Manager<\/li>\n                        <li>M\u00e1s de 100 contenidos de v\u00eddeo de los vendedores en l\u00ednea m\u00e1s conocidos de Alemania<\/li>\n                        <li>Certificaci\u00f3n establecida en todos los sectores<\/li>\n                    <\/ul>\n                <\/div>\n            <\/div>\n            <div class=\"box\">\n                <div class=\"preview wortrakete\">\n                    <img loading=\"lazy\" decoding=\"async\" src=\"\/media\/content\/holding\/wortrakete.webp\" width=\"282\" height=\"85\" alt=\"Wortrakete GmbH\"\/>\n                <\/div>\n                <div class=\"checklist\">\n                    <p>La agencia de textos Wortrakete, con sede en Hamburgo, crea contenidos que logran resultados mensurables.<\/p>\n                    <ul class=\"check-list\">\n                        <li>M\u00e1s de 50 editores<\/li>\n                        <li>Contenidos de primera calidad para su proyecto<\/li>\n                        <li>M\u00e1s tr\u00e1fico. M\u00e1s plomo. M\u00e1s ventas.<\/li>\n                    <\/ul>\n                <\/div>\n            <\/div>\n            <div class=\"box\">\n                <div class=\"preview ranksider\">\n                    <img loading=\"lazy\" decoding=\"async\" src=\"\/media\/content\/holding\/ranksider.svg\" width=\"254\" height=\"49\" alt=\"Ranksider de Clickhero GmbH &#038; impulsQ GmbH\"\/>\n                <\/div>\n                <div class=\"checklist\">\n                    <p>Ranksider es el mayor mercado de enlaces del mundo.<\/p>\n                    <ul class=\"check-list\">\n                        <li>Art\u00edculos editoriales inmediatamente reservables en m\u00e1s de 250.000 peri\u00f3dicos en l\u00ednea, portales especializados&#8230;<\/li>\n                        <li>Relaciones p\u00fablicas digitales escalables gracias a la garant\u00eda de publicaci\u00f3n<\/li>\n                        <li>Mejor posicionamiento gracias a la creaci\u00f3n proactiva de backlinks<\/li>\n                    <\/ul>\n                <\/div>\n            <\/div>\n            <div class=\"box\">\n                <div class=\"preview afs-plus\">\n                    <img loading=\"lazy\" decoding=\"async\" src=\"\/media\/content\/holding\/afs-plus.svg\" width=\"171\" height=\"53\" alt=\"AFS+ - Academia de formaci\u00f3n avanzada en optimizaci\u00f3n de motores de b\u00fasqueda GmbH\"\/>\n                <\/div>\n                <div class=\"checklist\">\n                    <p>El primer servicio de streaming del mundo para marketing en l\u00ednea.<\/p>\n                    <ul class=\"check-list\">\n                        <li>M\u00e1s de 160 conferencias de l\u00edderes de la escena<\/li>\n                        <li>Ideal para la formaci\u00f3n de empleados, incluido el certificado<\/li>\n                        <li>Desarrollar internamente la experiencia en marketing en l\u00ednea<\/li>\n                    <\/ul>\n                <\/div>\n            <\/div>\n            <div class=\"box\">\n                <div class=\"preview linkalyse\">\n                    <img loading=\"lazy\" decoding=\"async\" src=\"\/media\/content\/holding\/linkalyse.webp\" width=\"255\" height=\"34\" alt=\"An\u00e1lisis de enlaces por impulsQ GmbH\"\/>\n                <\/div>\n                <div class=\"checklist\">\n                    <p>Herramienta Saas para evaluar campa\u00f1as de marketing de contenidos, relaciones con la prensa y relaciones p\u00fablicas digitales.<\/p>\n                    <ul class=\"check-list\">\n                        <li>Algoritmo \u00fanico de IA para la evaluaci\u00f3n cualitativa de los v\u00ednculos de retroceso<\/li>\n                        <li>Valoraci\u00f3n monetaria de los resultados de la divulgaci\u00f3n<\/li>\n                        <li>Eliminar la caja negra de las relaciones p\u00fablicas<\/li>\n                    <\/ul>\n                <\/div>\n            <\/div>\n            <div class=\"box\">\n                <div class=\"preview house\"><\/div>\n                <div class=\"checklist\">\n                    <h4 class=\"h3 light\">\u00bfBusca un sitio?<\/h4>\n                    <p>impulsQ GmbH es propietaria de edificios de uso privado y comercial en la ciudad de Reutlingen.<\/p>\n                    <ul class=\"check-list\">\n                        <li>Espacio suficiente para su empresa y sus sue\u00f1os<\/li>\n                        <li>Empresa vers\u00e1til<\/li>\n                    <\/ul>\n                <\/div>\n            <\/div>\n        <\/div>\n\n    <\/div>\n<\/div>\n\n<div class=\"section about-us\" id=\"calendly\">\n    <div class=\"wrap\">\n\n        <h2 class=\"h1\">Formar parte del Grupo impulsQ<\/h2>\n        <h3 class=\"h2 light\">\u00bfVamos juntos<br\/>sobre una participaci\u00f3n en su<br\/>\u00bfempresa?<\/h3>\n        <p class=\"h3\">Seleccione una franja horaria libre<\/p>\n         <div class=\"brlbs-cmpnt-container brlbs-cmpnt-content-blocker brlbs-cmpnt-with-individual-styles\" data-borlabs-cookie-content-blocker-id=\"calendly\" data-borlabs-cookie-content=\"PGlmcmFtZSBjbGFzcz0iYXBwb2ludG1lbnQtaWZyYW1lIiBzcmM9Imh0dHBzOi8vY2FsZW5kbHkuY29tL2ltcHVsc3EvbGFzcy11bnMtZWluZmFjaC1zcHJlY2hlbiIgd2lkdGg9IjYwMCIgaGVpZ2h0PSI0MTAiPjwvaWZyYW1lPg==\"><div class=\"brlbs-cmpnt-cb-preset-a\"> <p class=\"brlbs-cmpnt-cb-description\">Est\u00e1 viendo un contenido provisional de <strong>Calendly<\/strong>. Para acceder al contenido real, haga clic en el bot\u00f3n de abajo. Tenga en cuenta que al hacerlo se transmitir\u00e1n datos a terceros.<\/p> <div class=\"brlbs-cmpnt-cb-buttons\"> <a class=\"brlbs-cmpnt-cb-btn\" href=\"#\" data-borlabs-cookie-unblock role=\"button\">Desbloquear contenido<\/a> <a class=\"brlbs-cmpnt-cb-btn\" href=\"#\" data-borlabs-cookie-accept-service role=\"button\" style=\"display: <m id=\"3\">&quot;&gt;Aceptar el servicio necesario y desbloquear el contenido<\/a> <\/div> <a class=\"brlbs-cmpnt-cb-provider-toggle\" href=\"#\" data-borlabs-cookie-show-provider-information role=\"button\">M\u00e1s informaci\u00f3n<\/a> <\/div><\/div>\n\n    <\/div>\n<\/div>\n","protected":false},"excerpt":{"rendered":"<p>Sociedad de cartera Con especial atenci\u00f3n a los novatos digitales.Al estilo de una oficina familiar. Valores compartidos. Oportunidades individuales. Cambiar las cosas juntos. Estamos invirtiendo en la cadena de valor digital. Consulta inicial gratuita Damos forma a las empresas Estamos orgullosos de apoyar a los fundadorescon los que trabajamos desde el primer d\u00eda. Desarrollamos equipos [&hellip;]<\/p>\n","protected":false},"author":1,"featured_media":0,"parent":0,"menu_order":2,"comment_status":"closed","ping_status":"closed","template":"template-bright.php","meta":{"_acf_changed":false,"_uag_custom_page_level_css":"","footnotes":""},"class_list":["post-424","page","type-page","status-publish","hentry"],"acf":[],"uagb_featured_image_src":{"full":false,"thumbnail":false,"medium":false,"medium_large":false,"large":false,"1536x1536":false,"2048x2048":false,"magazin-single":false,"magazin-single-2x":false,"magazin-big":false,"magazin-big-2x":false,"magazin-medium":false,"magazin-medium-2x":false,"magazin-small":false,"magazin-small-2x":false,"magazin-phone":false,"magazin-phone-2x":false,"onboarding_mobile":false,"onboarding_mobile_retina":false},"uagb_author_info":{"display_name":"impulsQ GmbH","author_link":"https:\/\/impulsq.de\/es\/author\/vanessa\/"},"uagb_comment_info":0,"uagb_excerpt":"Sociedad de cartera Con especial atenci\u00f3n a los novatos digitales.Al estilo de una oficina familiar. Valores compartidos. Oportunidades individuales. Cambiar las cosas juntos. Estamos invirtiendo en la cadena de valor digital. Consulta inicial gratuita Damos forma a las empresas Estamos orgullosos de apoyar a los fundadorescon los que trabajamos desde el primer d\u00eda. Desarrollamos equipos&hellip;","_links":{"self":[{"href":"https:\/\/impulsq.de\/es\/wp-json\/wp\/v2\/pages\/424","targetHints":{"allow":["GET"]}}],"collection":[{"href":"https:\/\/impulsq.de\/es\/wp-json\/wp\/v2\/pages"}],"about":[{"href":"https:\/\/impulsq.de\/es\/wp-json\/wp\/v2\/types\/page"}],"author":[{"embeddable":true,"href":"https:\/\/impulsq.de\/es\/wp-json\/wp\/v2\/users\/1"}],"replies":[{"embeddable":true,"href":"https:\/\/impulsq.de\/es\/wp-json\/wp\/v2\/comments?post=424"}],"version-history":[{"count":1,"href":"https:\/\/impulsq.de\/es\/wp-json\/wp\/v2\/pages\/424\/revisions"}],"predecessor-version":[{"id":427,"href":"https:\/\/impulsq.de\/es\/wp-json\/wp\/v2\/pages\/424\/revisions\/427"}],"wp:attachment":[{"href":"https:\/\/impulsq.de\/es\/wp-json\/wp\/v2\/media?parent=424"}],"curies":[{"name":"wp","href":"https:\/\/api.w.org\/{rel}","templated":true}]}}