{"id":516,"date":"2024-01-08T12:36:39","date_gmt":"2024-01-08T12:36:39","guid":{"rendered":"https:\/\/impulsq.de\/referencias\/casos-practicos\/creacion-de-enlaces-para-un-sitio-afiliado\/"},"modified":"2024-01-30T13:38:26","modified_gmt":"2024-01-30T13:38:26","slug":"creacion-de-enlaces-para-un-sitio-afiliado","status":"publish","type":"page","link":"https:\/\/impulsq.de\/es\/casos-practicos\/creacion-de-enlaces-para-un-sitio-afiliado\/","title":{"rendered":"Creaci\u00f3n de enlaces para un sitio afiliado"},"content":{"rendered":"\n<div class=\"section references main-color darken-background pb-3\">\n    <div class=\"wrap\">\n\n        <h1 class=\"h1\">Caso pr\u00e1ctico \/ Caso pr\u00e1ctico My Deal<\/h1>\n        <h2 class=\"h2\">\n  Aumento del <span class=\"highlight\">tr\u00e1fico<\/span> org\u00e1nico <span class=\"highlight\">en un 307<\/span><br\/>\n  Aumento del <span class=\"highlight\">volumen de negocios en un 200<\/span>\n        <\/h2>\n\n    <\/div>\n<div class=\"wrap\">\n\n        <a href=\"#calendly\" class=\"btn dark\">Realmente emocionante. Me gustar\u00eda escuchar su oferta ><\/a>\n\n    <\/div>\n<\/div>\n\n<div class=\"section references top-box\">\n    <div class=\"wrap\">\n\n        <div class=\"box\">\n            <div class=\"additional-info\">Tratar el sitio con asociaciones de afiliados en un entorno competitivo muy dif\u00edcil<\/div>\n            <ul class=\"row\">\n                <li>\n                    <span class=\"percentage-raise\">307 %<\/span>\n  Aumento del tr\u00e1fico\n                    <ul>\n                        <li>Competidores 1 <span>-3<\/span><\/li>\n                        <li>Competidor 2 <span>47<\/span><\/li>\n                        <li>Competidores 3 <span>-4<\/span><\/li>\n                    <\/ul>\n                <\/li>\n                <li>\n                    <span class=\"percentage-raise\">48 %<\/span>\n  Aumento del ranking de palabras clave\n                    <ul>\n                        <li>Competidor 1 <span>-9<\/span><\/li>\n                        <li>Competidor 2 <span>-20<\/span><\/li>\n                        <li>Competidor 3 <span>18<\/span><\/li>\n                    <\/ul>\n                <\/li>\n                <li>\n                    <span class=\"percentage-raise\">216 %<\/span>\n  Aumento de las 10 primeras posiciones\n                    <ul>\n                        <li>Competidor 1 <span>7<\/span><\/li>\n                        <li>Competidor 2 <span>33<\/span><\/li>\n                        <li>Competidor 3 <span>60<\/span><\/li>\n                    <\/ul>\n                <\/li>\n            <\/ul>\n        <\/div>\n\n    <\/div>\n<\/div>\n\n<div class=\"section references pb-2\">\n    <div class=\"wrap\">\n\n        <div class=\"media-article box-media\">\n            <div class=\"media\">\n                <div class=\"headline\">Palabra clave dificultad<\/div>\n                <figure class=\"speedometer\">\n                    <img loading=\"lazy\" decoding=\"async\" src=\"\/media\/content\/case-studie\/speedmeter-72.svg\" width=\"237\" height=\"164\" alt=\"\"\/>\n                    <figcaption><span>72<\/span> Muy dif\u00edcil<\/figcaption>\n                <\/figure>\n                <p class=\"aside\">\n  Estimamos que necesita backlinks de 224 sitios web,\n  para estar entre los 10 primeros de esta palabra clave.\n                <\/p>\n            <\/div>\n            <div class=\"content\">\n                <h2 class=\"h3\">Todo empez\u00f3 con una llamada telef\u00f3nica<\/h2>\n                <p>\n  Para preparar la reuni\u00f3n introductoria, ya nos hemos preparado para los primeros retos.\n  encontrados. Fuerte competencia. Competencia establecida. El cliente sali\u00f3 perdiendo en todos los aspectos.\n  Baja autoridad de dominio. Mala experiencia de usuario. Perfil de backlinks inferior. Ninguno\n  Secci\u00f3n de consejos. Errores t\u00e9cnicos en la p\u00e1gina. Fuertes fluctuaciones en las actualizaciones de Google. En la videollamada\n  nuestros temores se confirmaron. Hasta la fecha, el proyecto s\u00f3lo ha sido objeto de retoques. Sin\n  estrategia SEO reconocible. Sin ning\u00fan \u00e9xito digno de menci\u00f3n.<\/p>\n                <p>\n                    <strong>Ese fue el pistoletazo de salida de una colaboraci\u00f3n que contin\u00faa hoy en d\u00eda.<\/strong>\n                <\/p>\n            <\/div>\n        <\/div>\n\n        <div class=\"media-article box-media\">\n            <div class=\"content\">\n                <h2 class=\"h3\">Soluciones probadas para una visibilidad m\u00e1xima<\/h2>\n                <p>\n  Hemos formulado un objetivo primordial. Las mejores posiciones para todas las palabras clave relevantes.\n  No hay palabras clave de nicho, sino un conjunto de palabras clave gen\u00e9ricas. No hay \u00e9xito sin planificaci\u00f3n.\n                <\/p>\n                <p>\n  En el primer paso, realizamos una auditor\u00eda detallada de los enlaces para identificar los enlaces spam.\n  llevado a cabo. Utilizamos los resultados para rellenar el archivo Disavow y en poco tiempo tuvimos un\n  ascenso significativo en la clasificaci\u00f3n. Mientras tanto, nuestros expertos en p\u00e1ginas web han analizado las\n  errores t\u00e9cnicos y cre\u00f3 un cat\u00e1logo de medidas. Los errores onpage fueron\n  en coordinaci\u00f3n con el presupuesto mensual.\n                <\/p>\n                <p>\n  Se cre\u00f3 un plan editorial basado en una detallada investigaci\u00f3n de palabras clave. Esto permiti\u00f3\n  no s\u00f3lo aumentamos el tr\u00e1fico, sino que tambi\u00e9n nos convertimos en una autoridad dentro del sector.\n  Debido a la naturaleza altamente competitiva del conjunto de palabras clave [KD > 70], no hab\u00eda forma de evitar la compra de backlinks.\n  m\u00e1s. Pudimos acceder a nuestra cartera de m\u00e1s de 100.000 sitios web. Con el fin de\n  perfil de enlaces, pusimos en marcha tres campa\u00f1as de marketing de contenidos en los a\u00f1os siguientes.\n  Todos ellos tuvieron un gran \u00e9xito y aportaron al cliente v\u00ednculos de retroceso que los competidores no pudieron igualar.\n  podr\u00eda simplemente comprar.\n                <\/p>\n                <p>\n  En el \u00faltimo paso, se optimizaron las p\u00e1ginas de destino m\u00e1s importantes. Para el usuario. Para Google.\n  Como resultado, hemos superado a nuestros competidores y hemos convertido al cliente en el l\u00edder del mercado dentro del\n  de su industria. Al final, esto tambi\u00e9n repercuti\u00f3 en las ventas. Grandes resultados.\n  Con los a\u00f1os, la relaci\u00f3n con un cliente se convirti\u00f3 en una amistad. Tambi\u00e9n en los pr\u00f3ximos a\u00f1os\n  daremos el 110% por el cliente.\n                <\/p>\n            <\/div>\n            <div class=\"media\">\n                <div class=\"headline\">De Noname al sitio n\u00ba 1 de ofertas<\/div>\n                <ul class=\"raise-list\">\n                    <li>\n                        <span class=\"label\">Tr\u00e1fico mensual<\/span>\n                        <span class=\"value\">497k <span class=\"from\">de 122k<\/span><\/span>\n                        <span class=\"raise\">+307 %<\/span>\n                    <\/li>\n                    <li>\n                        <span class=\"label\">Clasificaci\u00f3n por palabras clave<\/span>\n                        <span class=\"value\">266.000 <span class=\"from\">desde 179.000<\/span><\/span>\n                        <span class=\"raise\">+48 %<\/span>\n                    <\/li>\n                    <li>\n                        <span class=\"label\">Clasificaci\u00f3n Top10<\/span>\n                        <span class=\"value\">23k <span class=\"from\">de 7k<\/span><\/span>\n                        <span class=\"raise\">+ 216k<\/span>\n                    <\/li>\n                    <li>\n                        <span class=\"label\">Enlaces adquiridos<\/span>\n                        <span class=\"value\">672<\/span>\n                    <\/li>\n                <\/ul>\n                <ul class=\"metas\">\n                    <li>\n                        <span class=\"label\">Cliente desde<\/span>\n                        <span class=\"value\">7 a\u00f1os (2017)<\/span>\n                    <\/li>\n                    <li>\n                        <span class=\"label\">Cliente<\/span>\n                        <span class=\"value\">P\u00e1gina de ofertas<\/span>\n                    <\/li>\n                <\/ul>\n            <\/div>\n        <\/div>\n\n    <\/div>\n<\/div>\n\n<div class=\"section references main-color darken-background pt-2 pb-2\">\n    <div class=\"wrap\">\n\n        <h2 class=\"h2\">Seis pasos para <span class=\"underline\">aumentar el tr\u00e1fico en un 307<\/span><\/h2>\n\n        <div class=\"read-more-articles plus-icons\">\n            <div class=\"article has-more\" data-modal-mode=\"read-more\" data-modal-theme=\"references\">\n                <h4 class=\"headline\">Auditor\u00eda y optimizaci\u00f3n de p\u00e1ginas web<\/h4>\n                <p>\n  La minuciosa auditor\u00eda del emplazamiento culmin\u00f3 en un cat\u00e1logo concreto de medidas.\n  El equipo de desarrollo del cliente ha aplicado todas las recomendaciones de actuaci\u00f3n.\n                <\/p>\n                <button type=\"button\">M\u00e1s<\/button>\n            <\/div>\n            <div class=\"article has-more\" data-modal-mode=\"read-more\" data-modal-theme=\"references\">\n                <h4 class=\"headline\">Linkaudit<\/h4>\n                <p>\n  El cliente ya hab\u00eda comprado backlinks. Google ha reconocido los intentos de manipulaci\u00f3n y ha\n  Clientes penalizados. En consecuencia, tuvimos que reaccionar r\u00e1pidamente y evaluar el perfil de enlaces. En\n  La clasificaci\u00f3n del cliente se recuper\u00f3 en muy poco tiempo.\n                <\/p>\n                <button type=\"button\">M\u00e1s<\/button>\n            <\/div>\n            <div class=\"article has-more\" data-modal-mode=\"read-more\" data-modal-theme=\"references\">\n                <h4 class=\"headline\">Desarrollo de una secci\u00f3n de asesoramiento<\/h4>\n                <p>\n  Hemos creado contenidos centrados en el usuario y no comerciales sobre la base de un sofisticado\n  plan editorial y enriquecido con contenidos multimedia.\n                <\/p>\n                <button type=\"button\">M\u00e1s<\/button>\n            <\/div>\n            <div class=\"article has-more\" data-modal-mode=\"read-more\" data-modal-theme=\"references\">\n                <h4 class=\"headline\">Marketing de contenidos + DigitalPR<\/h4>\n                <p>\n  Los backlinks m\u00e1s valiosos se crean de forma natural. Desde la planificaci\u00f3n [personas, misi\u00f3n de contenidos,\n  lluvia de ideas&#8230;] hasta la aplicaci\u00f3n [creaci\u00f3n del activo enlazable, actividades previas a la difusi\u00f3n, difusi\u00f3n&#8230;].\n  para controlar [revisi\u00f3n de objetivos, seguimiento, optimizaci\u00f3n&#8230;] hemos tomado las medidas\n  aplicadas de forma independiente.\n                <\/p>\n                <button type=\"button\">M\u00e1s<\/button>\n            <\/div>\n            <div class=\"article has-more\" data-modal-mode=\"read-more\" data-modal-theme=\"references\">\n                <h4 class=\"headline\">Creaci\u00f3n de enlaces<\/h4>\n                <p>\n  Se replicaron los mejores backlinks de los competidores y se cerr\u00f3 la brecha de backlinks.\n  Los rankings de palabras clave en las posiciones 2 a 10 se impulsaron espec\u00edficamente a trav\u00e9s de la compra de backlinks.\n                <\/p>\n                <button type=\"button\">M\u00e1s<\/button>\n            <\/div>\n            <div class=\"article has-more\" data-modal-mode=\"read-more\" data-modal-theme=\"references\">\n                <h4 class=\"headline\">Optimizaci\u00f3n del dise\u00f1o UX<\/h4>\n                <p>\n  En consulta con el cliente y en consonancia con el presupuesto, nos hemos centrado en mejorar el\n  UX centrada en las p\u00e1ginas de destino m\u00e1s importantes. Hemos podido mejorar considerablemente la experiencia del usuario\n  y, al mismo tiempo, aumentar los clientes potenciales mediante el uso de la optimizaci\u00f3n de la conversi\u00f3n.\n                <\/p>\n                <button type=\"button\">M\u00e1s<\/button>\n            <\/div>\n        <\/div>\n\n    <\/div>\n<\/div>\n\n<div class=\"section references pt-2 pb-2\">\n    <div class=\"wrap\">\n\n        <h2 class=\"h1\">Por qu\u00e9 el cliente aprecia trabajar con impulsQ<\/h2>\n        <blockquote class=\"big\">\n  Al comienzo de nuestra colaboraci\u00f3n en 2017, mi sitio web era el m\u00e1s d\u00e9bil\n  en el entorno competitivo. Hoy somos l\u00edderes del sector.\n        <\/blockquote>\n        <p>\n  Llevo a\u00f1os confiando en impulsQ GmbH. Martin Brosy est\u00e1 a mi disposici\u00f3n las veinticuatro horas del d\u00eda.\n  e incluso responde a preguntas abiertas el domingo. Gracias a los backlinks de sitios web potentes con alto\n  Autoridad, excelentes art\u00edculos de construcci\u00f3n de enlaces y un servicio excelente. Simplemente arriba.\n        <\/p>\n        <p class=\"h1\">Andreas S.<\/p>\n        <p class=\"conclusion-text\">\n  El anonimato de nuestros clientes es importante para nosotros. La confidencialidad es un requisito b\u00e1sico para la compra de\n  Backlinks. No queremos las clasificaciones de nuestros clientes por unos cuantos logotipos de clientes y un poco de fama.\n  riesgo. Somos sin duda la mejor agencia de link building. Siempre puedes\n  sin compromiso.\n        <\/p>\n\n    <\/div>\n<\/div>\n\n<div class=\"section references\">\n    <div class=\"wrap\">\n\n        <h2 class=\"h1\">Resultados inmejorables<\/h2>\n        <h3 class=\"h2\">Las cifras demuestran el \u00e9xito de nuestro trabajo<\/h3>\n        <p>\n  La primera pantalla interactiva le muestra cuatro gr\u00e1ficos. Se trata del desarrollo de la\n  visitantes org\u00e1nicos a nuestro cliente y a sus tres competidores m\u00e1s fuertes. El cliente se mece con nuestro\n  Ayuda a los resultados de b\u00fasqueda de Google. A continuaci\u00f3n encontrar\u00e1 un diagrama con las cifras de ventas reales de nuestro cliente.\n  Todo lo que hacemos por el cliente repercute positivamente en sus ventas.\n        <\/p>\n\n    <\/div>\n<\/div>\n\n<div class=\"section references\">\n    <div class=\"wrap\">\n\n        <div class=\"tab-switch-content\">\n            <div class=\"chart switchable-content\">\n                <h2 class=\"headline\">Evoluci\u00f3n del n\u00famero de visitantes org\u00e1nicos<\/h2>\n                <div data-related=\"wettbewerber-0\" class=\"active\">\n                    <img decoding=\"async\" src=\"\/media\/content\/case-studie\/charts\/CaseStudy_Mein_Deal_Organische_Besucherzahlen_01.webp\" alt=\"\"\/>\n                <\/div>\n                <div data-related=\"wettbewerber-1\">\n                    <img decoding=\"async\" src=\"\/media\/content\/case-studie\/charts\/CaseStudy_Mein_Deal_Organische_Besucherzahlen_02.webp\" alt=\"\"\/>\n                <\/div>\n                <div data-related=\"wettbewerber-2\">\n                    <img decoding=\"async\" src=\"\/media\/content\/case-studie\/charts\/CaseStudy_Mein_Deal_Organische_Besucherzahlen_03.webp\" alt=\"\"\/>\n                <\/div>\n                <div data-related=\"wettbewerber-3\">\n                    <img decoding=\"async\" src=\"\/media\/content\/case-studie\/charts\/CaseStudy_Mein_Deal_Organische_Besucherzahlen_04.webp\" alt=\"\"\/>\n                <\/div>\n            <\/div>\n            <button type=\"button\" class=\"btn switch-content\" data-related=\"wettbewerber-1\">Competidor 1<\/button>\n            <button type=\"button\" class=\"btn switch-content\" data-related=\"wettbewerber-2\">Competidor 2<\/button>\n            <button type=\"button\" class=\"btn switch-content\" data-related=\"wettbewerber-3\">Competidor 3<\/button>\n        <\/div>\n\n    <\/div>\n<\/div>\n\n<div class=\"section references\">\n    <div class=\"wrap\">\n\n        <div class=\"chart\">\n            <h2 class=\"headline\">Desarrollo de las ventas<\/h2>\n            <img decoding=\"async\" src=\"\/media\/content\/case-studie\/charts\/CaseStudy_Mein_Deal_Entwicklung_des_Umsatzes_01.webp\" alt=\"\"\/>\n        <\/div>\n    <\/div>\n<\/div>\n<div class=\"section references pt-2 pb-2\" id=\"calendly\">\n    <div class=\"wrap\">\n\n        <h2 class=\"h1\">Jetzt einen Kick-Off-Termin ausw\u00e4hlen!<\/h2>\n        <h3 class=\"h2\">Wir bekommen f\u00fcr Dich noch<br>viel bessere Ergebnisse hin.<\/h3>\n        <p>\n            Wollen wir gemeinsam \u00fcber Dein Linkbuilding sprechen? Wir haben mit Sicherheit eine passende L\u00f6sung zu\n            Deiner Herausforderung. W\u00e4hle Dir unten einen freien Termin aus und wir lernen uns unverbindlich kennen.<br>\n            Wir freuen uns auf Dich. Von ganzem Herzen.\n        <\/p>\n        <h3 class=\"h4\">W\u00e4hle einen freien Timeslot aus<\/h3>\n         <div class=\"brlbs-cmpnt-container brlbs-cmpnt-content-blocker brlbs-cmpnt-with-individual-styles\" data-borlabs-cookie-content-blocker-id=\"calendly\" data-borlabs-cookie-content=\"PGlmcmFtZSBjbGFzcz0iYXBwb2ludG1lbnQtaWZyYW1lIiBzcmM9Imh0dHBzOi8vY2FsZW5kbHkuY29tL2ltcHVsc3EvbGFzcy11bnMtZWluZmFjaC1zcHJlY2hlbiIgd2lkdGg9IjYwMCIgaGVpZ2h0PSI0MTAiPjwvaWZyYW1lPg==\"><div class=\"brlbs-cmpnt-cb-preset-a\"> <p class=\"brlbs-cmpnt-cb-description\">Est\u00e1 viendo un contenido provisional de <strong>Calendly<\/strong>. Para acceder al contenido real, haga clic en el bot\u00f3n de abajo. Tenga en cuenta que al hacerlo se transmitir\u00e1n datos a terceros.<\/p> <div class=\"brlbs-cmpnt-cb-buttons\"> <a class=\"brlbs-cmpnt-cb-btn\" href=\"#\" data-borlabs-cookie-unblock role=\"button\">Desbloquear contenido<\/a> <a class=\"brlbs-cmpnt-cb-btn\" href=\"#\" data-borlabs-cookie-accept-service role=\"button\" style=\"display: <m id=\"3\">&quot;&gt;Aceptar el servicio necesario y desbloquear el contenido<\/a> <\/div> <a class=\"brlbs-cmpnt-cb-provider-toggle\" href=\"#\" data-borlabs-cookie-show-provider-information role=\"button\">M\u00e1s informaci\u00f3n<\/a> <\/div><\/div>\n\n    <\/div>\n<\/div>\n","protected":false},"excerpt":{"rendered":"<p>Caso pr\u00e1ctico \/ Caso pr\u00e1ctico My Deal Aumento del tr\u00e1fico org\u00e1nico en un 307 Aumento del volumen de negocios en un 200 Realmente emocionante. Me gustar\u00eda escuchar su oferta > Tratar el sitio con asociaciones de afiliados en un entorno competitivo muy dif\u00edcil 307 % Aumento del tr\u00e1fico Competidores 1 -3 Competidor 2 47 Competidores [&hellip;]<\/p>\n","protected":false},"author":1,"featured_media":0,"parent":474,"menu_order":1,"comment_status":"closed","ping_status":"closed","template":"template-bright.php","meta":{"_acf_changed":false,"_uag_custom_page_level_css":"","footnotes":""},"class_list":["post-516","page","type-page","status-publish","hentry"],"acf":[],"uagb_featured_image_src":{"full":false,"thumbnail":false,"medium":false,"medium_large":false,"large":false,"1536x1536":false,"2048x2048":false,"magazin-single":false,"magazin-single-2x":false,"magazin-big":false,"magazin-big-2x":false,"magazin-medium":false,"magazin-medium-2x":false,"magazin-small":false,"magazin-small-2x":false,"magazin-phone":false,"magazin-phone-2x":false,"onboarding_mobile":false,"onboarding_mobile_retina":false},"uagb_author_info":{"display_name":"impulsQ GmbH","author_link":"https:\/\/impulsq.de\/es\/author\/vanessa\/"},"uagb_comment_info":0,"uagb_excerpt":"Caso pr\u00e1ctico \/ Caso pr\u00e1ctico My Deal Aumento del tr\u00e1fico org\u00e1nico en un 307 Aumento del volumen de negocios en un 200 Realmente emocionante. Me gustar\u00eda escuchar su oferta > Tratar el sitio con asociaciones de afiliados en un entorno competitivo muy dif\u00edcil 307 % Aumento del tr\u00e1fico Competidores 1 -3 Competidor 2 47 Competidores&hellip;","_links":{"self":[{"href":"https:\/\/impulsq.de\/es\/wp-json\/wp\/v2\/pages\/516","targetHints":{"allow":["GET"]}}],"collection":[{"href":"https:\/\/impulsq.de\/es\/wp-json\/wp\/v2\/pages"}],"about":[{"href":"https:\/\/impulsq.de\/es\/wp-json\/wp\/v2\/types\/page"}],"author":[{"embeddable":true,"href":"https:\/\/impulsq.de\/es\/wp-json\/wp\/v2\/users\/1"}],"replies":[{"embeddable":true,"href":"https:\/\/impulsq.de\/es\/wp-json\/wp\/v2\/comments?post=516"}],"version-history":[{"count":3,"href":"https:\/\/impulsq.de\/es\/wp-json\/wp\/v2\/pages\/516\/revisions"}],"predecessor-version":[{"id":692,"href":"https:\/\/impulsq.de\/es\/wp-json\/wp\/v2\/pages\/516\/revisions\/692"}],"up":[{"embeddable":true,"href":"https:\/\/impulsq.de\/es\/wp-json\/wp\/v2\/pages\/474"}],"wp:attachment":[{"href":"https:\/\/impulsq.de\/es\/wp-json\/wp\/v2\/media?parent=516"}],"curies":[{"name":"wp","href":"https:\/\/api.w.org\/{rel}","templated":true}]}}