{"id":522,"date":"2024-01-08T12:34:07","date_gmt":"2024-01-08T12:34:07","guid":{"rendered":"https:\/\/impulsq.de\/soluciones\/contenido\/produccion-fotografica-y-de-video\/"},"modified":"2024-02-13T10:58:20","modified_gmt":"2024-02-13T10:58:20","slug":"produccion-fotografica-y-de-video","status":"publish","type":"page","link":"https:\/\/impulsq.de\/es\/produccion-fotografica-y-de-video\/","title":{"rendered":"Producci\u00f3n fotogr\u00e1fica y de v\u00eddeo"},"content":{"rendered":"\n<div class=\"section solutions media-content-header\">\n    <figure class=\"media\">\n         <div class=\"brlbs-cmpnt-container brlbs-cmpnt-content-blocker brlbs-cmpnt-with-individual-styles\" data-borlabs-cookie-content-blocker-id=\"bunnynet\" data-borlabs-cookie-content=\"PGlmcmFtZSBzcmM9Imh0dHBzOi8vaWZyYW1lLm1lZGlhZGVsaXZlcnkubmV0L2VtYmVkLzEwMjUwOS8xNDQyNWIzMy1mZGMxLTQ0MDItYjcxNC03MDMxZWIyNjlmNTg\/YXV0b3BsYXk9dHJ1ZSZsb29wPXRydWUmbXV0ZWQ9dHJ1ZSZwcmVsb2FkPXRydWUiIGxvYWRpbmc9ImxhenkiIHN0eWxlPSJib3JkZXI6MCIgYWxsb3c9ImFjY2VsZXJvbWV0ZXI7Z3lyb3Njb3BlO2F1dG9wbGF5O2VuY3J5cHRlZC1tZWRpYTtwaWN0dXJlLWluLXBpY3R1cmU7IiBhbGxvd2Z1bGxzY3JlZW49InRydWUiPjwvaWZyYW1lPg==\"><\/div>\n    <\/figure>\n    <div class=\"content\">\n        <div class=\"wrap\">\n            <h1 class=\"h1\">Producci\u00f3n fotogr\u00e1fica y de v\u00eddeo<\/h1>\n            <h2 class=\"h2 light\">Foto personalizada &#038;<br\/>Producciones de v\u00eddeo<br\/>para su proyecto<\/h2>\n            <p>Contamos su historia. Con coraz\u00f3n y pasi\u00f3n. Con creatividades fotogr\u00e1ficas y de v\u00eddeo \u00fanicas, ayudamos a las empresas a presentar sus ideas de forma convincente y a visualizar la calidad de su oferta.<\/p>\n            <p><a href=\"#calendly\" class=\"btn\">Consulta inicial gratuita<\/a><\/p>\n        <\/div>\n    <\/div>\n<\/div>\n\n<div class=\"section solutions\">\n    <div class=\"image-list\">\n        <ul>\n            <li style=\"background-image: url('\/media\/content\/content-creation\/Produktvideo Tim und Lukas.webp')\">\n                <span>Apoyo a eventos<\/span>\n            <\/li>\n            <li style=\"background-image: url('\/media\/content\/content-creation\/Imagefilm Nahaufnahme.webp')\">\n                <span>V\u00eddeos de productos<\/span>\n            <\/li>\n            <li style=\"background-image: url('\/media\/content\/content-creation\/Fotoproduktion Produkte.webp')\">\n                <span>Producci\u00f3n fotogr\u00e1fica<\/span>\n            <\/li>\n            <li style=\"background-image: url('\/media\/content\/content-creation\/Imagefilm waehrend des Drehs.webp')\">\n                <span>Pel\u00edculas de imagen<\/span>\n            <\/li>\n            <li style=\"background-image: url('\/media\/content\/content-creation\/Imagefilm mit Tesla.webp')\">\n                <span>Pel\u00edculas publicitarias profesionales<\/span>\n            <\/li>\n            <li style=\"background-image: url('\/media\/content\/content-creation\/Imagevideo Fitnessstudio mit Sportlerin.webp')\">\n                <span>Transmisi\u00f3n en directo<\/span>\n            <\/li>\n        <\/ul>\n    <\/div>\n<\/div>\n\n<div class=\"section solutions pt-2 pb-2\">\n    <div class=\"wrap\">\n\n        <h2 class=\"h1\">Nuestros paquetes de producci\u00f3n de v\u00eddeo<\/h2>\n        <h3 class=\"h2\">Desde la idea hasta el impresionante v\u00eddeo.<br\/>\u00a1Hazte <span>incomparable!<\/span><\/h3>\n\n        <div class=\"product-boxes three\">\n            <div class=\"product-box\">\n                <h4 class=\"headline icon-rocket\">Inicio<\/h4>\n                <div class=\"price\"><span class=\"from\">desde<\/span> 2.790<\/div>\n                <p><strong>Ideal para proyectos peque\u00f1os<\/strong><\/p>\n                <ul>\n                    <li class=\"icon-movie-camera\">V\u00eddeos de imagen, v\u00eddeos de contrataci\u00f3n, v\u00eddeos de productos<\/li>\n                    <li class=\"icon-stopwatch\">30 segundos de duraci\u00f3n<\/li>\n                    <li class=\"icon-images\">1 lugar de rodaje<\/li>\n                    <li class=\"icon-bar-char\">Concepto<\/li>\n                    <li class=\"icon-artist-palette\">Preproducci\u00f3n<\/li>\n                    <li class=\"icon-clapper-board\">6 horas de rodaje al d\u00eda<\/li>\n                    <li class=\"icon-film-frames\">Postproducci\u00f3n<\/li>\n                <\/ul>\n                <p><a href=\"mailto:willkommen@impulsq.de\" class=\"btn\">Hablemos<\/a><\/p>\n            <\/div>\n            <div class=\"product-box\">\n                <h4 class=\"headline icon-trophy\">M\u00e1s<\/h4>\n                <div class=\"price\"><span class=\"from\">desde<\/span> 7.790<\/div>\n                <p><strong>Ideal para proyectos de tama\u00f1o medio<\/strong><\/p>\n                <ul>\n                    <li class=\"icon-movie-camera two-icons\">Pel\u00edculas de imagen, v\u00eddeos de contrataci\u00f3n, v\u00eddeos de productos, pel\u00edculas publicitarias, retransmisiones en directo<\/li>\n                    <li class=\"icon-stopwatch two-icons\">Una versi\u00f3n larga y dos cortas<\/li>\n                    <li class=\"icon-images two-icons\">Varios lugares de rodaje<\/li>\n                    <li class=\"icon-bar-char\">Concepto<\/li>\n                    <li class=\"icon-artist-palette\">Preproducci\u00f3n<\/li>\n                    <li class=\"icon-clapper-board\">Dos d\u00edas de rodaje<\/li>\n                    <li class=\"icon-film-frames\">Postproducci\u00f3n<\/li>\n                <\/ul>\n                <p><a href=\"mailto:willkommen@impulsq.de\" class=\"btn\">Hablemos<\/a><\/p>\n            <\/div>\n            <div class=\"product-box\">\n                <h4 class=\"headline icon-bar-char\">Crecimiento<\/h4>\n                <div class=\"price\"><span class=\"from\">desde<\/span> 18.790<\/div>\n                <p><strong>Ideal para grandes proyectos<\/strong><\/p>\n                <ul>\n                    <li class=\"icon-movie-camera three-icons\">Pel\u00edculas de imagen, v\u00eddeos de contrataci\u00f3n, v\u00eddeos de productos, pel\u00edculas publicitarias, retransmisiones en directo, apoyo a eventos<\/li>\n                    <li class=\"icon-stopwatch three-icons\">Campa\u00f1a completa + fotos<\/li>\n                    <li class=\"icon-images two-icons\">Varios lugares de rodaje<\/li>\n                    <li class=\"icon-bar-char\">Concepto<\/li>\n                    <li class=\"icon-artist-palette\">Preproducci\u00f3n<\/li>\n                    <li class=\"icon-clapper-board\">Tres d\u00edas de rodaje<\/li>\n                    <li class=\"icon-film-frames\">Postproducci\u00f3n<\/li>\n                    <li class=\"icon-voltage\">Efectos especiales<\/li>\n                <\/ul>\n                <p><a href=\"mailto:willkommen@impulsq.de\" class=\"btn\">Hablemos<\/a><\/p>\n            <\/div>\n        <\/div>\n\n    <\/div>\n<\/div>\n\n<div class=\"section solutions\">\n    <div class=\"media-delivery-full-video\">\n         <div class=\"brlbs-cmpnt-container brlbs-cmpnt-content-blocker brlbs-cmpnt-with-individual-styles\" data-borlabs-cookie-content-blocker-id=\"bunnynet\" data-borlabs-cookie-content=\"PGlmcmFtZSBzcmM9Imh0dHBzOi8vaWZyYW1lLm1lZGlhZGVsaXZlcnkubmV0L2VtYmVkLzEwMjUwOS83MWNlOTY1MS0yYmRmLTQ0NzMtOTVlYy03ZDJhOWYxMGUyZDQ\/YXV0b3BsYXk9dHJ1ZSZsb29wPXRydWUmbXV0ZWQ9dHJ1ZSZwcmVsb2FkPXRydWUiIGxvYWRpbmc9ImxhenkiIGFsbG93PSJhY2NlbGVyb21ldGVyO2d5cm9zY29wZTthdXRvcGxheTtlbmNyeXB0ZWQtbWVkaWE7cGljdHVyZS1pbi1waWN0dXJlOyIgYWxsb3dmdWxsc2NyZWVuPSJ0cnVlIj48L2lmcmFtZT4=\"><\/div>\n    <\/div>\n<\/div>\n\n<div class=\"section solutions pt-2\">\n    <div class=\"wrap\">\n\n        <h2 class=\"h1\">C\u00f3mo se crean los contenidos<\/h2>\n        <h3 class=\"h2 light\">Innovar en el arte de<br\/>producci\u00f3n de contenidos<\/h3>\n        <p>\n  Estructurado y planificado: posicionamos su marca. Convertimos su idea en una obra maestra.<br\/>\n  Y en un tiempo r\u00e9cord. Gracias a una estructura bien pensada y a los profesionales del plat\u00f3.\n        <\/p>\n\n    <\/div>\n<\/div>\n\n<div class=\"section solutions pb-2\">\n    <div class=\"wrap\">\n\n        <div class=\"image-mini-article\">\n            <div class=\"article\" style=\"background-image:url(\/media\/content\/content-creation\/konzeption.webp)\">\n                <div class=\"content\">\n                    <h4 class=\"h3\">Concepto<\/h4>\n                    <p>A partir de sus ideas, creamos el gui\u00f3n y desarrollamos el gui\u00f3n gr\u00e1fico.<\/p>\n                <\/div>\n            <\/div>\n            <div class=\"article\" style=\"background-image:url(\/media\/content\/content-creation\/vorproduktion.webp)\">\n                <div class=\"content\">\n                    <h4 class=\"h3\">Preproducci\u00f3n<\/h4>\n                    <p>Se aclaran todos los aspectos organizativos necesarios. Se elige a los actores y se seleccionan las localizaciones.<\/p>\n                <\/div>\n            <\/div>\n            <div class=\"article\" style=\"background-image:url(\/media\/content\/content-creation\/dreharbeiten.webp)\">\n                <div class=\"content\">\n                    <h4 class=\"h3\">Rodaje<\/h4>\n                    <p>Comienza la magia. Nuestro equipo graba el material f\u00edlmico. Diferentes localizaciones y diferentes \u00e1ngulos de c\u00e1mara. Para un resultado perfecto.<\/p>\n                <\/div>\n            <\/div>\n            <div class=\"article\" style=\"background-image:url(\/media\/content\/content-creation\/postproduktion.webp)\">\n                <div class=\"content\">\n                    <h4 class=\"h3\">Postproducci\u00f3n<\/h4>\n                    <p>Se editan las grabaciones, se corrigen los colores, se a\u00f1aden efectos y se mezcla el sonido.<\/p>\n                <\/div>\n            <\/div>\n        <\/div>\n\n        <p><a href=\"mailto:willkommen@impulsq.de\" class=\"btn\">Consulta inicial gratuita<\/a><\/p>\n\n    <\/div>\n<\/div>\n\n<div class=\"section solutions pt-2 pb-2\">\n    <div class=\"wrap\">\n\n        <h2 class=\"h1\">Negrita. Eficaz. \u00danica.<\/h2>\n        <h3 class=\"h2\">Creamos con pasi\u00f3n<\/h3>\n\n        <div class=\"grid video-grid-nine\">\n            <div>\n                 <div class=\"brlbs-cmpnt-container brlbs-cmpnt-content-blocker brlbs-cmpnt-with-individual-styles\" data-borlabs-cookie-content-blocker-id=\"default\" data-borlabs-cookie-content=\"PGlmcmFtZSBzcmM9Imh0dHBzOi8vcGxheWVyLnZpbWVvLmNvbS92aWRlby84MTgzMTEzNDk\/aD05NmE4NTRhZjdkJmNvbG9yPWZmNDE2NCZieWxpbmU9MCIgd2lkdGg9IjY0MCIgaGVpZ2h0PSIzNjAiIGZyYW1lYm9yZGVyPSIwIiBhbGxvdz0iYXV0b3BsYXk7IGZ1bGxzY3JlZW47IHBpY3R1cmUtaW4tcGljdHVyZSIgYWxsb3dmdWxsc2NyZWVuPSIiPjwvaWZyYW1lPg==\"><div class=\"brlbs-cmpnt-cb-preset-a\"> <p class=\"brlbs-cmpnt-cb-description\">Est\u00e1s viendo un contenido de marcador de posici\u00f3n de <strong>Predeterminado<\/strong>. Para acceder al contenido real, haz clic en el siguiente bot\u00f3n. Ten en cuenta que al hacerlo compartir\u00e1s datos con terceros proveedores.<\/p> <div class=\"brlbs-cmpnt-cb-buttons\"> <a class=\"brlbs-cmpnt-cb-btn\" href=\"#\" data-borlabs-cookie-unblock role=\"button\">Desbloquear contenido<\/a> <a class=\"brlbs-cmpnt-cb-btn\" href=\"#\" data-borlabs-cookie-accept-service role=\"button\" style=\"display: none\">Aceptar el servicio requerido y desbloquear los contenidos<\/a> <\/div> <a class=\"brlbs-cmpnt-cb-provider-toggle\" href=\"#\" data-borlabs-cookie-show-provider-information role=\"button\">M\u00e1s informaci\u00f3n<\/a> <\/div><\/div>\n            <\/div>\n            <div>\n                 <div class=\"brlbs-cmpnt-container brlbs-cmpnt-content-blocker brlbs-cmpnt-with-individual-styles\" data-borlabs-cookie-content-blocker-id=\"default\" data-borlabs-cookie-content=\"PGlmcmFtZSBzcmM9Imh0dHBzOi8vcGxheWVyLnZpbWVvLmNvbS92aWRlby83OTIyNDMxNDU\/aD01ZjExOTJiNmQ3JmNvbG9yPWZmNDE2NCZieWxpbmU9MCIgd2lkdGg9IjY0MCIgaGVpZ2h0PSIzNjAiIGZyYW1lYm9yZGVyPSIwIiBhbGxvdz0iYXV0b3BsYXk7IGZ1bGxzY3JlZW47IHBpY3R1cmUtaW4tcGljdHVyZSIgYWxsb3dmdWxsc2NyZWVuPSIiPjwvaWZyYW1lPg==\"><div class=\"brlbs-cmpnt-cb-preset-a\"> <p class=\"brlbs-cmpnt-cb-description\">Est\u00e1s viendo un contenido de marcador de posici\u00f3n de <strong>Predeterminado<\/strong>. Para acceder al contenido real, haz clic en el siguiente bot\u00f3n. Ten en cuenta que al hacerlo compartir\u00e1s datos con terceros proveedores.<\/p> <div class=\"brlbs-cmpnt-cb-buttons\"> <a class=\"brlbs-cmpnt-cb-btn\" href=\"#\" data-borlabs-cookie-unblock role=\"button\">Desbloquear contenido<\/a> <a class=\"brlbs-cmpnt-cb-btn\" href=\"#\" data-borlabs-cookie-accept-service role=\"button\" style=\"display: none\">Aceptar el servicio requerido y desbloquear los contenidos<\/a> <\/div> <a class=\"brlbs-cmpnt-cb-provider-toggle\" href=\"#\" data-borlabs-cookie-show-provider-information role=\"button\">M\u00e1s informaci\u00f3n<\/a> <\/div><\/div>\n            <\/div>\n            <div>\n                 <div class=\"brlbs-cmpnt-container brlbs-cmpnt-content-blocker brlbs-cmpnt-with-individual-styles\" data-borlabs-cookie-content-blocker-id=\"default\" data-borlabs-cookie-content=\"PGlmcmFtZSBzcmM9Imh0dHBzOi8vcGxheWVyLnZpbWVvLmNvbS92aWRlby83OTgwOTEzMDY\/aD00MGNmN2QyNjYyJmNvbG9yPWZmNDE2NCZieWxpbmU9MCIgd2lkdGg9IjY0MCIgaGVpZ2h0PSIzNjAiIGZyYW1lYm9yZGVyPSIwIiBhbGxvdz0iYXV0b3BsYXk7IGZ1bGxzY3JlZW47IHBpY3R1cmUtaW4tcGljdHVyZSIgYWxsb3dmdWxsc2NyZWVuPSIiPjwvaWZyYW1lPg==\"><div class=\"brlbs-cmpnt-cb-preset-a\"> <p class=\"brlbs-cmpnt-cb-description\">Est\u00e1s viendo un contenido de marcador de posici\u00f3n de <strong>Predeterminado<\/strong>. Para acceder al contenido real, haz clic en el siguiente bot\u00f3n. Ten en cuenta que al hacerlo compartir\u00e1s datos con terceros proveedores.<\/p> <div class=\"brlbs-cmpnt-cb-buttons\"> <a class=\"brlbs-cmpnt-cb-btn\" href=\"#\" data-borlabs-cookie-unblock role=\"button\">Desbloquear contenido<\/a> <a class=\"brlbs-cmpnt-cb-btn\" href=\"#\" data-borlabs-cookie-accept-service role=\"button\" style=\"display: none\">Aceptar el servicio requerido y desbloquear los contenidos<\/a> <\/div> <a class=\"brlbs-cmpnt-cb-provider-toggle\" href=\"#\" data-borlabs-cookie-show-provider-information role=\"button\">M\u00e1s informaci\u00f3n<\/a> <\/div><\/div>\n            <\/div>\n            <div>\n                 <div class=\"brlbs-cmpnt-container brlbs-cmpnt-content-blocker brlbs-cmpnt-with-individual-styles\" data-borlabs-cookie-content-blocker-id=\"default\" data-borlabs-cookie-content=\"PGlmcmFtZSBzcmM9Imh0dHBzOi8vcGxheWVyLnZpbWVvLmNvbS92aWRlby83ODU5OTA0OTY\/aD0yMjgyMzQwMWVhJmNvbG9yPWZmNDE2NCZieWxpbmU9MCIgd2lkdGg9IjY0MCIgaGVpZ2h0PSIzNjAiIGZyYW1lYm9yZGVyPSIwIiBhbGxvdz0iYXV0b3BsYXk7IGZ1bGxzY3JlZW47IHBpY3R1cmUtaW4tcGljdHVyZSIgYWxsb3dmdWxsc2NyZWVuPSIiPjwvaWZyYW1lPg==\"><div class=\"brlbs-cmpnt-cb-preset-a\"> <p class=\"brlbs-cmpnt-cb-description\">Est\u00e1s viendo un contenido de marcador de posici\u00f3n de <strong>Predeterminado<\/strong>. Para acceder al contenido real, haz clic en el siguiente bot\u00f3n. Ten en cuenta que al hacerlo compartir\u00e1s datos con terceros proveedores.<\/p> <div class=\"brlbs-cmpnt-cb-buttons\"> <a class=\"brlbs-cmpnt-cb-btn\" href=\"#\" data-borlabs-cookie-unblock role=\"button\">Desbloquear contenido<\/a> <a class=\"brlbs-cmpnt-cb-btn\" href=\"#\" data-borlabs-cookie-accept-service role=\"button\" style=\"display: none\">Aceptar el servicio requerido y desbloquear los contenidos<\/a> <\/div> <a class=\"brlbs-cmpnt-cb-provider-toggle\" href=\"#\" data-borlabs-cookie-show-provider-information role=\"button\">M\u00e1s informaci\u00f3n<\/a> <\/div><\/div>\n            <\/div>\n            <div>\n                 <div class=\"brlbs-cmpnt-container brlbs-cmpnt-content-blocker brlbs-cmpnt-with-individual-styles\" data-borlabs-cookie-content-blocker-id=\"default\" data-borlabs-cookie-content=\"PGlmcmFtZSBzcmM9Imh0dHBzOi8vcGxheWVyLnZpbWVvLmNvbS92aWRlby83OTY4OTQ1MDc\/aD1kMzZlMmYyMmIyJmNvbG9yPWZmNDE2NCZieWxpbmU9MCIgd2lkdGg9IjY0MCIgaGVpZ2h0PSIzNjAiIGZyYW1lYm9yZGVyPSIwIiBhbGxvdz0iYXV0b3BsYXk7IGZ1bGxzY3JlZW47IHBpY3R1cmUtaW4tcGljdHVyZSIgYWxsb3dmdWxsc2NyZWVuPSIiPjwvaWZyYW1lPg==\"><div class=\"brlbs-cmpnt-cb-preset-a\"> <p class=\"brlbs-cmpnt-cb-description\">Est\u00e1s viendo un contenido de marcador de posici\u00f3n de <strong>Predeterminado<\/strong>. Para acceder al contenido real, haz clic en el siguiente bot\u00f3n. Ten en cuenta que al hacerlo compartir\u00e1s datos con terceros proveedores.<\/p> <div class=\"brlbs-cmpnt-cb-buttons\"> <a class=\"brlbs-cmpnt-cb-btn\" href=\"#\" data-borlabs-cookie-unblock role=\"button\">Desbloquear contenido<\/a> <a class=\"brlbs-cmpnt-cb-btn\" href=\"#\" data-borlabs-cookie-accept-service role=\"button\" style=\"display: none\">Aceptar el servicio requerido y desbloquear los contenidos<\/a> <\/div> <a class=\"brlbs-cmpnt-cb-provider-toggle\" href=\"#\" data-borlabs-cookie-show-provider-information role=\"button\">M\u00e1s informaci\u00f3n<\/a> <\/div><\/div>\n            <\/div>\n        <\/div>\n\n    <\/div>\n<\/div>\n\n<div class=\"section solutions pt-2 pb-2\">\n    <div class=\"wrap\">\n\n        <h2 class=\"h1\">\u00bfEs usted visible para su grupo destinatario?<\/h2>\n\n        <blockquote class=\"big\">\u00bfEs su oferta mejor que la de la competencia?<br\/>\n  Le creemos. Pero, \u00bfsu<br\/>\n  \u00bfGrupo destinatario? Le ayudamos a garantizar que su oferta cumple los<br\/>\n  reciba la atenci\u00f3n que merece.<\/blockquote>\n\n        <p><strong>PLASMAMOS SU MENSAJE EN UN V\u00cdDEO PROFESIONAL<\/strong><\/p>\n\n        <div class=\"person\">\n            <img loading=\"lazy\" decoding=\"async\" alt=\"\" src=\"\/media\/person\/lukas-werlich.webp\" width=\"160\" height=\"160\"\/>\n            <div class=\"name\">Lukas Werlich<\/div>\n            <div class=\"position\">Jefe de producci\u00f3n<\/div>\n        <\/div>\n\n    <\/div>\n<\/div>\n\n<div class=\"section solutions\">\n    <div class=\"decoration-image\">\n        <picture>\n            <img loading=\"lazy\" decoding=\"async\" alt=\"\" src=\"\/media\/header\/video-marketing.webp\" height=\"710\" width=\"1920\"\/>\n        <\/picture>\n    <\/div>\n<\/div>\n\n<div class=\"section solutions pb-2\">\n    <div class=\"wrap\">\n\n        <div class=\"in-numbers\">\n\n            <h2 class=\"h1\">Potente. Atractivo. Atractivo.<\/h2>\n            <h3 class=\"h2\">El poder de la producci\u00f3n de contenidos<\/h3>\n\n            <ul>\n                <li>\n                    <strong>88%<\/strong>\n  Un usuario medio pasa un 88% m\u00e1s de tiempo en un sitio web con v\u00eddeo. La tasa de conversi\u00f3n aumenta hasta un 80%.\n                <\/li>\n                <li>\n                    <strong>96%<\/strong>\n  El 96% de los j\u00f3venes de 18 a 29 a\u00f1os ven contenidos en movimiento en Internet varias veces a la semana. Entre las personas de 30 a 49 a\u00f1os, la cifra es del 81%.\n                <\/li>\n                <li>\n                    <strong>80%<\/strong>\n  La gente retiene el 10% de lo que oye, el 20% de lo que lee, pero el 80% de lo que ve.\n                <\/li>\n            <\/ul>\n\n        <\/div>\n\n    <\/div>\n<\/div>\n\n<div class=\"section solutions\" id=\"calendly\">\n    <div class=\"wrap\">\n\n        <h2 class=\"h1\">Asesoramiento gratuito<\/h2>\n        <h3 class=\"h2 light\">\u00bfHablamos de su<br\/>\u00bfProyecto de v\u00eddeo?<\/h3>\n        <p>\n  Tenemos profesionales en todos los campos. Independientemente de si necesita una producci\u00f3n fotogr\u00e1fica sencilla o\n  busca un paquete completo con inserci\u00f3n de anuncios: hacemos realidad sus deseos.\n  posible y apoyarle siempre que podamos.\n        <\/p>\n\n        <h3 class=\"h1\">Seleccione una franja horaria libre<\/h3>\n         <div class=\"brlbs-cmpnt-container brlbs-cmpnt-content-blocker brlbs-cmpnt-with-individual-styles\" data-borlabs-cookie-content-blocker-id=\"calendly\" data-borlabs-cookie-content=\"PGlmcmFtZSBjbGFzcz0iYXBwb2ludG1lbnQtaWZyYW1lIiBzcmM9Imh0dHBzOi8vY2FsZW5kbHkuY29tL2ltcHVsc3EvdmlkZW8tcHJvZHVrdGlvbiIgd2lkdGg9IjYwMCIgaGVpZ2h0PSI0MTAiPjwvaWZyYW1lPg==\"><div class=\"brlbs-cmpnt-cb-preset-a\"> <p class=\"brlbs-cmpnt-cb-description\">Est\u00e1 viendo un contenido provisional de <strong>Calendly<\/strong>. Para acceder al contenido real, haga clic en el bot\u00f3n de abajo. Tenga en cuenta que al hacerlo se transmitir\u00e1n datos a terceros.<\/p> <div class=\"brlbs-cmpnt-cb-buttons\"> <a class=\"brlbs-cmpnt-cb-btn\" href=\"#\" data-borlabs-cookie-unblock role=\"button\">Desbloquear contenido<\/a> <a class=\"brlbs-cmpnt-cb-btn\" href=\"#\" data-borlabs-cookie-accept-service role=\"button\" style=\"display: <m id=\"3\">&quot;&gt;Aceptar el servicio necesario y desbloquear el contenido<\/a> <\/div> <a class=\"brlbs-cmpnt-cb-provider-toggle\" href=\"#\" data-borlabs-cookie-show-provider-information role=\"button\">M\u00e1s informaci\u00f3n<\/a> <\/div><\/div>\n\n    <\/div>\n<\/div>\n","protected":false},"excerpt":{"rendered":"<p>Producci\u00f3n fotogr\u00e1fica y de v\u00eddeo Foto personalizada &#038;Producciones de v\u00eddeopara su proyecto Contamos su historia. Con coraz\u00f3n y pasi\u00f3n. Con creatividades fotogr\u00e1ficas y de v\u00eddeo \u00fanicas, ayudamos a las empresas a presentar sus ideas de forma convincente y a visualizar la calidad de su oferta. Consulta inicial gratuita Apoyo a eventos V\u00eddeos de productos Producci\u00f3n [&hellip;]<\/p>\n","protected":false},"author":1,"featured_media":0,"parent":0,"menu_order":1,"comment_status":"closed","ping_status":"closed","template":"template-dark.php","meta":{"_acf_changed":false,"_uag_custom_page_level_css":"","footnotes":""},"class_list":["post-522","page","type-page","status-publish","hentry"],"acf":[],"uagb_featured_image_src":{"full":false,"thumbnail":false,"medium":false,"medium_large":false,"large":false,"1536x1536":false,"2048x2048":false,"magazin-single":false,"magazin-single-2x":false,"magazin-big":false,"magazin-big-2x":false,"magazin-medium":false,"magazin-medium-2x":false,"magazin-small":false,"magazin-small-2x":false,"magazin-phone":false,"magazin-phone-2x":false,"onboarding_mobile":false,"onboarding_mobile_retina":false},"uagb_author_info":{"display_name":"impulsQ GmbH","author_link":"https:\/\/impulsq.de\/es\/author\/vanessa\/"},"uagb_comment_info":0,"uagb_excerpt":"Producci\u00f3n fotogr\u00e1fica y de v\u00eddeo Foto personalizada &#038;Producciones de v\u00eddeopara su proyecto Contamos su historia. Con coraz\u00f3n y pasi\u00f3n. Con creatividades fotogr\u00e1ficas y de v\u00eddeo \u00fanicas, ayudamos a las empresas a presentar sus ideas de forma convincente y a visualizar la calidad de su oferta. Consulta inicial gratuita Apoyo a eventos V\u00eddeos de productos Producci\u00f3n&hellip;","_links":{"self":[{"href":"https:\/\/impulsq.de\/es\/wp-json\/wp\/v2\/pages\/522","targetHints":{"allow":["GET"]}}],"collection":[{"href":"https:\/\/impulsq.de\/es\/wp-json\/wp\/v2\/pages"}],"about":[{"href":"https:\/\/impulsq.de\/es\/wp-json\/wp\/v2\/types\/page"}],"author":[{"embeddable":true,"href":"https:\/\/impulsq.de\/es\/wp-json\/wp\/v2\/users\/1"}],"replies":[{"embeddable":true,"href":"https:\/\/impulsq.de\/es\/wp-json\/wp\/v2\/comments?post=522"}],"version-history":[{"count":1,"href":"https:\/\/impulsq.de\/es\/wp-json\/wp\/v2\/pages\/522\/revisions"}],"predecessor-version":[{"id":523,"href":"https:\/\/impulsq.de\/es\/wp-json\/wp\/v2\/pages\/522\/revisions\/523"}],"wp:attachment":[{"href":"https:\/\/impulsq.de\/es\/wp-json\/wp\/v2\/media?parent=522"}],"curies":[{"name":"wp","href":"https:\/\/api.w.org\/{rel}","templated":true}]}}