{"id":556,"date":"2024-01-08T12:37:46","date_gmt":"2024-01-08T12:37:46","guid":{"rendered":"https:\/\/impulsq.de\/referencias\/casos-practicos\/medios-sociales-para-bausatzhaus\/"},"modified":"2024-01-30T14:05:04","modified_gmt":"2024-01-30T14:05:04","slug":"medios-sociales-para-bausatzhaus","status":"publish","type":"page","link":"https:\/\/impulsq.de\/es\/casos-practicos\/medios-sociales-para-bausatzhaus\/","title":{"rendered":"Medios sociales para Bausatzhaus"},"content":{"rendered":"\n<div class=\"section references main-color darken-background pb-3\">\n    <div class=\"wrap\">\n\n        <h1 class=\"h1\">Estudio de caso \/ Estudio de caso Bausatzhaus<\/h1>\n        <h2 class=\"h2\">\n  Aumento del <span class=\"highlight\">tr\u00e1fico en las redes sociales en un 1.814%<\/span>.<br\/>\n <span class=\"highlight\">106% de<\/span> aumento de <span class=\"highlight\">seguidores\/fans<\/span>\n        <\/h2>\n\n    <\/div>\n <div class=\"wrap\">\n\n        <a href=\"#calendly\" class=\"btn dark\">Realmente emocionante. Me gustar\u00eda escuchar su oferta ><\/a>\n\n    <\/div>\n<\/div>\n\n<div class=\"section references top-box\">\n    <div class=\"wrap\">\n\n        <div class=\"box\">\n            <div class=\"additional-info\">Con una inversi\u00f3n de 4.000 euros<\/div>\n            <ul class=\"row\">\n                <li>\n                    <span class=\"percentage-raise\">1.814 %<\/span>\n  Tr\u00e1fico en las redes sociales (sitio web)\n                <\/li>\n                <li>\n                    <span class=\"percentage-raise\">106 %<\/span>\n  Seguidores\/fans en las redes sociales\n                <\/li>\n                <li>\n                    <span class=\"percentage-raise\">193.716<\/span>\n  Impresiones\n                <\/li>\n                <li>\n                    <span class=\"percentage-raise\">10.509<\/span>\n  Visitantes \u00fanicos\n                <\/li>\n            <\/ul>\n        <\/div>\n\n    <\/div>\n<\/div>\n\n<div class=\"section references pb-2\">\n    <div class=\"wrap\">\n\n        <div class=\"media-article box-media\">\n            <div class=\"media\">\n                <div class=\"headline\">Palabra clave dificultad<\/div>\n                <figure class=\"speedometer\">\n                    <img loading=\"lazy\" decoding=\"async\" src=\"\/media\/content\/case-studie\/speedmeter-72.svg\" width=\"237\" height=\"164\" alt=\"\"\/>\n                    <figcaption><span>60<\/span> Muy dif\u00edcil<\/figcaption>\n                <\/figure>\n                <p class=\"aside\">\n  Estimamos que necesita backlinks de 224 sitios web,\n  para estar entre los 10 primeros de esta palabra clave.\n                <\/p>\n            <\/div>\n            <div class=\"content\">\n                <h2 class=\"h3\">Impulsa casas s\u00f3lidas en las redes sociales<br\/>Muy dif\u00edcil. No para nosotros.<\/h2>\n                <p>\n  Un constructor de casas local suena de todo menos sexy al principio. No suena como social\n  Medios de comunicaci\u00f3n. No es de extra\u00f1ar, por tanto, que no existiera el concepto de social media y que el canal social fuera s\u00f3lo\n  se ha descuidado.\n                <\/p>\n                <p>\n  Afortunadamente, se nos permiti\u00f3 cambiar eso y dar rienda suelta a nuestra creatividad. Creatividad y\n  Tambi\u00e9n se necesita urgentemente un enfoque hol\u00edstico. Al fin y al cabo, se trata de un\n  Nicho con poco sex appeal. Nos encantan este tipo de retos. Lo casi imposible al final\n  posible.\n                <\/p>\n                <p>\n  Objetivos del cliente: Captar nuevos clientes a trav\u00e9s de las redes sociales. Alcance en las redes sociales\n  acumularse. Establecer procesos.\n                <\/p>\n                <p>\n                    <strong>Nuestra reacci\u00f3n: \u00a1Reto aceptado!<\/strong>\n                <\/p>\n            <\/div>\n        <\/div>\n\n    <\/div>\n<\/div>\n\n<div class=\"section references pt-2\">\n    <div class=\"wrap\">\n\n        <h2 class=\"h1\">\u00bfPor qu\u00e9 aceptamos el pedido? Kim Adamek lo explica:<\/h2>\n        <blockquote class=\"big\">El equipo fue muy amable y enseguida nos llevamos bien. Todo era\n  comunicaron con transparencia y sab\u00edamos en qu\u00e9 nos met\u00edamos.<\/blockquote>\n        <p>\n  Quedamos encantados con la consulta y la aceptaci\u00f3n resultante. Ten\u00edamos claro que si\n  Nosotros no, \u00bfqui\u00e9n si no? Una parte importante de nuestro trabajo consisti\u00f3 en la planificaci\u00f3n estrat\u00e9gica. Todo lo necesario\n  Los procesos de las redes sociales se han elaborado cuidadosamente para que el traspaso posterior funcione a la perfecci\u00f3n.\n  Al final, est\u00e1bamos tan contentos como nuestro cliente. Es estupendo cuando se aprecia el trabajo.\n        <\/p>\n\n        <div class=\"person\">\n            <img loading=\"lazy\" decoding=\"async\" alt=\"\" src=\"\/media\/person\/kim-adamek.webp\" width=\"160\" height=\"160\"\/>\n            <div class=\"name\">Kim Adamek<\/div>\n            <div class=\"position\">Director General<\/div>\n        <\/div>\n\n    <\/div>\n<\/div>\n\n<div class=\"section references pb-2\">\n    <div class=\"wrap\">\n\n        <div class=\"media-article box-media\">\n            <div class=\"content\">\n                <h2 class=\"h3\">Implantar procesos y comprobar su \u00e9xito<\/h2>\n                <p>\n  Al principio de la colaboraci\u00f3n se elabor\u00f3 una estrategia de contenidos no comerciales. En el\n  Adem\u00e1s de las palabras clave investigadas, tambi\u00e9n se analizaron la intenci\u00f3n de b\u00fasqueda de los usuarios y los t\u00e9rminos buscados.\n  usuario.\n                <\/p>\n                <p>\n  La visibilidad en los motores de b\u00fasqueda ha aumentado gracias a la creaci\u00f3n de un centro de contenidos y ha\n  Las impresiones de p\u00e1ginas aumentaron significativamente. Al mismo tiempo, bas\u00e1ndonos en los contenidos creados, pudimos\n  Alimente los canales de las redes sociales con las publicaciones iniciales.\n                <\/p>\n                <p>\n  Para garantizar que el cliente recibe toda la atenci\u00f3n en los medios sociales, nuestra Creaci\u00f3n de contenidos\n  departamento cre\u00f3 varios elementos visuales [im\u00e1genes, v\u00eddeos, GIF].\n                <\/p>\n                <p>\n  Por supuesto, no basta con publicar art\u00edculos. Gesti\u00f3n comunitaria eficaz\n  que hab\u00eda que aplicar. Lo que hemos hecho a prop\u00f3sito y con \u00e9xito. Desde el principio\n  Cuando empezamos a trabajar juntos, nos dimos cuenta de que est\u00e1bamos contratados como agencia temporal. Nuestra tarea\n  era establecer procesos y crear anteproyectos. Cuando nuestro planteamiento demostr\u00f3 ser\n  con \u00e9xito, hemos subcontratado el apoyo de los medios sociales a la agencia Haus und Hof de la\n  clientes.\n                <\/p>\n                <p>\n                    <strong>Puede leer las opiniones de los clientes sobre nuestro trabajo en este estudio de caso en el\n  Lea el testimonio.<\/strong>\n                <\/p>\n            <\/div>\n            <div class=\"media\">\n                <div class=\"headline\">ESTO ES S\u00d3LO EL PRINCIPIO<\/div>\n                <ul class=\"raise-list\">\n                    <li>\n                        <span class=\"label\">Inversi\u00f3n<\/span>\n                        <span class=\"value\">4.000\u20ac<\/span>\n\n                    <\/li>\n                    <li>\n                        <span class=\"label\">Seguidores\/fans en las redes sociales:<br\/>Durante nuestra colaboraci\u00f3n<\/span>\n                        <span class=\"value\">4.368 <span class=\"from\">de 2.113<\/span><\/span>\n                    <\/li>\n                    <li>\n                        <span class=\"label\">Seguidores\/fans en las redes sociales:<br\/>Actual<\/span>\n                        <span class=\"value\">5.400<\/span>\n                    <\/li>\n                    <li>\n                        <span class=\"label\">Tr\u00e1fico en las redes sociales (sitio web propio)<\/span>\n                        <span class=\"value\">2.068 <span class=\"from\">de 108 al mes<\/span><\/span>\n                    <\/li>\n                    <li>\n                        <span class=\"label\">Facturaci\u00f3n<\/span>\n                        <span class=\"value\">6.100.000 \u20ac<br\/><span class=\"from\">de 5.900.000 euros<\/span><\/span>\n                        <span class=\"raise\">+3,38 %<\/span>\n                    <\/li>\n                <\/ul>\n                <ul class=\"metas\">\n                    <li>\n                        <span class=\"label\">Cliente desde<\/span>\n                        <span class=\"value\">1,5 a\u00f1os<\/span>\n                    <\/li>\n                    <li>\n                        <span class=\"label\">Cliente<\/span>\n                        <span class=\"value\">Kit casa<\/span>\n                    <\/li>\n                <\/ul>\n            <\/div>\n        <\/div>\n\n    <\/div>\n<\/div>\n\n<div class=\"section references main-color darken-background pt-2 pb-2\">\n    <div class=\"wrap\">\n\n        <h2 class=\"h2\">Cuatro pasos para 193.716 impresiones<br\/>y un 106% m\u00e1s de seguidores\/fans<\/h2>\n\n        <div class=\"read-more-articles plus-icons\">\n            <div class=\"article has-more\" data-modal-mode=\"read-more\" data-modal-theme=\"references\">\n                <h4 class=\"headline\">Plan editorial<\/h4>\n                <p>\n  Quer\u00edamos establecer una autoridad en el sector de la construcci\u00f3n s\u00f3lida para nuestro cliente. Para ello tenemos\n  Contenidos completos y espec\u00edficos adaptados a la intenci\u00f3n de b\u00fasqueda hasta el m\u00e1s m\u00ednimo detalle.\n  previsto. El \u00e9xito no es casualidad.\n                <\/p>\n                <button type=\"button\">M\u00e1s<\/button>\n            <\/div>\n            <div class=\"article has-more\" data-modal-mode=\"read-more\" data-modal-theme=\"references\">\n                <h4 class=\"headline\">B\u00fasqueda de palabras clave<\/h4>\n                <p>\n  Toda estrategia de contenidos sensata empieza por la planificaci\u00f3n. La b\u00fasqueda de palabras clave es de\n  de importancia central. Pudimos encontrar las palabras clave adecuadas y la correspondiente intenci\u00f3n de b\u00fasqueda\n  identificar. Se agruparon todos los datos de palabras clave y se transfirieron a un plan editorial.\n                <\/p>\n                <button type=\"button\">M\u00e1s<\/button>\n            <\/div>\n            <div class=\"article has-more\" data-modal-mode=\"read-more\" data-modal-theme=\"references\">\n                <h4 class=\"headline\">Medios sociales y gesti\u00f3n de comunidades<\/h4>\n                <p>\n  Nuestro compromiso se centr\u00f3 en Facebook, LinkedIn e Instagram. Trabajamos con todos los clientes\n  Trabajamos exclusivamente con planes editoriales y no dejamos nada al azar. Toda la sociedad\n  La comparecencia ante los medios de comunicaci\u00f3n se planific\u00f3 meticulosamente y de forma independiente. El contenido a publicar fue determinado por\n  creados y compartidos por nuestro equipo creativo. En tiempo real, nuestros asesores en medios sociales han\n  Comentarios, menciones&#8230; contestadas. Nuestro objetivo: convertir a los seguidores en aut\u00e9nticos embajadores de la marca.\n                <\/p>\n                <button type=\"button\">M\u00e1s<\/button>\n            <\/div>\n            <div class=\"article has-more\" data-modal-mode=\"read-more\" data-modal-theme=\"references\">\n                <h4 class=\"headline\">Redacci\u00f3n y publicaci\u00f3n de contenidos<\/h4>\n                <p>\n  Ten\u00edamos grandes expectativas puestas en nuestros editores. En tiempos de ChatGpt, la palabra \u00abvalor a\u00f1adido\u00bb gana\n  dr\u00e1sticamente en importancia. Rechazamos los desiertos de texto y la irrelevancia. La soluci\u00f3n:\n  Gran contenido + medios visuales + dise\u00f1o atractivo del contenido.\n                <\/p>\n                <button type=\"button\">M\u00e1s<\/button>\n            <\/div>\n        <\/div>\n\n    <\/div>\n<\/div>\n\n<div class=\"section references pt-2\">\n    <div class=\"wrap\">\n\n        <h2 class=\"h1\">Por qu\u00e9 el cliente aprecia la colaboraci\u00f3n<\/h2>\n        <blockquote class=\"big\">Las ideas creativas nos hacen sentir que estamos en buenas manos y siempre recogidos. A trav\u00e9s y\n  mediante una buena cooperaci\u00f3n. Absolutamente recomendable.<\/blockquote>\n\n        <div class=\"person\">\n            <div class=\"name\">Melanie K.<\/div>\n            <div class=\"position\">Marketing<\/div>\n        <\/div>\n\n    <\/div>\n<\/div>\n\n<div class=\"section references\">\n    <div class=\"wrap\">\n\n        <h2 class=\"h1\">Redes sociales en marcha<\/h2>\n        <h3 class=\"h2\">Resultados convincentes &#8211; concepto probado<\/h3>\n        <p>\n  El alcance de las redes sociales es casi ilimitado. Para poder aprovechar todo el potencial,\n  hay que cuidar a los clientes durante a\u00f1os. Esto cuesta dinero, porque la \u00abmierda caliente\u00bb s\u00f3lo puede ser\n  se pueden crear recursos. Nuestra tarea no era conseguir 20.000 nuevos seguidores\/fans.\n  generar. M\u00e1s bien, hemos sentado las bases. Tenemos procesos establecidos. Estrategias probadas y\n  Todo se entrega al cliente y a su agencia tras una fase de \u00e9xito. En este plazo\n  Logramos un aumento significativo en el \u00e1mbito de las redes sociales. Las ventas del cliente tambi\u00e9n fueron\n  aumentar considerablemente.\n        <\/p>\n\n        <div class=\"person\">\n            <div class=\"name\">Melanie K.<\/div>\n            <div class=\"position\">Marketing<\/div>\n        <\/div>\n\n    <\/div>\n\n<div class=\"section references\">\n    <div class=\"wrap\">\n\n        <div class=\"cert-row\">\n            <div class=\"c50\">\n                <div class=\"chart\">\n                    <h2 class=\"headline\">Mejora de las redes sociales<\/h2>\n                    <img decoding=\"async\" src=\"\/media\/content\/case-studie\/charts\/RANKSIDER_20_Backlinks_aus_der_SEO-Szene_02.webp\" alt=\"\"\/>\n                <\/div>\n            <\/div>\n            <div class=\"c50\">\n                <div class=\"chart\">\n                    <h2 class=\"headline\">Desarrollo de ventas<\/h2>\n                    <img decoding=\"async\" src=\"\/media\/content\/case-studie\/charts\/RANKSIDER_82_Prozent_mehr_Registrationen_01.webp\" alt=\"\"\/>\n                <\/div>\n            <\/div>\n        <\/div>\n\n    <\/div>\n<\/div>\n\n<div class=\"section references pt-2 pb-2\" id=\"calendly\">\n    <div class=\"wrap\">\n\n        <h2 class=\"h1\">Elija ya una fecha de lanzamiento<\/h2>\n        <h3 class=\"h2\">Por fin se inicia en las redes sociales<\/h3>\n        <p>\n  \u00bfLe ha interesado el estudio de caso sobre las redes sociales? Atendemos a muchos clientes de esta zona.\n  Quiz\u00e1 pronto sea usted uno de ellos. En el primer paso, podemos tener una charla no vinculante.\n  Compruebe si hay alguna coincidencia y si tenemos la soluci\u00f3n adecuada para su reto. Elija uno de los siguientes\n  cita gratuita y nos vemos en la llamada de Zoom. Estamos deseando verle.\n        <\/p>\n        <h3 class=\"h4\">Seleccione una franja horaria libre<\/h3>\n         <div class=\"brlbs-cmpnt-container brlbs-cmpnt-content-blocker brlbs-cmpnt-with-individual-styles\" data-borlabs-cookie-content-blocker-id=\"calendly\" data-borlabs-cookie-content=\"PGlmcmFtZSBjbGFzcz0iYXBwb2ludG1lbnQtaWZyYW1lIiBzcmM9Imh0dHBzOi8vY2FsZW5kbHkuY29tL2ltcHVsc3Evc29jaWFsLW1lZGlhIiB3aWR0aD0iNjAwIiBoZWlnaHQ9IjQxMCI+PC9pZnJhbWU+\"><div class=\"brlbs-cmpnt-cb-preset-a\"> <p class=\"brlbs-cmpnt-cb-description\">Est\u00e1 viendo un contenido provisional de <strong>Calendly<\/strong>. Para acceder al contenido real, haga clic en el bot\u00f3n de abajo. Tenga en cuenta que al hacerlo se transmitir\u00e1n datos a terceros.<\/p> <div class=\"brlbs-cmpnt-cb-buttons\"> <a class=\"brlbs-cmpnt-cb-btn\" href=\"#\" data-borlabs-cookie-unblock role=\"button\">Desbloquear contenido<\/a> <a class=\"brlbs-cmpnt-cb-btn\" href=\"#\" data-borlabs-cookie-accept-service role=\"button\" style=\"display: <m id=\"3\">&quot;&gt;Aceptar el servicio necesario y desbloquear el contenido<\/a> <\/div> <a class=\"brlbs-cmpnt-cb-provider-toggle\" href=\"#\" data-borlabs-cookie-show-provider-information role=\"button\">M\u00e1s informaci\u00f3n<\/a> <\/div><\/div>\n\n    <\/div>\n<\/div>\n<\/div>","protected":false},"excerpt":{"rendered":"<p>Estudio de caso \/ Estudio de caso Bausatzhaus Aumento del tr\u00e1fico en las redes sociales en un 1.814%. 106% de aumento de seguidores\/fans Realmente emocionante. Me gustar\u00eda escuchar su oferta > Con una inversi\u00f3n de 4.000 euros 1.814 % Tr\u00e1fico en las redes sociales (sitio web) 106 % Seguidores\/fans en las redes sociales 193.716 Impresiones [&hellip;]<\/p>\n","protected":false},"author":1,"featured_media":0,"parent":474,"menu_order":4,"comment_status":"closed","ping_status":"closed","template":"template-bright.php","meta":{"_acf_changed":false,"_uag_custom_page_level_css":"","footnotes":""},"class_list":["post-556","page","type-page","status-publish","hentry"],"acf":[],"uagb_featured_image_src":{"full":false,"thumbnail":false,"medium":false,"medium_large":false,"large":false,"1536x1536":false,"2048x2048":false,"magazin-single":false,"magazin-single-2x":false,"magazin-big":false,"magazin-big-2x":false,"magazin-medium":false,"magazin-medium-2x":false,"magazin-small":false,"magazin-small-2x":false,"magazin-phone":false,"magazin-phone-2x":false,"onboarding_mobile":false,"onboarding_mobile_retina":false},"uagb_author_info":{"display_name":"impulsQ GmbH","author_link":"https:\/\/impulsq.de\/es\/author\/vanessa\/"},"uagb_comment_info":0,"uagb_excerpt":"Estudio de caso \/ Estudio de caso Bausatzhaus Aumento del tr\u00e1fico en las redes sociales en un 1.814%. 106% de aumento de seguidores\/fans Realmente emocionante. Me gustar\u00eda escuchar su oferta > Con una inversi\u00f3n de 4.000 euros 1.814 % Tr\u00e1fico en las redes sociales (sitio web) 106 % Seguidores\/fans en las redes sociales 193.716 Impresiones&hellip;","_links":{"self":[{"href":"https:\/\/impulsq.de\/es\/wp-json\/wp\/v2\/pages\/556","targetHints":{"allow":["GET"]}}],"collection":[{"href":"https:\/\/impulsq.de\/es\/wp-json\/wp\/v2\/pages"}],"about":[{"href":"https:\/\/impulsq.de\/es\/wp-json\/wp\/v2\/types\/page"}],"author":[{"embeddable":true,"href":"https:\/\/impulsq.de\/es\/wp-json\/wp\/v2\/users\/1"}],"replies":[{"embeddable":true,"href":"https:\/\/impulsq.de\/es\/wp-json\/wp\/v2\/comments?post=556"}],"version-history":[{"count":2,"href":"https:\/\/impulsq.de\/es\/wp-json\/wp\/v2\/pages\/556\/revisions"}],"predecessor-version":[{"id":718,"href":"https:\/\/impulsq.de\/es\/wp-json\/wp\/v2\/pages\/556\/revisions\/718"}],"up":[{"embeddable":true,"href":"https:\/\/impulsq.de\/es\/wp-json\/wp\/v2\/pages\/474"}],"wp:attachment":[{"href":"https:\/\/impulsq.de\/es\/wp-json\/wp\/v2\/media?parent=556"}],"curies":[{"name":"wp","href":"https:\/\/api.w.org\/{rel}","templated":true}]}}