{"id":569,"date":"2023-12-11T13:43:56","date_gmt":"2023-12-11T13:43:56","guid":{"rendered":"https:\/\/impulsq.de\/inicio\/"},"modified":"2024-02-02T13:06:44","modified_gmt":"2024-02-02T13:06:44","slug":"inicio","status":"publish","type":"page","link":"https:\/\/impulsq.de\/es\/","title":{"rendered":"Inicio"},"content":{"rendered":"\n<div class=\"section\" style=\"background-image: url(\/media\/content\/start\/section-1.webp)\">\n    <div class=\"wrap\">\n        <div id=\"start-title\">\n            <h1>\n Escala sin l\u00edmites\n                <span>Marketing de alto rendimiento como servicio<\/span>\n            <\/h1>\n        <\/div>\n    <\/div>\n<\/div>\n\n<div class=\"section solutions bt pt-3 pb-3\" style=\"background-image: url(\/media\/content\/start\/section-2.webp)\">\n    <div class=\"wrap\">\n        <div class=\"section-content\">\n            <h2>Nunca m\u00e1s<br\/>  en otros lugares <span class=\"highlight\">backlinks<\/span><br\/>  \u00a1quiero comprar!<\/h2>\n            <p>\n Comprar backlinks<br\/>\n                <a href=\"https:\/\/impulsq.de\/es\/soluciones\/enlaces-de-retroceso\/comprar-backlinks-en-el-mercado\/\" class=\"btn btn-off\">M\u00e1s informaci\u00f3n<\/a>\n            <\/p>\n            <p>\n Precios de Backlinks<br\/>\n                <a href=\"https:\/\/impulsq.de\/es\/soluciones\/enlaces-de-retroceso\/precios-de-backlinks\/\" class=\"btn btn-off\">M\u00e1s informaci\u00f3n<\/a>\n            <\/p>\n        <\/div>\n        <div class=\"media\" id=\"media-display\">\n            <img loading=\"lazy\" decoding=\"async\" alt=\"\" src=\"\/media\/content\/start\/display.webp\" width=\"587\" height=\"539\"\/>\n        <\/div>\n    <\/div>\n    <img loading=\"lazy\" decoding=\"async\" class=\"dice dice-55\" src=\"\/media\/content\/start\/dices\/dice-55.webp\" width=\"92\" height=\"91\" alt=\"\"\/>\n    <img loading=\"lazy\" decoding=\"async\" class=\"dice dice-68\" src=\"\/media\/content\/start\/dices\/dice-68.webp\" width=\"89\" height=\"81\" alt=\"\"\/>\n    <img loading=\"lazy\" decoding=\"async\" class=\"dice dice-53\" src=\"\/media\/content\/start\/dices\/dice-53.webp\" width=\"92\" height=\"94\" alt=\"\"\/>\n<\/div>\n\n<div class=\"section solutions pt-3 pb-3 cr\" style=\"background-image: url(\/media\/content\/start\/section-3.webp)\">\n    <div class=\"wrap\">\n        <div class=\"section-content\">\n            <h2>Por qu\u00e9 necesitas backlinks<br\/>  de <span class=\"highlight\">Alemania<\/span> en<br\/>  impulsQ \u00bfdebe comprar?<\/h2>\n            <p>\n Linkbuilding Alemania<br\/>\n                <a href=\"https:\/\/impulsq.de\/es\/soluciones\/enlaces-de-retroceso\/linkbuilding-alemania\/\" class=\"btn btn-off\">M\u00e1s informaci\u00f3n<\/a>\n            <\/p>\n        <\/div>\n        <div class=\"media\" id=\"media-anchor-germany\">\n            <img loading=\"lazy\" decoding=\"async\" alt=\"\" src=\"\/media\/content\/start\/anchor-germany.webp\" width=\"348\" height=\"462\"\/>\n        <\/div>\n    <\/div>\n    <img loading=\"lazy\" decoding=\"async\" class=\"dice dice-49\" src=\"\/media\/content\/start\/dices\/dice-49.webp\" width=\"92\" height=\"94\" alt=\"\"\/>\n    <img loading=\"lazy\" decoding=\"async\" class=\"dice dice-51\" src=\"\/media\/content\/start\/dices\/dice-51.webp\" width=\"87\" height=\"95\" alt=\"\"\/>\n<\/div>\n\n<div class=\"section solutions pt-3 pb-3\" style=\"background-image: url(\/media\/content\/start\/section-4.webp)\">\n    <div class=\"wrap\">\n        <div class=\"section-content\">\n            <h2>Quieres m\u00e1s<br\/> <span class=\"highlight\">TOP-10 y TOP-3<\/span><br\/>  en Google?<\/h2>\n            <p>\n Auditor\u00eda SEO<br\/>\n                <a href=\"https:\/\/impulsq.de\/es\/soluciones\/seo\/auditoria-seo\/\" class=\"btn btn-off\">M\u00e1s informaci\u00f3n<\/a>\n            <\/p>\n        <\/div>\n        <div class=\"media\" id=\"media-rocket\">\n            <img loading=\"lazy\" decoding=\"async\" alt=\"\" src=\"\/media\/content\/start\/rocket.webp\" width=\"814\" height=\"857\"\/>\n        <\/div>\n    <\/div>\n    <img loading=\"lazy\" decoding=\"async\" class=\"dice dice-47\" src=\"\/media\/content\/start\/dices\/dice-47.webp\" width=\"76\" height=\"83\" alt=\"\"\/>\n<\/div>\n\n<div class=\"section solutions pt-3 pb-4\" style=\"background-image: url(\/media\/content\/start\/section-5.webp)\" id=\"section-production\">\n    <div class=\"wrap\">\n        <div class=\"section-content\">\n            <div class=\"row\">\n                <div class=\"c50\">\n                    <h2>Personalizado<br\/> <span class=\"highlight\">Producciones fotogr\u00e1ficas y de v\u00eddeo<\/span><br\/> para su proyecto<\/h2>\n                    <p>\n Producci\u00f3n fotogr\u00e1fica y de v\u00eddeo<br\/>\n                        <a href=\"https:\/\/impulsq.de\/es\/soluciones\/contenido\/produccion-fotografica-y-de-video\/\" class=\"btn btn-off\">M\u00e1s informaci\u00f3n<\/a>\n                    <\/p>\n                    <div class=\"media\" id=\"media-lens\">\n                        <img loading=\"lazy\" decoding=\"async\" alt=\"\" src=\"\/media\/content\/start\/lens.webp\" width=\"527\" height=\"386\"\/>\n                    <\/div>\n                <\/div>\n                <div class=\"c50\">\n                    <h2><span class=\"highlight\">Redes sociales<br\/> \u00a1Marketing<\/span> que funciona!<\/h2>\n                    <p>\n Redes sociales<br\/> Marketing<br\/>\n                        <a href=\"https:\/\/impulsq.de\/es\/soluciones\/redes-sociales\/marketing-en-redes-sociales\/\" class=\"btn btn-off\">M\u00e1s informaci\u00f3n<\/a>\n                    <\/p>\n                    <div class=\"media\" id=\"media-phone\">\n                        <img loading=\"lazy\" decoding=\"async\" alt=\"\" src=\"\/media\/content\/start\/phone.webp\" width=\"602\" height=\"590\"\/>\n                    <\/div>\n                <\/div>\n            <\/div>\n        <\/div>\n    <\/div>\n    <img loading=\"lazy\" decoding=\"async\" class=\"dice dice-45\" src=\"\/media\/content\/start\/dices\/dice-45.webp\" width=\"76\" height=\"83\" alt=\"\"\/>\n    <img loading=\"lazy\" decoding=\"async\" class=\"dice dice-59\" src=\"\/media\/content\/start\/dices\/dice-59.webp\" width=\"92\" height=\"91\" alt=\"\"\/>\n<\/div>\n\n<div class=\"section about-us pt-3 pb-3 bt bb\" style=\"background-image: url(\/media\/content\/start\/section-6.webp)\">\n    <div class=\"wrap\">\n        <div class=\"section-content\">\n            <h2><span class=\"highlight\">Marketing creativo.<\/span><br\/> Somos marketing en l\u00ednea.<br\/> Otra comercializaci\u00f3n.<\/h2>\n            <p>\n Agencia<br\/>\n                <a href=\"https:\/\/impulsq.de\/es\/quienes-somos-2\/quienes-somos\/agencia\/\" class=\"btn btn-off\">M\u00e1s informaci\u00f3n<\/a>\n            <\/p>\n        <\/div>\n    <\/div>\n    <img loading=\"lazy\" decoding=\"async\" class=\"dice dice-43\" src=\"\/media\/content\/start\/dices\/dice-43.webp\" width=\"98\" height=\"87\" alt=\"\"\/>\n<\/div>\n\n<div class=\"section center pt-1 pb-0\" style=\"background-image: url(\/media\/content\/start\/section-cert.webp)\">\n    <div class=\"wrap\">\n        <div class=\"section-content\">\n            <h2>Certificaci\u00f3n<\/h2>\n            <p>No gaste su presupuesto en<br\/> \u00a1cualquier mano!<\/p>\n        <\/div>\n    <\/div>\n    <div class=\"cert-bar\">\n        <div class=\"wrap\">\n            <div class=\"cer-bar-inner\">\n                <figure>\n                    <div>\n                        <img loading=\"lazy\" decoding=\"async\" alt=\"\" src=\"\/media\/content\/start\/certs\/rrWxCN@2x.webp\" width=\"194\" height=\"61\"\/>\n                    <\/div>\n                    <figcaption>Finalista del Premio Europeo de B\u00fasqueda 2023<\/figcaption>\n                <\/figure>\n                <figure>\n                    <div>\n                        <img loading=\"lazy\" decoding=\"async\" alt=\"\" src=\"\/media\/content\/start\/certs\/5fVyFP@2x.webp\" width=\"147\" height=\"64\"\/>\n                    <\/div>\n                    <figcaption>Certificado de Agencia AFS<\/figcaption>\n                <\/figure>\n                <figure>\n                    <div>\n                        <img loading=\"lazy\" decoding=\"async\" alt=\"\" src=\"\/media\/content\/start\/certs\/1d5Y6s@2x.webp\" width=\"95\" height=\"102\"\/>\n                    <\/div>\n                    <figcaption>LRT Profesional<\/figcaption>\n                <\/figure>\n                <figure>\n                    <div>\n                        <img loading=\"lazy\" decoding=\"async\" alt=\"\" src=\"\/media\/content\/start\/certs\/OoSYcQ@2x.webp\" width=\"83\" height=\"84\"\/>\n                    <\/div>\n                    <figcaption>Academia de Marketing de Contenidos Digitales<\/figcaption>\n                <\/figure>\n                <figure>\n                    <div>\n                        <img loading=\"lazy\" decoding=\"async\" alt=\"\" src=\"\/media\/content\/start\/certs\/2uReUD@2x.webp\" width=\"108\" height=\"68\"\/>\n                    <\/div>\n                    <figcaption>Especialista en p\u00e1ginas de destino<\/figcaption>\n                <\/figure>\n                <figure>\n                    <div>\n                        <img loading=\"lazy\" decoding=\"async\" alt=\"\" src=\"\/media\/content\/start\/certs\/BTiOUN@2x.webp\" width=\"78\" height=\"78\"\/>\n                    <\/div>\n                    <figcaption>Liga de palabras<\/figcaption>\n                <\/figure>\n                <figure>\n                    <div>\n                        <img loading=\"lazy\" decoding=\"async\" alt=\"\" src=\"\/media\/content\/start\/certs\/h69UJs@2x.webp\" width=\"171\" height=\"59\"\/>\n                    <\/div>\n                    <figcaption>Experto en RYTE<\/figcaption>\n                <\/figure>\n                <figure>\n                    <div>\n                        <img loading=\"lazy\" decoding=\"async\" alt=\"\" src=\"\/media\/content\/start\/certs\/aueEri@2x.webp\" width=\"153\" height=\"63\"\/>\n                    <\/div>\n                    <figcaption>Graduado AFS<\/figcaption>\n                <\/figure>\n                <figure>\n                    <div>\n                        <img loading=\"lazy\" decoding=\"async\" alt=\"\" src=\"\/media\/content\/start\/certs\/cLgULj@2x.webp\" width=\"91\" height=\"91\"\/>\n                    <\/div>\n                    <figcaption>Certificado de formaci\u00f3n AFS<\/figcaption>\n                <\/figure>\n            <\/div>\n        <\/div>\n    <\/div>\n    <img loading=\"lazy\" decoding=\"async\" class=\"dice dice-37\" src=\"\/media\/content\/start\/dices\/dice-37.webp\" width=\"92\" height=\"94\" alt=\"\"\/>\n    <img loading=\"lazy\" decoding=\"async\" class=\"dice dice-41\" src=\"\/media\/content\/start\/dices\/dice-41.webp\" width=\"84\" height=\"81\" alt=\"\"\/>\n<\/div>\n\n<div class=\"section about-us bt pt-3 pb-3 cr\" style=\"background-image: url(\/media\/content\/start\/section-7.webp)\">\n    <div class=\"wrap\">\n        <div class=\"section-content\">\n            <h2>Ven al<br\/> <span class=\"highlight\">Empresario<\/span> que<br\/> establece normas.<\/h2>\n            <p>\n Carrera profesional<br\/>\n                <a href=\"https:\/\/impulsq.de\/es\/quienes-somos-2\/solicitelo-con-nosotros\/carrera-profesional\/\" class=\"btn btn-off\">M\u00e1s informaci\u00f3n<\/a>\n            <\/p>\n            <p>\n Sociedad de cartera<br\/>\n                <a href=\"https:\/\/impulsq.de\/es\/quienes-somos-2\/quienes-somos\/sociedad-de-cartera\/\" class=\"btn btn-off\">M\u00e1s informaci\u00f3n<\/a>\n            <\/p>\n        <\/div>\n    <\/div>\n    <img loading=\"lazy\" decoding=\"async\" class=\"dice dice-39\" src=\"\/media\/content\/start\/dices\/dice-39.webp\" width=\"87\" height=\"95\" alt=\"\"\/>\n<\/div>\n\n<div class=\"section solutions pt-3 pb-3\" style=\"background-image: url(\/media\/content\/start\/section-8.webp)\">\n    <div class=\"wrap\">\n        <div class=\"section-content\">\n            <h2><span class=\"highlight\">Backlinks de casinos<\/span><br\/>  de DER Linkbuilding<br\/>  Agencia.<\/h2>\n            <p>\n Casino SEO<br\/>\n                <a href=\"https:\/\/impulsq.de\/es\/soluciones\/seo\/casino-seo\/\" class=\"btn btn-off\">M\u00e1s informaci\u00f3n<\/a>\n            <\/p>\n            <p>\n Backlinks de casinos<br\/>\n                <a href=\"https:\/\/impulsq.de\/es\/soluciones\/enlaces-de-retroceso\/backlinks-de-casinos\/\" class=\"btn btn-off\">M\u00e1s informaci\u00f3n<\/a>\n            <\/p>\n        <\/div>\n        <div class=\"media\" id=\"media-casino\">\n            <img loading=\"lazy\" decoding=\"async\" alt=\"\" src=\"\/media\/content\/start\/casino.webp\" width=\"781\" height=\"563\"\/>\n        <\/div>\n    <\/div>\n    <img loading=\"lazy\" decoding=\"async\" class=\"dice dice-35\" src=\"\/media\/content\/start\/dices\/dice-35.webp\" width=\"85\" height=\"83\" alt=\"\"\/>\n<\/div>\n\n<div class=\"section about-us pt-3 pb-6\" id=\"section-leader\" style=\"background-image: url(\/media\/content\/start\/section-9.webp)\">\n    <div class=\"wrap\">\n        <div class=\"section-content\">\n            <div class=\"row\">\n                <div class=\"c50\">\n                    <h2><span class=\"highlight\">Dominio digital<\/span><br\/>  a trav\u00e9s del m\u00e1ximo<br\/>  Visibilidad.<\/h2>\n                    <p>\n Gesina Kunkel<br\/>\n                        <a href=\"https:\/\/impulsq.de\/es\/quienes-somos-2\/quienes-somos\/gestion\/gesina-kunkel\/\" class=\"btn btn-off\">M\u00e1s informaci\u00f3n<\/a>\n                    <\/p>\n                    <div class=\"media\" id=\"media-gesina\">\n                        <img loading=\"lazy\" decoding=\"async\" alt=\"\" src=\"\/media\/content\/start\/gesina.webp\" width=\"691\" height=\"680\"\/>\n                    <\/div>\n                <\/div>\n                <div class=\"c50\">\n                    <h2>Con una estrategia<br\/> <span class=\"highlight\">Visi\u00f3n<\/span> a la<br\/>  Un \u00e9xito.<\/h2>\n                    <p>\n Martin Brosy<br\/>\n                        <a href=\"https:\/\/impulsq.de\/es\/quienes-somos-2\/quienes-somos\/gestion\/martin-brosy\/\" class=\"btn btn-off\">M\u00e1s informaci\u00f3n<\/a>\n                    <\/p>\n                    <div class=\"media\" id=\"media-martin\">\n                        <img loading=\"lazy\" decoding=\"async\" alt=\"\" src=\"\/media\/content\/start\/martin.webp\" width=\"652\" height=\"686\"\/>\n                    <\/div>\n                <\/div>\n            <\/div>\n        <\/div>\n\n    <\/div>\n    <img loading=\"lazy\" decoding=\"async\" class=\"dice dice-33\" src=\"\/media\/content\/start\/dices\/dice-33.webp\" width=\"90\" height=\"82\" alt=\"\"\/>\n<\/div>\n\n<div class=\"section about-us pt-3 pb-4 bb\" style=\"background-image: url(\/media\/content\/start\/section-10.webp)\">\n    <div class=\"wrap\">\n        <div class=\"section-content\">\n            <h2><span class=\"highlight\">Forme<\/span> parte de nuestro &#038;<br\/>  Su gran<br\/>  Historia<\/h2>\n            <p>\n Carrera profesional<br\/>\n                <a href=\"https:\/\/impulsq.de\/es\/quienes-somos-2\/solicitelo-con-nosotros\/carrera-profesional\/\" class=\"btn btn-off\">M\u00e1s informaci\u00f3n<\/a>\n            <\/p>\n            <p>\n Sociedad de cartera<br\/>\n                <a href=\"https:\/\/impulsq.de\/es\/quienes-somos-2\/quienes-somos\/sociedad-de-cartera\/\" class=\"btn btn-off\">M\u00e1s informaci\u00f3n<\/a>\n            <\/p>\n        <\/div>\n        <div class=\"media\" id=\"media-hand-shake\">\n            <img loading=\"lazy\" decoding=\"async\" alt=\"\" src=\"\/media\/content\/start\/hand-shake.webp\" width=\"1296\" height=\"554\"\/>\n        <\/div>\n    <\/div>\n    <img loading=\"lazy\" decoding=\"async\" class=\"dice dice-64\" src=\"\/media\/content\/start\/dices\/dice-64.webp\" width=\"86\" height=\"83\" alt=\"\"\/>\n<\/div>\n","protected":false},"excerpt":{"rendered":"<p>Escala sin l\u00edmites Marketing de alto rendimiento como servicio Nunca m\u00e1s en otros lugares backlinks \u00a1quiero comprar! Comprar backlinks M\u00e1s informaci\u00f3n Precios de Backlinks M\u00e1s informaci\u00f3n Por qu\u00e9 necesitas backlinks de Alemania en impulsQ \u00bfdebe comprar? Linkbuilding Alemania M\u00e1s informaci\u00f3n Quieres m\u00e1s TOP-10 y TOP-3 en Google? Auditor\u00eda SEO M\u00e1s informaci\u00f3n Personalizado Producciones fotogr\u00e1ficas y [&hellip;]<\/p>\n","protected":false},"author":1,"featured_media":0,"parent":0,"menu_order":1,"comment_status":"closed","ping_status":"closed","template":"template-startpage.php","meta":{"_acf_changed":false,"_uag_custom_page_level_css":"","footnotes":""},"class_list":["post-569","page","type-page","status-publish","hentry"],"acf":[],"uagb_featured_image_src":{"full":false,"thumbnail":false,"medium":false,"medium_large":false,"large":false,"1536x1536":false,"2048x2048":false,"magazin-single":false,"magazin-single-2x":false,"magazin-big":false,"magazin-big-2x":false,"magazin-medium":false,"magazin-medium-2x":false,"magazin-small":false,"magazin-small-2x":false,"magazin-phone":false,"magazin-phone-2x":false,"onboarding_mobile":false,"onboarding_mobile_retina":false},"uagb_author_info":{"display_name":"impulsQ GmbH","author_link":"https:\/\/impulsq.de\/es\/author\/vanessa\/"},"uagb_comment_info":0,"uagb_excerpt":"Escala sin l\u00edmites Marketing de alto rendimiento como servicio Nunca m\u00e1s en otros lugares backlinks \u00a1quiero comprar! Comprar backlinks M\u00e1s informaci\u00f3n Precios de Backlinks M\u00e1s informaci\u00f3n Por qu\u00e9 necesitas backlinks de Alemania en impulsQ \u00bfdebe comprar? Linkbuilding Alemania M\u00e1s informaci\u00f3n Quieres m\u00e1s TOP-10 y TOP-3 en Google? Auditor\u00eda SEO M\u00e1s informaci\u00f3n Personalizado Producciones fotogr\u00e1ficas y&hellip;","_links":{"self":[{"href":"https:\/\/impulsq.de\/es\/wp-json\/wp\/v2\/pages\/569","targetHints":{"allow":["GET"]}}],"collection":[{"href":"https:\/\/impulsq.de\/es\/wp-json\/wp\/v2\/pages"}],"about":[{"href":"https:\/\/impulsq.de\/es\/wp-json\/wp\/v2\/types\/page"}],"author":[{"embeddable":true,"href":"https:\/\/impulsq.de\/es\/wp-json\/wp\/v2\/users\/1"}],"replies":[{"embeddable":true,"href":"https:\/\/impulsq.de\/es\/wp-json\/wp\/v2\/comments?post=569"}],"version-history":[{"count":2,"href":"https:\/\/impulsq.de\/es\/wp-json\/wp\/v2\/pages\/569\/revisions"}],"predecessor-version":[{"id":884,"href":"https:\/\/impulsq.de\/es\/wp-json\/wp\/v2\/pages\/569\/revisions\/884"}],"wp:attachment":[{"href":"https:\/\/impulsq.de\/es\/wp-json\/wp\/v2\/media?parent=569"}],"curies":[{"name":"wp","href":"https:\/\/api.w.org\/{rel}","templated":true}]}}