{"id":575,"date":"2024-01-08T12:43:19","date_gmt":"2024-01-08T12:43:19","guid":{"rendered":"https:\/\/impulsq.de\/quienes-somos-2\/quienes-somos\/gestion\/marco-moeschter\/"},"modified":"2024-02-13T10:22:19","modified_gmt":"2024-02-13T10:22:19","slug":"marco-moeschter","status":"publish","type":"page","link":"https:\/\/impulsq.de\/es\/marco-moeschter\/","title":{"rendered":"Marco M\u00f6schter"},"content":{"rendered":"\n<div class=\"section about-us main-color content-article-header\">\n    <div class=\"wrap\">\n        <div class=\"text-media\">\n            <div class=\"content\">\n                <h1 class=\"h1\">Director General<\/h1>\n                <h2 class=\"h2 light\">Marco M\u00f6schter<\/h2>\n                <p><strong>NO ESCUCHES A LOS DETRACTORES<\/strong><\/p>\n                <p>\n  Hola, soy Marco, un apasionado nativo digital con m\u00e1s de una d\u00e9cada de experiencia\n  en el apoyo a los clientes del sector digital. Gracias a mis profundos conocimientos en\n  Marketing online y especialmente en SEO off-page y relaciones p\u00fablicas digitales, he trabajado en numerosos\n  proyectos y colaboramos estrechamente con nuestros clientes para aprovechar todo el potencial de sus proyectos.\n  potencial de sus sitios web y proyectos diversos.\n                <\/p>\n                <p>\n  En esta p\u00e1gina tiene la oportunidad de conocerme un poco mejor. Si usted es un\n  Si desea hablar de una preocupaci\u00f3n especial o de un caso concreto, le invito cordialmente a hacerlo,\n  para concertar una cita conmigo. Espero ponerme en contacto con usted y\n  para trabajar juntos en sus retos digitales. Perm\u00edtanos sacar el m\u00e1ximo partido a su proyecto\n  \u00a1Fuera!\n                <\/p>\n                <p>\n                    <a href=\"#calendly\" class=\"btn\">Consulta inicial gratuita<\/a>\n                <\/p>\n            <\/div>\n            <div class=\"media\">\n                <img loading=\"lazy\" decoding=\"async\" alt=\"\" src=\"\/media\/header\/marco-moeschter.webp\" width=\"1014\" height=\"704\"\/>\n            <\/div>\n        <\/div>\n    <\/div>\n<\/div>\n\n<div class=\"section about-us pt-2\">\n    <div class=\"wrap\">\n\n        <h2 class=\"h1\">La impresionante carrera de Marco<\/h2>\n        <h3 class=\"h2\">Desarrollo la historia de su campa\u00f1a de relaciones p\u00fablicas.<br\/>Para que la red hable de ti.<\/h3>\n        <p>Banquero &#8211; 12+ a\u00f1os Experto en RR.<\/p>\n\n        <div class=\"time-line\">\n            <div class=\"item\">\n                <div class=\"text\">\n                    <h4 class=\"h1\">Estaci\u00f3n 1<\/h4>\n                    <p>Aprendizaje como empleado de banca en la Sparkasse Barnim.<\/p>\n                <\/div>\n                <div class=\"media\">\n                    <img loading=\"lazy\" decoding=\"async\" class=\"logo\" src=\"\/media\/content\/marco-moeschter\/timeline\/sparkasse.webp\" width=\"71\" height=\"91\" alt=\"Caja de ahorros\"\/>\n                <\/div>\n            <\/div>\n            <div class=\"item\">\n                <div class=\"text\">\n                    <h4 class=\"h1\">Estaci\u00f3n 2<\/h4>\n                    <p>Finalizaci\u00f3n del bachillerato profesional en econom\u00eda.<\/p>\n                <\/div>\n                <div class=\"media\">\n                    <img loading=\"lazy\" decoding=\"async\" class=\"logo\" src=\"\/media\/content\/marco-moeschter\/timeline\/abi.svg\" width=\"71\" height=\"22\" alt=\"Niveles A\"\/>\n                <\/div>\n            <\/div>\n            <div class=\"item\">\n                <div class=\"text\">\n                    <h4 class=\"h1\">Estaci\u00f3n 3<\/h4>\n                    <p>Socorrista en el EJB Werbellinsee, ahora Seezeit Resort, y socorrista voluntario en la DLRG con guardias en la costa del B\u00e1ltico.<\/p>\n                <\/div>\n                <div class=\"media\">\n                    <img loading=\"lazy\" decoding=\"async\" class=\"logo\" src=\"\/media\/content\/marco-moeschter\/timeline\/seezeit-resort.svg\" width=\"271\" height=\"60\" alt=\"Seezeit Resort\"\/>\n                <\/div>\n            <\/div>\n            <div class=\"item\">\n                <div class=\"text\">\n                    <h4 class=\"h1\">Estaci\u00f3n 4<\/h4>\n                    <p>Formaci\u00f3n como param\u00e9dico en laDLRG Frankfurt\/Oder con puestos en el servicio de rescate, centro de rescate, unidad de cuidados intensivos y quir\u00f3fano.<\/p>\n                <\/div>\n                <div class=\"media\">\n                    <img loading=\"lazy\" decoding=\"async\" class=\"logo\" src=\"\/media\/content\/marco-moeschter\/timeline\/dlrg.webp\" width=\"192\" height=\"40\" alt=\"GRD\"\/>\n                <\/div>\n            <\/div>\n            <div class=\"item\">\n                <div class=\"text\">\n                    <h4 class=\"h1\">Estaci\u00f3n 5<\/h4>\n                    <p>Formaci\u00f3n como asistente deportivo para el departamento de rehabilitaci\u00f3n de la Escuela Oberbarnim.<\/p>\n                <\/div>\n                <div class=\"media\">\n                    <img loading=\"lazy\" decoding=\"async\" class=\"logo\" src=\"\/media\/content\/marco-moeschter\/timeline\/sportassistent.svg\" width=\"296\" height=\"23\" alt=\"Asistente deportivo\"\/>\n                <\/div>\n            <\/div>\n            <div class=\"item\">\n                <div class=\"text\">\n                    <h4 class=\"h1\">Estaci\u00f3n 6<\/h4>\n                    <p>Formaci\u00f3n como asistente deportivo para el departamento de rehabilitaci\u00f3n de la Escuela Oberbarnim.<\/p>\n                <\/div>\n                <div class=\"media\">\n                    <img loading=\"lazy\" decoding=\"async\" class=\"logo\" src=\"\/media\/content\/marco-moeschter\/timeline\/neuseeland.webp\" width=\"94\" height=\"94\" alt=\"Nueva Zelanda\"\/>\n                <\/div>\n            <\/div>\n            <div class=\"item\">\n                <div class=\"text\">\n                    <h4 class=\"h1\">Estaci\u00f3n 7<\/h4>\n                    <p>Camarero en el Strandbar Mitte.<\/p>\n                <\/div>\n                <div class=\"media\">\n                    <img loading=\"lazy\" decoding=\"async\" class=\"logo\" src=\"\/media\/content\/marco-moeschter\/timeline\/strandbar-mitte.webp\" width=\"122\" height=\"122\" alt=\"Chiringuito centro\"\/>\n                <\/div>\n            <\/div>\n            <div class=\"item\">\n                <div class=\"text\">\n                    <h4 class=\"h1\">Estaci\u00f3n 8<\/h4>\n                    <p>Cuidadora individual de un ni\u00f1o autista.<\/p>\n                <\/div>\n                <div class=\"media\">\n                    <img decoding=\"async\" class=\"logo\" src=\"\/media\/content\/marco-moeschter\/timeline\/einzelfallbetreuer.svg\" alt=\"Gestor individual de casos\"\/>\n                <\/div>\n            <\/div>\n            <div class=\"item\">\n                <div class=\"text\">\n                    <h4 class=\"h1\">Estaci\u00f3n 9<\/h4>\n                    <p>Creaci\u00f3n de un primer negocio de afiliaci\u00f3n con varios sitios nicho y a trav\u00e9s de YouTube.<\/p>\n                <\/div>\n                <div class=\"media\">\n                    <img loading=\"lazy\" decoding=\"async\" class=\"logo\" src=\"\/media\/content\/marco-moeschter\/timeline\/youtube.webp\" width=\"96\" height=\"66\" alt=\"Youtube\"\/>\n                <\/div>\n            <\/div>\n            <div class=\"item\">\n                <div class=\"text\">\n                    <h4 class=\"h1\">Estaci\u00f3n 10<\/h4>\n                    <p>Minorista de comercio electr\u00f3nico con tienda propia Ebay Powerseller.<\/p>\n                <\/div>\n                <div class=\"media\">\n                    <img loading=\"lazy\" decoding=\"async\" class=\"logo\" src=\"\/media\/content\/marco-moeschter\/timeline\/ebay.webp\" width=\"159\" height=\"63\" alt=\"ebay\"\/>\n                <\/div>\n            <\/div>\n            <div class=\"item\">\n                <div class=\"text\">\n                    <h4 class=\"h1\">Estaci\u00f3n 11<\/h4>\n                    <p>Estructura de Clickhero GmbH. Agencia de marketing online especializada en la creaci\u00f3n de enlaces y las relaciones p\u00fablicas digitales.\n  Aqu\u00ed, como socio y director general, he atendido a clientes que quer\u00edan lograr una mayor visibilidad y\n  autoridad para sus proyectos.<\/p>\n                <\/div>\n                <div class=\"media\">\n                    <img loading=\"lazy\" decoding=\"async\" class=\"logo\" src=\"\/media\/content\/marco-moeschter\/timeline\/clickhero.webp\" width=\"214\" height=\"68\" alt=\"ClickHero\"\/>\n                <\/div>\n            <\/div>\n            <div class=\"item\">\n                <div class=\"text\">\n                    <h4 class=\"h1\">Estaci\u00f3n 12<\/h4>\n                    <p>Creaci\u00f3n de la start-up Audiostruct GmbH y del mercado Audionatives, donde ofrecemos a anunciantes y podcasters\n  para insertar anuncios en los podcasts. He vendido mis acciones a un inversor.<\/p>\n                <\/div>\n                <div class=\"media\">\n                    <img loading=\"lazy\" decoding=\"async\" class=\"logo\" src=\"\/media\/content\/marco-moeschter\/timeline\/audiostruct-gmbh.webp\" width=\"94\" height=\"94\" alt=\"Audiostruct\"\/>\n                <\/div>\n            <\/div>\n            <div class=\"item\">\n                <div class=\"text\">\n                    <h4 class=\"h1\">Estaci\u00f3n 13<\/h4>\n                    <p>Como Director General, dirig\u00ed la reorganizaci\u00f3n y el desarrollo del mercado de enlaces Ranksider, que es un producto de ImpulsQ.<\/p>\n                <\/div>\n                <div class=\"media\">\n                    <img loading=\"lazy\" decoding=\"async\" class=\"logo\" src=\"\/media\/content\/marco-moeschter\/timeline\/ranksider.webp\" width=\"261\" height=\"57\" alt=\"Ranksider\"\/>\n                <\/div>\n            <\/div>\n            <div class=\"item\">\n                <div class=\"text\">\n                    <h4 class=\"h1\">Estaci\u00f3n 14<\/h4>\n                    <p>Actualmente me ocupo de Akademie f\u00fcr Suchmaschinenoptimierung GmbH, Ranksider e impulsQ.\n  Aporto mis muchos a\u00f1os de experiencia en SEO, gesti\u00f3n de proyectos y marketing de contenidos a proyectos espec\u00edficos.<\/p>\n                <\/div>\n                <div class=\"media\">\n                    <img loading=\"lazy\" decoding=\"async\" class=\"logo\" src=\"\/media\/content\/marco-moeschter\/timeline\/impulsq.svg\" width=\"185\" height=\"46\" alt=\"impulsQ\"\/>\n                <\/div>\n            <\/div>\n        <\/div>\n\n    <\/div>\n<\/div>\n\n<div class=\"section about-us pb-2\">\n    <div class=\"wrap\">\n\n        <h2 class=\"h1\">DigitalPR &#8211; Sin caja negra &#8211; con \u00e9xito garantizado<\/h2>\n        <h3 class=\"h2\">Marco es un veterano del SEO. Experiencia,<br\/>que beneficiar\u00e1 a su proyecto.<\/h3>\n        <p>Las conferencias de Marco son siempre muy concurridas. No me extra\u00f1a.<br\/>Es un orador dotado.<\/p>\n\n        <img loading=\"lazy\" decoding=\"async\" class=\"full-image\" src=\"\/media\/content\/marco-moeschter\/communication.webp\" width=\"1226\" height=\"512\" alt=\"\"\/>\n\n    <\/div>\n<\/div>\n\n<div class=\"section about-us interfere five-small-big-small pt-0 pb-3\">\n    <div class=\"bg-grid\">\n        <div class=\"bg\" style=\"background-image: url('\/media\/content\/marco-moeschter\/interfere-1a.webp')\"><\/div>\n        <div class=\"bg\" style=\"background-image: url('\/media\/content\/marco-moeschter\/interfere-1b.webp')\"><\/div>\n        <div class=\"bg mobile-portrait\" style=\"background-image: url('\/media\/content\/marco-moeschter\/interfere-1c.webp')\"><\/div>\n        <div class=\"bg\" style=\"background-image: url('\/media\/content\/marco-moeschter\/interfere-1d.webp')\"><\/div>\n        <div class=\"bg\" style=\"background-image: url('\/media\/content\/marco-moeschter\/interfere-1e.webp')\"><\/div>\n    <\/div>\n<\/div>\n\n<div class=\"section about-us pt-2 pb-2\">\n    <div class=\"wrap\">\n\n        <div class=\"person-box\">\n            <div class=\"person-media\">\n                <figure>\n                    <img loading=\"lazy\" decoding=\"async\" alt=\"\" src=\"\/media\/person\/box\/marco-moeschter.webp\" width=\"974\" height=\"1116\"\/>\n                    <figcaption class=\"ayhan\">\n                        <strong class=\"h1\">Marco M\u00f6schter<\/strong>\n Director General\n                    <\/figcaption>\n                <\/figure>\n            <\/div>\n            <div class=\"person-article\">\n                <h2 class=\"h2\">Tarea docente &#8211; Conferencias &#8211;<br\/>M\u00e1xima transferencia de conocimientos<\/h2>\n                <p>Ventas y marketing: un coraz\u00f3n y un alma<\/p>\n            <\/div>\n        <\/div>\n\n    <\/div>\n<\/div>\n\n<div class=\"section about-us\">\n    <div class=\"wrap\">\n\n        <h2 class=\"h1\">Tarea docente &#8211; Conferencias &#8211; M\u00e1xima transferencia de conocimientos<\/h2>\n        <h3 class=\"h2\">Una d\u00e9cada de experiencia en la construcci\u00f3n<br\/>de Backlinks &#038; DigitalPR<\/h3>\n        <p>M\u00e9todos de trabajo sostenibles. A la medida de sus necesidades. Saber c\u00f3mo.<br\/>Marco demuestra su experiencia a diario.<\/p>\n\n        <ul class=\"expertises\">\n            <li>\n                <img loading=\"lazy\" decoding=\"async\" src=\"\/media\/content\/marco-moeschter\/campixx.webp\" width=\"86\" height=\"86\" alt=\"Campixx\"\/>\n                <span>Marco M\u00f6schter imparte regularmente conferencias en Campixx. Est\u00e1 especializado en relaciones p\u00fablicas digitales y creaci\u00f3n de enlaces.<\/span>\n            <\/li>\n            <li>\n                <img loading=\"lazy\" decoding=\"async\" src=\"\/media\/content\/marco-moeschter\/digital-bash.webp\" width=\"293\" height=\"57\" alt=\"Fiesta digital\"\/>\n                <span>Marco M\u00f6schter fue el anfitri\u00f3n del Digital Bash Extreme e hizo una presentaci\u00f3n sobre el tema del offpage.<\/span>\n            <\/li>\n            <li>\n                <img loading=\"lazy\" decoding=\"async\" src=\"\/media\/content\/marco-moeschter\/afs-dozent.webp\" width=\"198\" height=\"82\" alt=\"profesor de afs\"\/>\n                <span>Profesor de construcci\u00f3n de enlaces en la Academia de Optimizaci\u00f3n de Motores de B\u00fasqueda.<\/span>\n            <\/li>\n        <\/ul>\n\n    <\/div>\n<\/div>\n\n<div class=\"section about-us pb-3\">\n    <div class=\"wrap\">\n\n        <div class=\"person-box\">\n            <div class=\"person-article\">\n                <h2 class=\"h1\">110% de rendimiento = clientes satisfechos<\/h2>\n                <blockquote class=\"big\">El asesoramiento y la comprensi\u00f3n son mi misi\u00f3n en ImpulsQ. Acepto a nuestros clientes\n  escuchar atentamente, explorar sus deseos y puntos d\u00e9biles, y luego hacer recomendaciones bien fundadas.\n  y crear el mayor beneficio posible para ellos.<\/blockquote>\n                <p>\n  Ya sea en las artes marciales o en el entorno empresarial, el objetivo se persigue con perseverancia y<br\/>  nunca apagado\n  perdido de vista.\n                <\/p>\n            <\/div>\n            <div class=\"person-media\">\n                <figure>\n                    <img loading=\"lazy\" decoding=\"async\" alt=\"\" src=\"\/media\/person\/box\/marco-moeschter-impulsq.webp\" width=\"1178\" height=\"1360\"\/>\n                    <figcaption class=\"ayhan\">\n                        <strong class=\"h1\">Marco M\u00f6schter<\/strong>\n Director General\n                    <\/figcaption>\n                <\/figure>\n            <\/div>\n        <\/div>\n\n    <\/div>\n<\/div>\n\n<div class=\"section about-us interfere three-small-big pt-0\">\n    <div class=\"bg-grid\">\n        <div class=\"bg\" style=\"background-image: url('\/media\/content\/marco-moeschter\/interfere-2a.webp')\"><\/div>\n        <div class=\"bg\" style=\"background-image: url('\/media\/content\/marco-moeschter\/interfere-2b.webp')\"><\/div>\n        <div class=\"bg\" style=\"background-image: url('\/media\/content\/marco-moeschter\/interfere-2c.webp')\"><\/div>\n    <\/div>\n<\/div>\n\n<div class=\"section about-us\">\n    <div class=\"wrap\">\n\n        <h2 class=\"h1\">Marco M\u00f6schter en privado<\/h2>\n        <h3 class=\"h2\">Los artistas marciales son disciplinados. Con Marco en<br\/>Por tu parte est\u00e1s en el lado seguro.<\/h3>\n        <p>No s\u00f3lo defiende las clasificaciones de Google. Hace volar a sus competidores \ud83d\ude00<\/p>\n\n        <div class=\"in-private-grid up-left-col\">\n\n            <div class=\"box box-1 box-grey icon-series\">\n                <h4 class=\"headline\">Series favoritas<\/h4>\n                <ul class=\"check-list\">\n                    <li><strong>Descarado<\/strong><\/li>\n                    <li><strong>Expediente X<\/strong><\/li>\n                <\/ul>\n            <\/div>\n            <div class=\"box box-2 box-grey icon-books\">\n                <h4 class=\"headline\">Libros favoritos<\/h4>\n                <ul>\n                    <li><strong>\u00abPerro Zapato\u00bb<\/strong><br\/>  de Phil Knight<\/li>\n                    <li><strong>\u00abUltramaratoniano\u00bb<\/strong><br\/>  de Dean Karnazes<\/li>\n                    <li><strong>\u00ab7 a\u00f1os en el T\u00edbet\u00bb<\/strong><br\/>  de Heinrich Harrer<\/li>\n                    <li><strong>\u00abTotal Recall: la historia incre\u00edblemente real de mi vida\u00bb<\/strong><br\/>  por Arnold Schwarzenegger<\/li>\n                <\/ul>\n            <\/div>\n            <div class=\"box box-3 box-main icon-songs\">\n                <h4 class=\"headline\">Canciones favoritas<\/h4>\n                <ul>\n                    <li><strong>\u00abRa\u00edces sangrientas Ra\u00edces\u00bb<\/strong><br\/>  de Sepultura<\/li>\n                    <li><strong>\u00abSmack My Bitch Up\u00bb<\/strong><br\/>  de Prodigy<\/li>\n                    <li><strong>\u00abSin ojos\u00bb<\/strong><br\/>  de Slipknot<\/li>\n                    <li><strong>\u00abLet It Be\u00bb<\/strong><br\/>  por John Lennon<\/li>\n                    <li><strong>\u00abJinetes de la tormenta\u00bb<\/strong><br\/>  de The Doors<\/li>\n                <\/ul>\n            <\/div>\n            <div class=\"box box-4 box-grey icon-hobbys\">\n                <h4 class=\"headline\">Aficiones<\/h4>\n                <ul class=\"check-list\">\n                    <li><strong>Artes marciales<\/strong><\/li>\n                    <li><strong>Ejecutar<\/strong><\/li>\n                    <li><strong>Marketing en l\u00ednea<\/strong><\/li>\n                <\/ul>\n            <\/div>\n            <div class=\"box box-5 box-grey icon-movies\">\n                <h4 class=\"headline\">Pel\u00edculas favoritas<\/h4>\n                <ul class=\"check-list\">\n                    <li><strong>El beb\u00e9 del mill\u00f3n de d\u00f3lares<\/strong><\/li>\n                    <li><strong>Duna<\/strong><\/li>\n                    <li><strong>La asombrosa vida de Walter Mitty<\/strong><\/li>\n                <\/ul>\n            <\/div>\n        <\/div>\n\n    <\/div>\n<\/div>\n\n<div class=\"section about-us solutions\" id=\"calendly\">\n    <div class=\"wrap\">\n\n        <h2 class=\"h1\">\u00bfMerece su proyecto m\u00e1s visibilidad?<\/h2>\n        <h3 class=\"h2 light\">Ahora con Marco M\u00f6schter a<br\/>Concierte una cita.<\/h3>\n        <p>Marco te mete en los medios. Hablar sin compromiso. \u00c9l te ayudar\u00e1.<\/p>\n        <h4 class=\"h4\">Seleccione una franja horaria libre<\/h4>\n         <div class=\"brlbs-cmpnt-container brlbs-cmpnt-content-blocker brlbs-cmpnt-with-individual-styles\" data-borlabs-cookie-content-blocker-id=\"calendly\" data-borlabs-cookie-content=\"PGlmcmFtZSBjbGFzcz0iYXBwb2ludG1lbnQtaWZyYW1lIiBzcmM9Imh0dHBzOi8vY2FsZW5kbHkuY29tL2ltcHVsc3EvbGFzcy11bnMtZWluZmFjaC1zcHJlY2hlbiIgd2lkdGg9IjYwMCIgaGVpZ2h0PSI3MDAiPjwvaWZyYW1lPg==\"><div class=\"brlbs-cmpnt-cb-preset-a\"> <p class=\"brlbs-cmpnt-cb-description\">Est\u00e1 viendo un contenido provisional de <strong>Calendly<\/strong>. Para acceder al contenido real, haga clic en el bot\u00f3n de abajo. Tenga en cuenta que al hacerlo se transmitir\u00e1n datos a terceros.<\/p> <div class=\"brlbs-cmpnt-cb-buttons\"> <a class=\"brlbs-cmpnt-cb-btn\" href=\"#\" data-borlabs-cookie-unblock role=\"button\">Desbloquear contenido<\/a> <a class=\"brlbs-cmpnt-cb-btn\" href=\"#\" data-borlabs-cookie-accept-service role=\"button\" style=\"display: <m id=\"3\">&quot;&gt;Aceptar el servicio necesario y desbloquear el contenido<\/a> <\/div> <a class=\"brlbs-cmpnt-cb-provider-toggle\" href=\"#\" data-borlabs-cookie-show-provider-information role=\"button\">M\u00e1s informaci\u00f3n<\/a> <\/div><\/div>\n\n    <\/div>\n<\/div>\n\n","protected":false},"excerpt":{"rendered":"<p>Director General Marco M\u00f6schter NO ESCUCHES A LOS DETRACTORES Hola, soy Marco, un apasionado nativo digital con m\u00e1s de una d\u00e9cada de experiencia en el apoyo a los clientes del sector digital. Gracias a mis profundos conocimientos en Marketing online y especialmente en SEO off-page y relaciones p\u00fablicas digitales, he trabajado en numerosos proyectos y [&hellip;]<\/p>\n","protected":false},"author":1,"featured_media":0,"parent":0,"menu_order":4,"comment_status":"closed","ping_status":"closed","template":"template-bright.php","meta":{"_acf_changed":false,"_uag_custom_page_level_css":"","footnotes":""},"class_list":["post-575","page","type-page","status-publish","hentry"],"acf":[],"uagb_featured_image_src":{"full":false,"thumbnail":false,"medium":false,"medium_large":false,"large":false,"1536x1536":false,"2048x2048":false,"magazin-single":false,"magazin-single-2x":false,"magazin-big":false,"magazin-big-2x":false,"magazin-medium":false,"magazin-medium-2x":false,"magazin-small":false,"magazin-small-2x":false,"magazin-phone":false,"magazin-phone-2x":false,"onboarding_mobile":false,"onboarding_mobile_retina":false},"uagb_author_info":{"display_name":"impulsQ GmbH","author_link":"https:\/\/impulsq.de\/es\/author\/vanessa\/"},"uagb_comment_info":0,"uagb_excerpt":"Director General Marco M\u00f6schter NO ESCUCHES A LOS DETRACTORES Hola, soy Marco, un apasionado nativo digital con m\u00e1s de una d\u00e9cada de experiencia en el apoyo a los clientes del sector digital. Gracias a mis profundos conocimientos en Marketing online y especialmente en SEO off-page y relaciones p\u00fablicas digitales, he trabajado en numerosos proyectos y&hellip;","_links":{"self":[{"href":"https:\/\/impulsq.de\/es\/wp-json\/wp\/v2\/pages\/575","targetHints":{"allow":["GET"]}}],"collection":[{"href":"https:\/\/impulsq.de\/es\/wp-json\/wp\/v2\/pages"}],"about":[{"href":"https:\/\/impulsq.de\/es\/wp-json\/wp\/v2\/types\/page"}],"author":[{"embeddable":true,"href":"https:\/\/impulsq.de\/es\/wp-json\/wp\/v2\/users\/1"}],"replies":[{"embeddable":true,"href":"https:\/\/impulsq.de\/es\/wp-json\/wp\/v2\/comments?post=575"}],"version-history":[{"count":3,"href":"https:\/\/impulsq.de\/es\/wp-json\/wp\/v2\/pages\/575\/revisions"}],"predecessor-version":[{"id":578,"href":"https:\/\/impulsq.de\/es\/wp-json\/wp\/v2\/pages\/575\/revisions\/578"}],"wp:attachment":[{"href":"https:\/\/impulsq.de\/es\/wp-json\/wp\/v2\/media?parent=575"}],"curies":[{"name":"wp","href":"https:\/\/api.w.org\/{rel}","templated":true}]}}