{"id":626,"date":"2024-01-05T14:00:47","date_gmt":"2024-01-05T14:00:47","guid":{"rendered":"https:\/\/impulsq.de\/pie-de-imprenta\/"},"modified":"2024-01-27T08:57:20","modified_gmt":"2024-01-27T08:57:20","slug":"pie-de-imprenta","status":"publish","type":"page","link":"https:\/\/impulsq.de\/es\/pie-de-imprenta\/","title":{"rendered":"Pie de imprenta"},"content":{"rendered":"\n<div class=\"section\">\n    <div class=\"wrap\">\n\n        <h1 class=\"h1\">Pie de imprenta<\/h1>\n        <h2 class=\"h2\">Base jur\u00eddica<\/h2>\n        <div class=\"block-content\">\n\n            <h3 class=\"h3\">Informaci\u00f3n conforme al art\u00edculo 5 de la TMG:<\/h3>\n            <p>\n                <strong>impulsQ GmbH<\/strong>\n            <\/p>\n            <p>\n  Director General: Martin Brosy | Gesina Kunkel<br\/>\n  NIF-IVA: DE324835628\n            <\/p>\n            <p>\n  Obere W\u00e4ssere 4<br\/>\n  72764 Reutlingen\n            <\/p>\n            <p>\n  correo electr\u00f3nico:  <a href=\"\/cdn-cgi\/l\/email-protection#32455b5e5e595d5f5f575c725b5f42475e41631c5657\"><span class=\"__cf_email__\" data-cfemail=\"ceb9a7a2a2a5a1a3a3aba08ea7a3bebba2bd9fe0aaab\">[email protected]<\/span><\/a>\n            <\/p>\n            <p>\n  Responsable del contenido seg\u00fan \u00a7 6 Abs. 2 MDStV: Martin Brosy\n            <\/p>\n\n            <h3 class=\"h3\">Responsabilidad por los contenidos<\/h3>\n            <p>\n  El contenido de nuestras p\u00e1ginas se ha creado con el mayor cuidado. Por la correcci\u00f3n,\n  Sin embargo, no podemos garantizar que el contenido est\u00e9 completo y actualizado.\n  Como proveedor de servicios, estamos obligados en virtud del art\u00edculo 7, apartado 1, a TMG para contenidos propios en estas p\u00e1ginas seg\u00fan la\n  responsable en virtud de la legislaci\u00f3n general. Sin embargo, seg\u00fan los art\u00edculos 8 a 10 de la TMG, nosotros, como proveedores de servicios, no somos\n  obligados a controlar la informaci\u00f3n de terceros transmitida o almacenada o a\n  investigar circunstancias que indiquen una actividad ilegal. Obligaciones con\n  la supresi\u00f3n o el bloqueo del uso de la informaci\u00f3n de conformidad con las leyes generales permanecen\n  no se ven afectados por esto. Sin embargo, la responsabilidad a este respecto s\u00f3lo es posible a partir del momento en que se tiene conocimiento de un\n  es posible una infracci\u00f3n concreta. Si tenemos conocimiento de alguna infracci\u00f3n de la ley, haremos lo siguiente\n  eliminaremos este contenido inmediatamente.\n            <\/p>\n\n            <h3 class=\"h3\">Responsabilidad de los enlaces<\/h3>\n            <p>\n  Nuestro sitio web contiene enlaces a sitios web externos de terceros sobre cuyo contenido no tenemos ninguna influencia.\n  Por lo tanto, no podemos aceptar ninguna responsabilidad por este contenido de terceros. Para el contenido del\n  El respectivo proveedor u operador de las p\u00e1ginas es siempre responsable del contenido de las p\u00e1ginas enlazadas.\n  En el momento de establecer el enlace, se comprob\u00f3 que las p\u00e1ginas enlazadas no infringieran la ley.\n  Los contenidos ilegales no eran reconocibles en el momento del enlace. Un contenido permanente\n  Sin embargo, no es posible comprobar las p\u00e1ginas enlazadas sin pruebas concretas de una infracci\u00f3n.\n  razonable. Si tenemos conocimiento de alguna infracci\u00f3n legal, eliminaremos dichos enlaces inmediatamente.\n            <\/p>\n\n            <h3 class=\"h3\">Derechos de autor<\/h3>\n            <p>\n  El contenido y las obras creadas por los operadores del sitio en estas p\u00e1ginas est\u00e1n sujetos a la legislaci\u00f3n alemana sobre derechos de autor.\n  Derechos de autor. La reproducci\u00f3n, transformaci\u00f3n, distribuci\u00f3n y cualquier tipo de utilizaci\u00f3n fuera del \u00e1mbito de la\n  de la ley de derechos de autor requieren el consentimiento por escrito del autor o creador respectivo.\n  Creador. Las descargas y copias de este sitio son exclusivamente para uso privado y no comercial.\n  Uso autorizado. En la medida en que el contenido de esta p\u00e1gina no haya sido creado por el operador,\n  se respeten los derechos de autor de terceros. En particular, se reconocen como tales los contenidos de terceros\n  etiquetado. Si, a pesar de todo, tiene conocimiento de una infracci\u00f3n de los derechos de autor,\n  inf\u00f3rmenos al respecto. Si tenemos conocimiento de infracciones legales, nos comprometemos a\n  retirar inmediatamente dicho contenido.\n            <\/p>\n\n            <h3 class=\"h3\">Protecci\u00f3n de datos<\/h3>\n            <p>\n  Por lo general, es posible utilizar nuestro sitio web sin necesidad de facilitar datos personales.\n  En la medida en que en nuestro sitio web se recogen datos personales (por ejemplo, nombre, direcci\u00f3n o direcciones de correo electr\u00f3nico), no lo hacemos\n  se recogen, siempre se hace de forma voluntaria en la medida de lo posible. Estos datos se almacenan sin\n  Sus datos no se transmitir\u00e1n a terceros sin su consentimiento expreso.\n            <\/p>\n            <p>\n  Nos gustar\u00eda se\u00f1alar que la transmisi\u00f3n de datos en Internet (por ejemplo, cuando se comunica por correo electr\u00f3nico)\n  pueden tener vulnerabilidades de seguridad. La protecci\u00f3n completa de los datos contra el acceso de terceros es\n  no es posible.\n            <\/p>\n            <p>\n  El uso de los datos de contacto publicados en el marco de la obligaci\u00f3n de pie de imprenta por parte de terceros para la\n  se rechaza el env\u00edo de material publicitario e informativo no solicitado.\n  contradicho expresamente. Los operadores de las p\u00e1ginas se reservan expresamente el derecho a emprender acciones legales.\n  en caso de env\u00edo no solicitado de informaci\u00f3n publicitaria, como correos basura.\n            <\/p>\n        <\/div>\n\n    <\/div>\n<\/div>\n","protected":false},"excerpt":{"rendered":"<p>Pie de imprenta Base jur\u00eddica Informaci\u00f3n conforme al art\u00edculo 5 de la TMG: impulsQ GmbH Director General: Martin Brosy | Gesina Kunkel NIF-IVA: DE324835628 Obere W\u00e4ssere 4 72764 Reutlingen correo electr\u00f3nico: [email protected] Responsable del contenido seg\u00fan \u00a7 6 Abs. 2 MDStV: Martin Brosy Responsabilidad por los contenidos El contenido de nuestras p\u00e1ginas se ha [&hellip;]<\/p>\n","protected":false},"author":1,"featured_media":0,"parent":0,"menu_order":9,"comment_status":"closed","ping_status":"closed","template":"template-bright.php","meta":{"_acf_changed":false,"_uag_custom_page_level_css":"","footnotes":""},"class_list":["post-626","page","type-page","status-publish","hentry"],"acf":[],"uagb_featured_image_src":{"full":false,"thumbnail":false,"medium":false,"medium_large":false,"large":false,"1536x1536":false,"2048x2048":false,"magazin-single":false,"magazin-single-2x":false,"magazin-big":false,"magazin-big-2x":false,"magazin-medium":false,"magazin-medium-2x":false,"magazin-small":false,"magazin-small-2x":false,"magazin-phone":false,"magazin-phone-2x":false,"onboarding_mobile":false,"onboarding_mobile_retina":false},"uagb_author_info":{"display_name":"impulsQ GmbH","author_link":"https:\/\/impulsq.de\/es\/author\/vanessa\/"},"uagb_comment_info":0,"uagb_excerpt":"Pie de imprenta Base jur\u00eddica Informaci\u00f3n conforme al art\u00edculo 5 de la TMG: impulsQ GmbH Director General: Martin Brosy | Gesina Kunkel NIF-IVA: DE324835628 Obere W\u00e4ssere 4 72764 Reutlingen correo electr\u00f3nico: [email protected] Responsable del contenido seg\u00fan \u00a7 6 Abs. 2 MDStV: Martin Brosy Responsabilidad por los contenidos El contenido de nuestras p\u00e1ginas se ha&hellip;","_links":{"self":[{"href":"https:\/\/impulsq.de\/es\/wp-json\/wp\/v2\/pages\/626","targetHints":{"allow":["GET"]}}],"collection":[{"href":"https:\/\/impulsq.de\/es\/wp-json\/wp\/v2\/pages"}],"about":[{"href":"https:\/\/impulsq.de\/es\/wp-json\/wp\/v2\/types\/page"}],"author":[{"embeddable":true,"href":"https:\/\/impulsq.de\/es\/wp-json\/wp\/v2\/users\/1"}],"replies":[{"embeddable":true,"href":"https:\/\/impulsq.de\/es\/wp-json\/wp\/v2\/comments?post=626"}],"version-history":[{"count":1,"href":"https:\/\/impulsq.de\/es\/wp-json\/wp\/v2\/pages\/626\/revisions"}],"predecessor-version":[{"id":627,"href":"https:\/\/impulsq.de\/es\/wp-json\/wp\/v2\/pages\/626\/revisions\/627"}],"wp:attachment":[{"href":"https:\/\/impulsq.de\/es\/wp-json\/wp\/v2\/media?parent=626"}],"curies":[{"name":"wp","href":"https:\/\/api.w.org\/{rel}","templated":true}]}}