{"id":395,"date":"2024-01-25T13:13:03","date_gmt":"2024-01-25T13:13:03","guid":{"rendered":"https:\/\/impulsq.de\/acilis-sayfasini-optimize-edin\/"},"modified":"2024-01-30T13:29:47","modified_gmt":"2024-01-30T13:29:47","slug":"acilis-sayfasini-optimize-edin","status":"publish","type":"page","link":"https:\/\/impulsq.de\/tr\/vaka-calismalari\/acilis-sayfasini-optimize-edin\/","title":{"rendered":"A\u00e7\u0131l\u0131\u015f sayfas\u0131n\u0131 optimize edin"},"content":{"rendered":"\n<div class=\"section references main-color darken-background pb-3\">\n    <div class=\"wrap\">\n\n        <h1 class=\"h1\">Bir a\u00e7\u0131l\u0131\u015f sayfas\u0131 i\u00e7in \u00f6rnek olay incelemesi<\/h1>\n        <h2 class=\"h2\">\n <span class=\"highlight\">Ziyaret\u00e7i say\u0131s\u0131 43.000<\/span> olan bir a\u00e7\u0131l\u0131\u015f sayfas\u0131n\u0131n optimizasyonu<br\/>\n            Sadece 4 haftada <span class=\"highlight\">%40 daha fazla ziyaret\u00e7i<\/span> <br\/>\n  sadece 2.000 avroluk bir yat\u0131r\u0131mla\n        <\/h2>\n\n    <\/div>\n    <div class=\"wrap\">\n\n        <a href=\"#calendly\" class=\"btn dark\">Vay be. Ayr\u0131ca sizin i\u00e7in birka\u00e7 SEO i\u015fim var<\/a>\n\n    <\/div>\n<\/div>\n\n<div class=\"section references top-box\">\n    <div class=\"wrap\">\n\n        <div class=\"box\">\n            <div class=\"additional-info\">SEO pahal\u0131 olmak zorunda de\u011fil<\/div>\n            <ul class=\"row\">\n                <li>\n                    <span class=\"percentage-raise\">40 %<\/span>\n  Ayl\u0131k ziyaret\u00e7i say\u0131s\u0131nda art\u0131\u015f\n                <\/li>\n                <li>\n                    <span class=\"percentage-raise\">60.000<\/span>\n  Ayl\u0131k ziyaret\u00e7iler  [Nach der Optimierung]\n                <\/li>\n                <li>\n                    <span class=\"percentage-raise\">37 %<\/span>\n  Anahtar kelime s\u0131ralamalar\u0131nda art\u0131\u015f\n                <\/li>\n                <li>\n                    <span class=\"percentage-raise\">2.000 \u20ac<\/span>\n  2024&#8217;te m\u00fc\u015fteriden gelen yat\u0131r\u0131m\n                <\/li>\n            <\/ul>\n        <\/div>\n\n    <\/div>\n<\/div>\n\n<div class=\"section references pb-2\">\n    <div class=\"wrap\">\n\n        <div class=\"media-article box-media\">\n            <div class=\"media\">\n                <div class=\"headline\">Anahtar kelime zorlu\u011fu<\/div>\n                <figure class=\"speedometer\">\n                    <img loading=\"lazy\" decoding=\"async\" src=\"\/media\/content\/case-studie\/speedmeter-50.svg\" width=\"237\" height=\"164\" alt=\"\"\/>\n                    <figcaption><span>50<\/span> Zor<\/figcaption>\n                <\/figure>\n                <p class=\"aside\">\n  Tahminimizce 78 web sitesinden geri ba\u011flant\u0131ya ihtiyac\u0131n\u0131z var,\n  bu anahtar kelime i\u00e7in ilk 10&#8217;da yer almak.\n                <\/p>\n            <\/div>\n            <div class=\"content\">\n                <h2 class=\"h3\">Rekabet taraf\u0131ndan devrildi. M\u00fc\u015fteri s\u0131ralamas\u0131n\u0131 + de\u011ferli ziyaret\u00e7ileri kaybeder.<\/h2>\n                <p>\n  M\u00fc\u015fterinin a\u00e7\u0131l\u0131\u015f sayfas\u0131, yiyecek i\u00e7ecek sekt\u00f6r\u00fcnden bir anahtar kelime i\u00e7in 4. s\u0131rada yer ald\u0131.\n  \u0130lk \u00fc\u00e7 yer yang\u0131n\u0131n kendisi taraf\u0131ndan i\u015fgal edildi. D\u00f6rd\u00fcnc\u00fc s\u0131rada, m\u00fc\u015fteri hala her\n  Google \u00fczerinden ayda 60.000&#8217;den fazla ziyaret\u00e7i ald\u0131. Fena de\u011fil.\n                <\/p>\n                <p>\n  Bu durum rakipleri taraf\u0131ndan fark edilmedi. Onlar da hevesle bir a\u00e7\u0131l\u0131\u015f sayfas\u0131 olu\u015fturdular\n  ve m\u00fc\u015fterimizi 4. s\u0131radan 6. s\u0131raya y\u00fckseltti. Ve hakl\u0131 olarak, \u00e7\u00fcnk\u00fc\n  Rakiplerin a\u00e7\u0131l\u0131\u015f sayfalar\u0131 \u00f6nemli \u00f6l\u00e7\u00fcde daha iyiydi ve kullan\u0131c\u0131lar\u0131n arama ama\u00e7lar\u0131yla daha iyi e\u015fle\u015fiyordu.\n  cevap verdi.\n                <\/p>\n                <p>\n  Biz de bu zorlu g\u00f6revi \u00fcstlendik ve kapsaml\u0131 bir optimizasyon ger\u00e7ekle\u015ftirdik.\n  \u00c7\u00fcnk\u00fc d\u00fcr\u00fcst olal\u0131m. M\u00fc\u015fterimizin a\u00e7\u0131l\u0131\u015f sayfas\u0131 berbatt\u0131.\n                <\/p>\n                <p>\n  Ama! Biz de bunun i\u00e7in buraday\u0131z.<br\/>\n                    <strong>O y\u00fczden fazla oyalanmay\u0131n, k\u00f6fteleri haz\u0131rlamaya ba\u015flay\u0131n!<\/strong>\n                <\/p>\n            <\/div>\n        <\/div>\n\n        <div class=\"media-article box-media\">\n            <div class=\"content\">\n                <h2 class=\"h3\">\u0130ki bin avroluk bir b\u00fct\u00e7e i\u00e7in en iyi \u00e7\u00f6z\u00fcm<\/h2>\n                <p>\n  \u00d6ncelikle sakin olun. H\u0131zl\u0131 \u00e7\u00f6z\u00fcm yok.\n                <\/p>\n                <p>\n  A\u00e7\u0131l\u0131\u015f sayfas\u0131 sadece g\u00f6rsel a\u00e7\u0131dan de\u011fil, 511 kelimelik i\u00e7eri\u011fiyle de tam bir felaketti\n  blog format\u0131nda g\u00f6\u011fs\u00fcnde olduk\u00e7a zay\u0131f. \u0130\u00e7eri\u011fin g\u00f6zden ge\u00e7irilmesi ve geni\u015fletilmesi\n  kesinlikle gerekli. Grafiksel olarak da \u00e7ok \u015fey yap\u0131lmas\u0131 gerekiyordu. Neyse ki, yetenekli\n  Ekibimizde web tasar\u0131mc\u0131s\u0131.\n                <\/p>\n                <p>\n  Amac\u0131m\u0131z: m\u00fc\u015fteriyi m\u00fcmk\u00fcn oldu\u011funca az \u00e7abayla 4. s\u0131raya f\u0131rlatmak.\n  Sadece birka\u00e7 hafta i\u00e7in de\u011fil, uzun vadede. 2,000 avroluk bir b\u00fct\u00e7e olduk\u00e7a dar olsa bile\n  \u00f6l\u00e7\u00fcld\u00fc\u011f\u00fcnde, imkans\u0131z de\u011fildir. \u015eimdi bunu kan\u0131tlayabiliyoruz.\n                <\/p>\n            <\/div>\n            <div class=\"media\">\n                <div class=\"headline\">A\u00e7\u0131l\u0131\u015f sayfas\u0131n\u0131 ba\u015far\u0131l\u0131 bir \u015fekilde optimize etme<\/div>\n                <ul class=\"raise-list\">\n                    <li>\n                        <span class=\"label\">Organik ziyaret\u00e7iler<\/span>\n                        <span class=\"value\"><span class=\"from\">43,000&#8217;den<\/span> 60,000&#8217;e<\/span>\n                        <span class=\"raise\">+40 %<\/span>\n                    <\/li>\n                    <li>\n                        <span class=\"label\">Organik anahtar kelimeler<\/span>\n                        <span class=\"value\"><span class=\"from\">3,090<\/span>&#8216;dan 4,230&#8217;a<\/span>\n                        <span class=\"raise\">+37 %<\/span>\n                    <\/li>\n                    <li>\n                        <span class=\"label\">Son teslim tarihi<\/span>\n                        <span class=\"value\">1 hafta<\/span>\n                    <\/li>\n                    <li>\n                        <span class=\"label\">B\u00fct\u00e7e<\/span>\n                        <span class=\"value\">2.000 \u20ac<\/span>\n\n                    <\/li>\n                <\/ul>\n                <ul class=\"metas\">\n                    <li>\n                        <span class=\"label\">O zamandan beri m\u00fc\u015fteri<\/span>\n                        <span class=\"value\">2024<\/span>\n                    <\/li>\n                    <li>\n                        <span class=\"label\">M\u00fc\u015fteri<\/span>\n                        <span class=\"value\">Gastronomi<\/span>\n                    <\/li>\n                <\/ul>\n            <\/div>\n        <\/div>\n\n    <\/div>\n<\/div>\n\n<div class=\"section references main-color darken-background pt-2 pb-2\">\n    <div class=\"wrap\">\n\n        <h2 class=\"h2\">Sekiz ad\u0131mda 17,000 daha fazla<br\/>  ayl\u0131k ziyaret\u00e7i<\/h2>\n\n        <div class=\"read-more-articles plus-icons\">\n            <div class=\"article has-more\" data-modal-mode=\"read-more\" data-modal-theme=\"references\">\n                <h4 class=\"headline\">Y\u00f6netici Ortak ve SEO uzman\u0131 Martin Brosy bizzat i\u015fin i\u00e7ine girmeli<\/h4>\n                <p>\n  Resmi tatil. Kimse \u00e7al\u0131\u015fm\u0131yor. M\u00fc\u015fteri bizim i\u00e7in krald\u0131r. Yani Genel M\u00fcd\u00fcr\u00fcm\u00fcz\n  \u0130\u015f orta\u011f\u0131, a\u00e7\u0131l\u0131\u015f sayfas\u0131n\u0131n optimizasyonunu bir g\u00fcn i\u00e7inde bizzat \u00fcstlendi\n  organize edildi ve brifingler haz\u0131rland\u0131.\n                <\/p>\n                <button type=\"button\">Daha fazla<\/button>\n            <\/div>\n            <div class=\"article has-more\" data-modal-mode=\"read-more\" data-modal-theme=\"references\">\n                <h4 class=\"headline\">Rekabet analizi<\/h4>\n                <p>\n  M\u00fc\u015fterinin rakiplerinden ikisi neden daha iyi s\u0131ralamada yer al\u0131yor? Bunun a\u00e7\u0131kl\u0131\u011fa kavu\u015fturulmas\u0131 gerekiyordu. Yani i\u00e7inde\n  Rakiplerin a\u00e7\u0131l\u0131\u015f sayfalar\u0131n\u0131 ayr\u0131nt\u0131l\u0131 olarak analiz etti ve t\u00fcm olumlu y\u00f6nlerini belirledi.\n  Yaz\u0131l\u0131 olarak. Heyecan verici bulgular. Ayr\u0131ca \u00f6\u011frenmeyi asla b\u0131rakmay\u0131z.\n                <\/p>\n                <button type=\"button\">Daha fazla<\/button>\n            <\/div>\n            <div class=\"article has-more\" data-modal-mode=\"read-more\" data-modal-theme=\"references\">\n                <h4 class=\"headline\">M\u00fc\u015fterinin a\u00e7\u0131l\u0131\u015f sayfas\u0131n\u0131 analiz edin<\/h4>\n                <p>\n  Tamam, 511 kelime ile m\u00fc\u015fterinin a\u00e7\u0131l\u0131\u015f sayfas\u0131 \u00e7ok kapsaml\u0131 de\u011fildi. \u0130htiyac\u0131 vard\u0131\n  hi\u00e7bir uzman \u00f6nemli kullan\u0131c\u0131 sorular\u0131n\u0131n cevaplanmad\u0131\u011f\u0131n\u0131 ve tasar\u0131m\u0131n\n  olduk\u00e7a yetersizdi.\n                <\/p>\n                <button type=\"button\">Daha fazla<\/button>\n            <\/div>\n            <div class=\"article has-more\" data-modal-mode=\"read-more\" data-modal-theme=\"references\">\n                <h4 class=\"headline\">SSS + anahtar kelime analizi<\/h4>\n                <p>\n  Ara\u015ft\u0131rd\u0131k ve 20 SSS&#8217;yi derledik. Ayr\u0131ca 11 anahtar kelime k\u00fcmesi olu\u015fturulmu\u015ftur.\n  Edit\u00f6rler bu temelde m\u00fckemmel bir metin olu\u015fturabilirler. Kullan\u0131c\u0131lar i\u00e7in m\u00fckemmel.\n  Google i\u00e7in m\u00fckemmel.\n                <\/p>\n                <button type=\"button\">Daha fazla<\/button>\n            <\/div>\n            <div class=\"article has-more\" data-modal-mode=\"read-more\" data-modal-theme=\"references\">\n                <h4 class=\"headline\">\u0130\u00e7erik olu\u015fturma<\/h4>\n                <p>\n  T\u00fcm bulgular bir araya getirilmi\u015f ve 7 sayfadan olu\u015fan bir brifing haz\u0131rlanm\u0131\u015ft\u0131r.\n  Edit\u00f6rl\u00fck ofisi olu\u015fturuldu. Tamamlanan makale Surfer SEO&#8217;nun yard\u0131m\u0131yla optimize edildi.\n                <\/p>\n                <button type=\"button\">Daha fazla<\/button>\n            <\/div>\n            <div class=\"article has-more\" data-modal-mode=\"read-more\" data-modal-theme=\"references\">\n                <h4 class=\"headline\">Grafikler<\/h4>\n                <p>\n  0815 foto\u011fraf\u0131 olmadan yapmak istedik. Heyecan verici bir infografik, bir kapak resmi ve bir\n  \u00e7ok say\u0131da ba\u015fka grafik. Rakip, markan\u0131n grafiklerine g\u00fcvenirken\n  farkl\u0131 olmak istedik. Bu y\u00fczden grafik tasar\u0131mc\u0131lar\u0131m\u0131z\u0131n i\u015fe koyulmas\u0131 gerekiyordu.\n                <\/p>\n                <button type=\"button\">Daha fazla<\/button>\n            <\/div>\n            <div class=\"article has-more\" data-modal-mode=\"read-more\" data-modal-theme=\"references\">\n                <h4 class=\"headline\">\u00c7evrimi\u00e7i yerle\u015ftirin<\/h4>\n                <p>\n  Bizzat olu\u015fturdu\u011fumuz t\u00fcm i\u00e7eri\u011fi internete koyduk. Bu, i\u015flerin daha h\u0131zl\u0131 ilerlemesini sa\u011flad\u0131. T\u00fcm\u00fc\n  Her zaman m\u00fc\u015fterilerimizi memnun etmek i\u00e7in kurum i\u00e7i uzmanl\u0131\u011fa sahibiz. Neden? Daha h\u0131zl\u0131 gidiyor. Bu\n  \u0130leti\u015fim kanallar\u0131 daha k\u0131sad\u0131r. Ekip e\u011fitildi. Yani sonu\u00e7ta m\u00fc\u015fteri i\u00e7in daha avantajl\u0131.\n  Kazan-kazan.\n                <\/p>\n                <button type=\"button\">Daha fazla<\/button>\n            <\/div>\n            <div class=\"article has-more\" data-modal-mode=\"read-more\" data-modal-theme=\"references\">\n                <h4 class=\"headline\">Raporlama + \u0130zleme<\/h4>\n                <p>\n  M\u00fc\u015fteri yeni a\u00e7\u0131l\u0131\u015f sayfas\u0131n\u0131 sab\u0131rs\u0131zl\u0131kla bekliyordu. En az onun kadar heyecanl\u0131yd\u0131.\n  Bizim gibi. \u015eimdi tek yapmam\u0131z gereken iyi bir i\u015f \u00e7\u0131kard\u0131\u011f\u0131m\u0131z\u0131 g\u00f6stermek. Bu \u00e7ok kolay.\n  \u00f6l\u00e7\u00fclebilir. M\u00fc\u015fteri s\u0131ralamada y\u00fckseliyor mu? Tabii ki, bunu daha sonra kontrol ettik ve\n  Bak\u0131n\u0131z, d\u00f6rt hafta sonra pozisyonumuzu yeniden kazand\u0131k.\n                <\/p>\n                <button type=\"button\">Daha fazla<\/button>\n            <\/div>\n        <\/div>\n\n    <\/div>\n<\/div>\n\n<div class=\"section references pt-2\">\n    <div class=\"wrap\">\n\n        <h2 class=\"h1\">M\u00fc\u015fteri i\u015fbirli\u011fini neden takdir ediyor?<\/h2>\n        <blockquote class=\"big\">\n  Yan\u0131t s\u00fcresi harikayd\u0131.<br\/>  Sonu\u00e7 beni de \u015fa\u015f\u0131rtt\u0131. Bunun i\u00e7in<br\/>\n  \u0130ki bin avroyu \u00f6dedi\u011fim i\u00e7in mutluydum.\n        <\/blockquote>\n        <p>\n  Bana bariz bir \u015fekilde bir \u015feyler kazand\u0131rd\u0131 ve impulsQ GmbH ile art\u0131k yetkin bir orta\u011f\u0131m var.\n  \u0130rtibat ki\u015fisi yan\u0131mda. Zor vakalar i\u00e7in bile.\n        <\/p>\n\n        <div class=\"person\">\n            <div class=\"name\">Marek W.<\/div>\n            <div class=\"position\">Genel m\u00fcd\u00fcr ve hissedar<\/div>\n        <\/div>\n\n    <\/div>\n<\/div>\n\n<div class=\"section references\">\n    <div class=\"wrap\">\n\n        <h2 class=\"h1\">M\u00fc\u015fteri 17.000 ziyaret\u00e7i trafi\u011findeki art\u0131\u015ftan memnun<\/h2>\n        <h3 class=\"h2\">SEO bir kara kutu de\u011fildir.<br\/>  Tabii ne yapt\u0131\u011f\u0131n\u0131z\u0131 biliyorsan\u0131z.<\/h3>\n        <p>\n  Saatlik \u00fccretimiz 100 avro. Katk\u0131 pay\u0131n\u0131 ancak bu proje ile elde edebildik.\n  Bu k\u00f6t\u00fc bir \u015fey de\u011fil. Bunu yapmay\u0131 seviyoruz ve bir sipari\u015fi kabul etti\u011fimizde, onu iyi yapmak istiyoruz.\n  Do\u011fru yap. \u00c7\u00fcnk\u00fc sonu\u00e7ta bu i\u015fi para i\u00e7in de\u011fil, tutkumuz oldu\u011fu i\u00e7in yap\u0131yoruz.\n  E\u011fer bu inan\u0131lmaz bir ba\u015far\u0131ya d\u00f6n\u00fc\u015f\u00fcrse, her bir avroluk k\u00e2r\u0131 kolayca geride b\u0131rakacakt\u0131r.\n        <\/p>\n        <p>\n  Kesin olan bir \u015fey var. M\u00fc\u015fteri taraf\u0131ndan belirlenen hedefe 4. s\u0131ra ile ula\u015f\u0131lm\u0131\u015ft\u0131r. Bu, trafikte bir art\u0131\u015f anlam\u0131na gelir\n  ayda 60.000 ziyaret\u00e7i. Sadece bir a\u00e7\u0131l\u0131\u015f sayfas\u0131 i\u00e7in. Sert. Tabii ki, biz de biraz\n  bizimle gurur duyuyor. M\u00fc\u015fteri y\u00fczde 100&#8217;d\u00fcr.\n        <\/p>\n\n    <\/div>\n<\/div>\n\n<div class=\"section references\">\n    <div class=\"wrap\">\n\n        <div class=\"chart\">\n            <h2 class=\"headline\">Organik trafik<\/h2>\n            <img decoding=\"async\" src=\"\/media\/content\/case-studie\/charts\/landingpage-organic-traffic.webp\" alt=\"\"\/>\n        <\/div>\n\n    <\/div>\n<\/div>\n\n<div class=\"section references\">\n    <div class=\"wrap\">\n\n        <div class=\"chart\">\n            <h2 class=\"headline\">Organik anahtar kelimeler<\/h2>\n            <img decoding=\"async\" src=\"\/media\/content\/case-studie\/charts\/landingpage-organic-keywords.webp\" alt=\"\"\/>\n        <\/div>\n\n    <\/div>\n<\/div>\n\n<div class=\"section references pt-2 pb-2\" id=\"calendly\">\n    <div class=\"wrap\">\n\n        <h2 class=\"h1\">\u015eimdi bir ba\u015flang\u0131\u00e7 tarihi se\u00e7in!<\/h2>\n        <h3 class=\"h2\">SEO uzmanlar\u0131ndan SEO<\/h3>\n        <p>\n  SEO vaka \u00e7al\u0131\u015fmam\u0131z\u0131 be\u011fendiniz mi? Merak m\u0131 ediyorsun? Sizin i\u00e7in de bu t\u00fcr sonu\u00e7lar \u00fcretebiliriz\n  ba\u015farmak. \u00dccretsiz ilk dan\u0131\u015fmanl\u0131k i\u00e7in a\u015fa\u011f\u0131dan kay\u0131t yapt\u0131rabilirsiniz. Sizi g\u00f6rmek i\u00e7in sab\u0131rs\u0131zlan\u0131yoruz.\n        <\/p>\n        <h3 class=\"h4\">Bo\u015f bir zaman dilimi se\u00e7in<\/h3>\n         <div class=\"brlbs-cmpnt-container brlbs-cmpnt-content-blocker brlbs-cmpnt-with-individual-styles\" data-borlabs-cookie-content-blocker-id=\"calendly\" data-borlabs-cookie-content=\"PGlmcmFtZSBjbGFzcz0iYXBwb2ludG1lbnQtaWZyYW1lIiBzcmM9Imh0dHBzOi8vY2FsZW5kbHkuY29tL2ltcHVsc3EvbGlua2J1aWxkaW5nIiB3aWR0aD0iNjAwIiBoZWlnaHQ9IjQxMCI+PC9pZnJhbWU+\"><div class=\"brlbs-cmpnt-cb-preset-a\"> <p class=\"brlbs-cmpnt-cb-description\">\u015eu anda bir yer tutucu i\u00e7eri\u011fi g\u00f6r\u00fcyorsunuz<strong>Calendly<\/strong>. As\u0131l i\u00e7eri\u011fe eri\u015fmek i\u00e7in a\u015fa\u011f\u0131daki d\u00fc\u011fmeyi t\u0131klay\u0131n. Bu i\u015flem s\u0131ras\u0131nda veriler \u00fc\u00e7\u00fcnc\u00fc taraf sa\u011flay\u0131c\u0131lara aktar\u0131lacakt\u0131r.<\/p> <div class=\"brlbs-cmpnt-cb-buttons\"> <a class=\"brlbs-cmpnt-cb-btn\" href=\"#\" data-borlabs-cookie-unblock role=\"button\">\u0130\u00e7eri\u011fi a\u00e7<\/a> <a class=\"brlbs-cmpnt-cb-btn\" href=\"#\" data-borlabs-cookie-accept-service role=\"button\" style=\"display: <m id=\"3\">&quot;&gt;Gerekli hizmeti kabul edin ve i\u00e7eri\u011fi a\u00e7\u0131n<\/a> <\/div> <a class=\"brlbs-cmpnt-cb-provider-toggle\" href=\"#\" data-borlabs-cookie-show-provider-information role=\"button\">Daha fazla bilgi<\/a> <\/div><\/div>\n\n    <\/div>\n<\/div>\n","protected":false},"excerpt":{"rendered":"<p>Bir a\u00e7\u0131l\u0131\u015f sayfas\u0131 i\u00e7in \u00f6rnek olay incelemesi Ziyaret\u00e7i say\u0131s\u0131 43.000 olan bir a\u00e7\u0131l\u0131\u015f sayfas\u0131n\u0131n optimizasyonu Sadece 4 haftada %40 daha fazla ziyaret\u00e7i sadece 2.000 avroluk bir yat\u0131r\u0131mla Vay be. Ayr\u0131ca sizin i\u00e7in birka\u00e7 SEO i\u015fim var SEO pahal\u0131 olmak zorunda de\u011fil 40 % Ayl\u0131k ziyaret\u00e7i say\u0131s\u0131nda art\u0131\u015f 60.000 Ayl\u0131k ziyaret\u00e7iler [Nach der Optimierung] 37 % [&hellip;]<\/p>\n","protected":false},"author":1,"featured_media":0,"parent":450,"menu_order":0,"comment_status":"closed","ping_status":"closed","template":"template-bright.php","meta":{"_acf_changed":false,"_uag_custom_page_level_css":"","footnotes":""},"class_list":["post-395","page","type-page","status-publish","hentry"],"acf":[],"uagb_featured_image_src":{"full":false,"thumbnail":false,"medium":false,"medium_large":false,"large":false,"1536x1536":false,"2048x2048":false,"magazin-single":false,"magazin-single-2x":false,"magazin-big":false,"magazin-big-2x":false,"magazin-medium":false,"magazin-medium-2x":false,"magazin-small":false,"magazin-small-2x":false,"magazin-phone":false,"magazin-phone-2x":false,"onboarding_mobile":false,"onboarding_mobile_retina":false},"uagb_author_info":{"display_name":"impulsQ GmbH","author_link":"https:\/\/impulsq.de\/tr\/author\/vanessa\/"},"uagb_comment_info":0,"uagb_excerpt":"Bir a\u00e7\u0131l\u0131\u015f sayfas\u0131 i\u00e7in \u00f6rnek olay incelemesi Ziyaret\u00e7i say\u0131s\u0131 43.000 olan bir a\u00e7\u0131l\u0131\u015f sayfas\u0131n\u0131n optimizasyonu Sadece 4 haftada %40 daha fazla ziyaret\u00e7i sadece 2.000 avroluk bir yat\u0131r\u0131mla Vay be. Ayr\u0131ca sizin i\u00e7in birka\u00e7 SEO i\u015fim var SEO pahal\u0131 olmak zorunda de\u011fil 40 % Ayl\u0131k ziyaret\u00e7i say\u0131s\u0131nda art\u0131\u015f 60.000 Ayl\u0131k ziyaret\u00e7iler [Nach der Optimierung] 37 %&hellip;","_links":{"self":[{"href":"https:\/\/impulsq.de\/tr\/wp-json\/wp\/v2\/pages\/395","targetHints":{"allow":["GET"]}}],"collection":[{"href":"https:\/\/impulsq.de\/tr\/wp-json\/wp\/v2\/pages"}],"about":[{"href":"https:\/\/impulsq.de\/tr\/wp-json\/wp\/v2\/types\/page"}],"author":[{"embeddable":true,"href":"https:\/\/impulsq.de\/tr\/wp-json\/wp\/v2\/users\/1"}],"replies":[{"embeddable":true,"href":"https:\/\/impulsq.de\/tr\/wp-json\/wp\/v2\/comments?post=395"}],"version-history":[{"count":2,"href":"https:\/\/impulsq.de\/tr\/wp-json\/wp\/v2\/pages\/395\/revisions"}],"predecessor-version":[{"id":690,"href":"https:\/\/impulsq.de\/tr\/wp-json\/wp\/v2\/pages\/395\/revisions\/690"}],"up":[{"embeddable":true,"href":"https:\/\/impulsq.de\/tr\/wp-json\/wp\/v2\/pages\/450"}],"wp:attachment":[{"href":"https:\/\/impulsq.de\/tr\/wp-json\/wp\/v2\/media?parent=395"}],"curies":[{"name":"wp","href":"https:\/\/api.w.org\/{rel}","templated":true}]}}