{"id":425,"date":"2024-01-08T12:38:08","date_gmt":"2024-01-08T12:38:08","guid":{"rendered":"https:\/\/impulsq.de\/sertifikalar\/"},"modified":"2024-02-13T10:34:16","modified_gmt":"2024-02-13T10:34:16","slug":"sertifikalar","status":"publish","type":"page","link":"https:\/\/impulsq.de\/tr\/sertifikalar\/","title":{"rendered":"Sertifikalar"},"content":{"rendered":"\n<div class=\"section references main-color darken-background\">\n    <div class=\"wrap\">\n\n        <h1 class=\"h1\">Sertifikasyon<\/h1>\n        <h2 class=\"h2\">B\u00fct\u00e7enizi a\u015fa\u011f\u0131dakilere harcamay\u0131n<br\/>herhangi bir el!<\/h2>\n        <p>\n  Bizler online pazarlama uzmanlar\u0131y\u0131z. Kendimizi bir kaidenin \u00fczerine koymay\u0131 sevdi\u011fimiz i\u00e7in de\u011fil\n  uzmanl\u0131\u011f\u0131m\u0131z \u00fczerinde g\u00fcnl\u00fck olarak \u00e7al\u0131\u015f\u0131yoruz ve \u00e7ok fazla deneyime sahibiz. Konu\u015fmay\u0131 sevmeyiz,\n  ama yap. Bizimle b\u00fct\u00e7enizden maksimum fayday\u0131 elde edersiniz. Anahtar uzmanl\u0131kt\u0131r!\n        <\/p>\n        <p>\n            <a class=\"btn dark\" href=\"mailto:willkommen@impulsq.de\">\u00dccretsiz ilk dan\u0131\u015fmanl\u0131k<\/a>\n        <\/p>\n\n    <\/div>\n<\/div>\n\n<div class=\"section references pt-2\">\n    <div class=\"wrap\">\n\n        <div class=\"certification-article\">\n            <div class=\"cert\">\n                <figure>\n                    <img loading=\"lazy\" decoding=\"async\" src=\"\/media\/content\/certifications\/eusa23-finalist.webp\" width=\"260\" height=\"82\" alt=\"Avrupa 2023 Arama \u00d6d\u00fclleri Finalisti\"\/>\n                <\/figure>\n                <h2 class=\"h4\">Avrupa Arama \u00d6d\u00fcl\u00fc Finalisti 2023<\/h2>\n                <p>\n  Her y\u0131l en iyi SEO ajanslar\u0131 Avrupa Arama \u00d6d\u00fcl\u00fc ile onurland\u0131r\u0131lmaktad\u0131r. Kar\u015f\u0131la\u015ft\u0131rma olarak\n  Di\u011fer bir\u00e7ok \u00f6d\u00fcl\u00fcn aksine bu \u00f6d\u00fcl sat\u0131l\u0131k de\u011fildir. Bu, \u00e7ok say\u0131da \u00fcyenin\n  j\u00fcri ve organizat\u00f6rler taraf\u0131ndan. Kapsaml\u0131 vaka \u00e7al\u0131\u015fmam\u0131z Avrupa Komisyonu \u00fcyeleri taraf\u0131ndan analiz edilmi\u015ftir.\n  Arama \u00d6d\u00fclleri ikna edildi. J\u00fcriden en iyi uluslararas\u0131 SEO&#8217;lar\u0131n se\u00e7ilmesinden gurur duyuyoruz\n  \u00e7al\u0131\u015fmalar\u0131m\u0131z\u0131 takdir ediyor ve finalist rozeti ile onurland\u0131r\u0131yor. Bu g\u00fcven yarat\u0131r\n  ve bize iyi \u00e7al\u0131\u015fmalar\u0131m\u0131z\u0131n uluslararas\u0131 alanda kabul g\u00f6rd\u00fc\u011f\u00fcn\u00fc g\u00f6steriyor.\n                <\/p>\n                <button class=\"read-more\" type=\"button\">Daha fazla<\/button>\n            <\/div>\n            <div class=\"cert\">\n                <figure>\n                    <img loading=\"lazy\" decoding=\"async\" src=\"\/media\/content\/certifications\/afs-zertifizierte-seo-agentur.svg\" width=\"188\" height=\"82\" alt=\"afs-Akademie 2012'den beri - Sertifikal\u0131 SEO ajans\u0131\"\/>\n                <\/figure>\n                <h2 class=\"h4\">AFS Acente Sertifikas\u0131<\/h2>\n                <p>\n  Profesyonel bir \u00e7al\u0131\u015fma \u015fekli. Verimlilik, kalite ve uzmanl\u0131k ile karakterize edilir. Bunlar\n  impulsQ GmbH&#8217;nin ba\u015far\u0131 fakt\u00f6rleri. Denetim s\u00fcrecinde \u00e7e\u015fitli vaka \u00e7al\u0131\u015fmalar\u0131 sunduk ve\n  SEO \u0130leri E\u011fitim Akademisi&#8217;nin d\u0131\u015f dan\u0131\u015fmanlar\u0131 t\u00fcm s\u00fcre\u00e7leri analiz etti&#8230; ayr\u0131nt\u0131l\u0131 olarak\n  mikroskop alt\u0131nda. Afs acente sertifikas\u0131n\u0131 gururla ta\u015f\u0131yoruz. Yani g\u00f6r\u00fcyorsun:\n  Ger\u00e7ekten bir \u015feyler yapabiliriz.\n                <\/p>\n                <button class=\"read-more\" type=\"button\">Daha fazla<\/button>\n            <\/div>\n            <div class=\"cert\">\n                <figure>\n                    <img loading=\"lazy\" decoding=\"async\" src=\"\/media\/content\/certifications\/lrt-certified-professional.webp\" width=\"123\" height=\"132\" alt=\"LRT - Sertifikal\u0131 Profesyonel - Ba\u011flant\u0131lar Ara\u015ft\u0131rma Ara\u00e7lar\u0131\"\/>\n                <\/figure>\n                <h2 class=\"h4\">LRT Profesyonel<\/h2>\n                <p>\n  Birka\u00e7 g\u00fcn s\u00fcren y\u00fcz y\u00fcze bir at\u00f6lye \u00e7al\u0131\u015fmas\u0131nda LRT Sertifikas\u0131n\u0131 ba\u015far\u0131yla tamamlad\u0131k\n  Profesyonel. SEO sertifikas\u0131 a\u015fa\u011f\u0131daki alanlarda daha fazla e\u011fitim i\u00e7erir\n  Rakip analizi, Google cezalar\u0131, link denetimleri ve link risk y\u00f6netimi. At\u00f6lye \u00e7al\u0131\u015fmas\u0131na ek olarak\n  Burada \u00f6\u011fretilen i\u00e7erik temelinde \u00f6zel bir makale yaz\u0131labilir. \u0130kimiz de\n  ustala\u015fm\u0131\u015f. Her zaman m\u00fc\u015fterilerimiz i\u00e7in bilgi ve uzmanl\u0131k temelinde karar verme hedefiyle.\n  Tehlikeli yar\u0131m bilgilere veya hatta i\u00e7g\u00fcd\u00fcsel hislere dayanarak karar vermemek.\n                <\/p>\n                <button class=\"read-more\" type=\"button\">Daha fazla<\/button>\n            <\/div>\n            <div class=\"cert\">\n                <figure>\n                    <img loading=\"lazy\" decoding=\"async\" src=\"\/media\/content\/certifications\/dcm-academy.webp\" width=\"129\" height=\"130\" alt=\"Dijital \u0130\u00e7erik Pazarlama - Akademi\"\/>\n                <\/figure>\n                <h2 class=\"h4\">Dijital \u0130\u00e7erik Pazarlama Akademisi<\/h2>\n                <p>\n  Alt\u0131 yo\u011fun haftada i\u00e7erik pazarlama uzman\u0131 olun. Canl\u0131 ko\u00e7luk seanslar\u0131nda ve saatler s\u00fcren\n  M\u00fc\u015fterilerimiz i\u00e7in verimli, hedef gruba \u00f6zel ve etkili pazarlama materyallerinin nas\u0131l olu\u015fturulaca\u011f\u0131n\u0131 \u00f6\u011frendik.\n  ilgili i\u00e7erik pazarlamas\u0131 ger\u00e7ekle\u015ftirin. Sadede gelelim: Nas\u0131l daha da iyiye gidiyoruz. Ba\u015far\u0131yla.\n  M\u00fc\u015fterilerimiz sonu\u00e7lardan memnun. \u00d6rnek olay \u00e7al\u0131\u015fmalar\u0131m\u0131zda da etkileyici bir \u015fekilde g\u00f6sterdi\u011fimiz gibi\n  de\u011ferlerini kan\u0131tlamak.\n                <\/p>\n                <button class=\"read-more\" type=\"button\">Daha fazla<\/button>\n            <\/div>\n            <div class=\"cert\">\n                <figure>\n                    <img loading=\"lazy\" decoding=\"async\" src=\"\/media\/content\/certifications\/impulsQ-zertifikat-spezialist-landingpage-optimierung.webp\" width=\"173\" height=\"109\" alt=\"A\u00e7\u0131l\u0131\u015f sayfas\u0131 optimizasyon uzman\u0131 - impulsQ GmbH - Conversion Boosting\"\/>\n                <\/figure>\n                <h2 class=\"h4\">A\u00e7\u0131l\u0131\u015f sayfas\u0131 uzman\u0131<\/h2>\n                <p>\n  A\u00e7\u0131l\u0131\u015f Sayfas\u0131 Optimizasyon Uzman\u0131 e\u011fitim kursu 18 ders ve 200&#8217;den fazla i\u00e7erikten olu\u015fmaktad\u0131r.\n  dersler ve 18 orta seviye s\u0131nav\u0131. \u015eu konulara odaklanabildik: \u0130\u00e7erik,\n  Ba\u015fl\u0131klar, g\u00f6rseller, formlar, tasar\u0131m, d\u00f6n\u00fc\u015f\u00fcm, potansiyel m\u00fc\u015fteri yeti\u015ftirme, katmanlar,\n  Hipotez olu\u015fturma ve ara\u00e7lar\u0131. \u0130yi haz\u0131rlanm\u0131\u015f a\u00e7\u0131l\u0131\u015f sayfalar\u0131n\u0131 ve m\u00fc\u015fterilerimizi seviyoruz\n  a\u00e7\u0131l\u0131\u015f sayfalar\u0131 hakk\u0131ndaki bilgilerimizden yararlan\u0131n.\n                <\/p>\n                <button class=\"read-more\" type=\"button\">Daha fazla<\/button>\n            <\/div>\n            <div class=\"cert\">\n                <figure>\n                    <img loading=\"lazy\" decoding=\"async\" src=\"\/media\/content\/certifications\/wortliga-zertifiert-online-texter-in.webp\" width=\"133\" height=\"133\" alt=\"Sertifikal\u0131 - Wortliga - \u00c7evrimi\u00e7i metin yazar\u0131\"\/>\n                <\/figure>\n                <h2 class=\"h4\">Kelime Ligi<\/h2>\n                <p>\n  \u015eirketimizde sertifikal\u0131 online metin yazarlar\u0131 \u00e7al\u0131\u015fmaktad\u0131r. Wortliga&#8217;n\u0131n ileri e\u011fitimi\n  30 ders ve bir final s\u0131nav\u0131ndan olu\u015fmaktad\u0131r. Art\u0131k size daha da anla\u015f\u0131l\u0131r bir \u015fekilde\n  \u0130\u00e7erik yaz\u0131n ve Hamburg anla\u015f\u0131labilirlik modelini uygulay\u0131n. Ayr\u0131ca \u015fu alanlarda da aktifiz\n  Okuyucular\u0131n\u0131z\u0131n dikkatini \u00e7ekecek yap\u0131land\u0131r\u0131lm\u0131\u015f ve empatik metinler yazabilmek ve\n  Bir okuyucu kazan\u0131n.\n                <\/p>\n                <button class=\"read-more\" type=\"button\">Daha fazla<\/button>\n            <\/div>\n            <div class=\"cert\">\n                <figure>\n                    <img loading=\"lazy\" decoding=\"async\" src=\"\/media\/content\/certifications\/ryte-expert.webp\" width=\"235\" height=\"80\" alt=\"RYTE Uzman\"\/>\n                <\/figure>\n                <h2 class=\"h4\">RYTE Uzman<\/h2>\n                <p>\n  Ryte Expert m\u00fchr\u00fcn\u00fc alabilmek i\u00e7in onpage alan\u0131nda bir g\u00fcnl\u00fck e\u011fitimden ge\u00e7tik.\n  E\u011fitimin aras\u0131na de\u011ferli ipu\u00e7lar\u0131 ve p\u00fcf noktalar\u0131 serpi\u015ftirildi. Arabuluculu\u011funa ek olarak\n  Ayr\u0131ca bir site klini\u011finde konu\u015fmac\u0131larla sayfa i\u00e7i fakt\u00f6rler hakk\u0131nda temel bilgileri payla\u015fabildik.\n  omzunun \u00fczerinden. Ayr\u0131ca ilgin\u00e7 hack&#8217;ler ve i\u00e7g\u00f6r\u00fcler hakk\u0131nda da bilgi edindik.\n  Bu alandaki uzmanl\u0131\u011f\u0131m\u0131z\u0131 g\u00f6stermek i\u00e7in y\u0131l boyunca ilgili t\u00fcm SEO etkinliklerine kat\u0131ld\u0131\u011f\u0131m\u0131z\u0131 s\u00f6ylemeye gerek yok.\n  Onpage alan\u0131nda geni\u015flemeye devam etmek ve sadece rahat\u0131m\u0131za bakmak istemiyoruz.\n                <\/p>\n                <button class=\"read-more\" type=\"button\">Daha fazla<\/button>\n            <\/div>\n            <div class=\"cert\">\n                <figure>\n                    <img loading=\"lazy\" decoding=\"async\" src=\"\/media\/content\/certifications\/afs-absolvent-suchmaschienenoptimierung.svg\" width=\"200\" height=\"82\" alt=\"afs - \u0130leri d\u00fczey e\u011fitim kursu mezunu - Arama motoru optimizasyonu\"\/>\n                <\/figure>\n                <h2 class=\"h4\">AFS Mezunu<\/h2>\n                <p>\n  SEO sertifika program\u0131 alt\u0131 ay s\u00fcrmektedir. A\u015fa\u011f\u0131daki alt\u0131 mod\u00fclden olu\u015fmaktad\u0131r:\n  SEO temelleri, anahtar kelime stratejisi, sayfa i\u00e7i optimizasyon, sayfa d\u0131\u015f\u0131 optimizasyon, web analizi ve kullan\u0131labilirlik ve\n  Mobil ve Hukuk. Alt\u0131 ara s\u0131nav ve bir ana s\u0131nav ge\u00e7ilmelidir.\n  SEO e\u011fitimi bizim i\u00e7in \u00f6zellikle \u00f6nemlidir \u00e7\u00fcnk\u00fc m\u00fc\u015fterilerimize iyi tavsiyeler sunmak istiyoruz\n  g\u00f6r\u00fcn\u00fcrl\u00fcklerini art\u0131rmak. AFS e\u011fitim program\u0131na kat\u0131l\u0131m uzmanl\u0131\u011f\u0131m\u0131z\u0131 teyit etmektedir.\n                <\/p>\n                <button class=\"read-more\" type=\"button\">Daha fazla<\/button>\n            <\/div>\n            <div class=\"cert\">\n                <figure>\n                    <img loading=\"lazy\" decoding=\"async\" src=\"\/media\/content\/certifications\/afs-plus-zertifikat-diamant-managing-consultant.webp\" width=\"133\" height=\"133\" alt=\"afs - Sertifikal\u0131 - Y\u00f6netici Dan\u0131\u015fman - Diamant\"\/>\n                <\/figure>\n                <h2 class=\"h4\">AFS e\u011fitim sertifikas\u0131<\/h2>\n                <p>\n  \u0130stisnas\u0131z impulsQ GmbH&#8217;deki her \u00e7al\u0131\u015fan, afs+ ak\u0131\u015f hizmeti ile aktif olarak e\u011fitim almaktad\u0131r.\n  SEO, i\u00e7erik, d\u00f6n\u00fc\u015f\u00fcm, i\u00e7erik pazarlamas\u0131, sosyal medya, tasar\u0131m, UX, dijital ve reklamlar.\n  \u00c7al\u0131\u015fanlar\u0131m\u0131z\u0131n ayl\u0131k n\u00f6betleri SEO \u0130leri E\u011fitim Akademisi taraf\u0131ndan d\u00fczenlenmektedir.\n  Her hafta sertifikal\u0131 ve yeni ilgin\u00e7 videolar y\u00fckleniyor. Topun \u00fczerinde kal\u0131yoruz. Hepsi.\n  M\u00fc\u015fterilerimiz i\u00e7in. Kendimiz i\u00e7in. \u00c7\u00fcnk\u00fc yapt\u0131\u011f\u0131m\u0131z i\u015fi seviyoruz.\n                <\/p>\n                <button class=\"read-more\" type=\"button\">Daha fazla<\/button>\n            <\/div>\n        <\/div>\n\n    <\/div>\n<\/div>\n","protected":false},"excerpt":{"rendered":"<p>Sertifikasyon B\u00fct\u00e7enizi a\u015fa\u011f\u0131dakilere harcamay\u0131nherhangi bir el! Bizler online pazarlama uzmanlar\u0131y\u0131z. Kendimizi bir kaidenin \u00fczerine koymay\u0131 sevdi\u011fimiz i\u00e7in de\u011fil uzmanl\u0131\u011f\u0131m\u0131z \u00fczerinde g\u00fcnl\u00fck olarak \u00e7al\u0131\u015f\u0131yoruz ve \u00e7ok fazla deneyime sahibiz. Konu\u015fmay\u0131 sevmeyiz, ama yap. Bizimle b\u00fct\u00e7enizden maksimum fayday\u0131 elde edersiniz. Anahtar uzmanl\u0131kt\u0131r! \u00dccretsiz ilk dan\u0131\u015fmanl\u0131k Avrupa Arama \u00d6d\u00fcl\u00fc Finalisti 2023 Her y\u0131l en iyi SEO ajanslar\u0131 Avrupa [&hellip;]<\/p>\n","protected":false},"author":1,"featured_media":0,"parent":0,"menu_order":1,"comment_status":"closed","ping_status":"closed","template":"template-bright.php","meta":{"_acf_changed":false,"_uag_custom_page_level_css":"","footnotes":""},"class_list":["post-425","page","type-page","status-publish","hentry"],"acf":[],"uagb_featured_image_src":{"full":false,"thumbnail":false,"medium":false,"medium_large":false,"large":false,"1536x1536":false,"2048x2048":false,"magazin-single":false,"magazin-single-2x":false,"magazin-big":false,"magazin-big-2x":false,"magazin-medium":false,"magazin-medium-2x":false,"magazin-small":false,"magazin-small-2x":false,"magazin-phone":false,"magazin-phone-2x":false,"onboarding_mobile":false,"onboarding_mobile_retina":false},"uagb_author_info":{"display_name":"impulsQ GmbH","author_link":"https:\/\/impulsq.de\/tr\/author\/vanessa\/"},"uagb_comment_info":0,"uagb_excerpt":"Sertifikasyon B\u00fct\u00e7enizi a\u015fa\u011f\u0131dakilere harcamay\u0131nherhangi bir el! Bizler online pazarlama uzmanlar\u0131y\u0131z. Kendimizi bir kaidenin \u00fczerine koymay\u0131 sevdi\u011fimiz i\u00e7in de\u011fil uzmanl\u0131\u011f\u0131m\u0131z \u00fczerinde g\u00fcnl\u00fck olarak \u00e7al\u0131\u015f\u0131yoruz ve \u00e7ok fazla deneyime sahibiz. Konu\u015fmay\u0131 sevmeyiz, ama yap. Bizimle b\u00fct\u00e7enizden maksimum fayday\u0131 elde edersiniz. Anahtar uzmanl\u0131kt\u0131r! \u00dccretsiz ilk dan\u0131\u015fmanl\u0131k Avrupa Arama \u00d6d\u00fcl\u00fc Finalisti 2023 Her y\u0131l en iyi SEO ajanslar\u0131 Avrupa&hellip;","_links":{"self":[{"href":"https:\/\/impulsq.de\/tr\/wp-json\/wp\/v2\/pages\/425","targetHints":{"allow":["GET"]}}],"collection":[{"href":"https:\/\/impulsq.de\/tr\/wp-json\/wp\/v2\/pages"}],"about":[{"href":"https:\/\/impulsq.de\/tr\/wp-json\/wp\/v2\/types\/page"}],"author":[{"embeddable":true,"href":"https:\/\/impulsq.de\/tr\/wp-json\/wp\/v2\/users\/1"}],"replies":[{"embeddable":true,"href":"https:\/\/impulsq.de\/tr\/wp-json\/wp\/v2\/comments?post=425"}],"version-history":[{"count":1,"href":"https:\/\/impulsq.de\/tr\/wp-json\/wp\/v2\/pages\/425\/revisions"}],"predecessor-version":[{"id":428,"href":"https:\/\/impulsq.de\/tr\/wp-json\/wp\/v2\/pages\/425\/revisions\/428"}],"wp:attachment":[{"href":"https:\/\/impulsq.de\/tr\/wp-json\/wp\/v2\/media?parent=425"}],"curies":[{"name":"wp","href":"https:\/\/api.w.org\/{rel}","templated":true}]}}