{"id":450,"date":"2024-01-08T12:35:45","date_gmt":"2024-01-08T12:35:45","guid":{"rendered":"https:\/\/impulsq.de\/vaka-calismalari\/"},"modified":"2024-01-26T18:08:04","modified_gmt":"2024-01-26T18:08:04","slug":"vaka-calismalari","status":"publish","type":"page","link":"https:\/\/impulsq.de\/tr\/vaka-calismalari\/","title":{"rendered":"Vaka \u00c7al\u0131\u015fmalar\u0131"},"content":{"rendered":"","protected":false},"excerpt":{"rendered":"","protected":false},"author":1,"featured_media":0,"parent":0,"menu_order":1,"comment_status":"closed","ping_status":"closed","template":"template-bright.php","meta":{"_acf_changed":false,"_uag_custom_page_level_css":"","footnotes":""},"class_list":["post-450","page","type-page","status-publish","hentry"],"acf":[],"uagb_featured_image_src":{"full":false,"thumbnail":false,"medium":false,"medium_large":false,"large":false,"1536x1536":false,"2048x2048":false,"magazin-single":false,"magazin-single-2x":false,"magazin-big":false,"magazin-big-2x":false,"magazin-medium":false,"magazin-medium-2x":false,"magazin-small":false,"magazin-small-2x":false,"magazin-phone":false,"magazin-phone-2x":false,"onboarding_mobile":false,"onboarding_mobile_retina":false},"uagb_author_info":{"display_name":"impulsQ GmbH","author_link":"https:\/\/impulsq.de\/tr\/author\/vanessa\/"},"uagb_comment_info":0,"uagb_excerpt":null,"_links":{"self":[{"href":"https:\/\/impulsq.de\/tr\/wp-json\/wp\/v2\/pages\/450","targetHints":{"allow":["GET"]}}],"collection":[{"href":"https:\/\/impulsq.de\/tr\/wp-json\/wp\/v2\/pages"}],"about":[{"href":"https:\/\/impulsq.de\/tr\/wp-json\/wp\/v2\/types\/page"}],"author":[{"embeddable":true,"href":"https:\/\/impulsq.de\/tr\/wp-json\/wp\/v2\/users\/1"}],"replies":[{"embeddable":true,"href":"https:\/\/impulsq.de\/tr\/wp-json\/wp\/v2\/comments?post=450"}],"version-history":[{"count":1,"href":"https:\/\/impulsq.de\/tr\/wp-json\/wp\/v2\/pages\/450\/revisions"}],"predecessor-version":[{"id":504,"href":"https:\/\/impulsq.de\/tr\/wp-json\/wp\/v2\/pages\/450\/revisions\/504"}],"wp:attachment":[{"href":"https:\/\/impulsq.de\/tr\/wp-json\/wp\/v2\/media?parent=450"}],"curies":[{"name":"wp","href":"https:\/\/api.w.org\/{rel}","templated":true}]}}