{"id":512,"date":"2024-01-08T12:34:07","date_gmt":"2024-01-08T12:34:07","guid":{"rendered":"https:\/\/impulsq.de\/coezuemler\/icerik\/fotograf-ve-video-produeksiyonu\/"},"modified":"2024-02-13T10:58:21","modified_gmt":"2024-02-13T10:58:21","slug":"fotograf-ve-video-produeksiyonu","status":"publish","type":"page","link":"https:\/\/impulsq.de\/tr\/fotograf-ve-video-produeksiyonu\/","title":{"rendered":"Foto\u011fraf ve video prod\u00fcksiyonu"},"content":{"rendered":"\n<div class=\"section solutions media-content-header\">\n    <figure class=\"media\">\n         <div class=\"brlbs-cmpnt-container brlbs-cmpnt-content-blocker brlbs-cmpnt-with-individual-styles\" data-borlabs-cookie-content-blocker-id=\"bunnynet\" data-borlabs-cookie-content=\"PGlmcmFtZSBzcmM9Imh0dHBzOi8vaWZyYW1lLm1lZGlhZGVsaXZlcnkubmV0L2VtYmVkLzEwMjUwOS8xNDQyNWIzMy1mZGMxLTQ0MDItYjcxNC03MDMxZWIyNjlmNTg\/YXV0b3BsYXk9dHJ1ZSZsb29wPXRydWUmbXV0ZWQ9dHJ1ZSZwcmVsb2FkPXRydWUiIGxvYWRpbmc9ImxhenkiIHN0eWxlPSJib3JkZXI6MCIgYWxsb3c9ImFjY2VsZXJvbWV0ZXI7Z3lyb3Njb3BlO2F1dG9wbGF5O2VuY3J5cHRlZC1tZWRpYTtwaWN0dXJlLWluLXBpY3R1cmU7IiBhbGxvd2Z1bGxzY3JlZW49InRydWUiPjwvaWZyYW1lPg==\"><\/div>\n    <\/figure>\n    <div class=\"content\">\n        <div class=\"wrap\">\n            <h1 class=\"h1\">Foto\u011fraf ve video prod\u00fcksiyonu<\/h1>\n            <h2 class=\"h2 light\">\u00d6zelle\u015ftirilmi\u015f foto\u011fraf &#038;<br\/>Video prod\u00fcksiyonlar\u0131<br\/>projeniz i\u00e7in<\/h2>\n            <p>Hikayenizi anlat\u0131yoruz. Y\u00fcrekten ve tutkuyla. Benzersiz foto\u011fraf ve video kreatifleriyle \u015firketlerin fikirlerini ikna edici bir \u015fekilde sunmalar\u0131na ve sunduklar\u0131 \u00fcr\u00fcnlerin kalitesini g\u00f6rselle\u015ftirmelerine yard\u0131mc\u0131 oluyoruz.<\/p>\n            <p><a href=\"#calendly\" class=\"btn\">\u00dccretsiz ilk dan\u0131\u015fmanl\u0131k<\/a><\/p>\n        <\/div>\n    <\/div>\n<\/div>\n\n<div class=\"section solutions\">\n    <div class=\"image-list\">\n        <ul>\n            <li style=\"background-image: url('\/media\/content\/content-creation\/Produktvideo Tim und Lukas.webp')\">\n                <span>Etkinlik deste\u011fi<\/span>\n            <\/li>\n            <li style=\"background-image: url('\/media\/content\/content-creation\/Imagefilm Nahaufnahme.webp')\">\n                <span>\u00dcr\u00fcn videolar\u0131<\/span>\n            <\/li>\n            <li style=\"background-image: url('\/media\/content\/content-creation\/Fotoproduktion Produkte.webp')\">\n                <span>Foto\u011fraf \u00fcretimi<\/span>\n            <\/li>\n            <li style=\"background-image: url('\/media\/content\/content-creation\/Imagefilm waehrend des Drehs.webp')\">\n                <span>G\u00f6r\u00fcnt\u00fc filmleri<\/span>\n            <\/li>\n            <li style=\"background-image: url('\/media\/content\/content-creation\/Imagefilm mit Tesla.webp')\">\n                <span>Profesyonel reklam filmleri<\/span>\n            <\/li>\n            <li style=\"background-image: url('\/media\/content\/content-creation\/Imagevideo Fitnessstudio mit Sportlerin.webp')\">\n                <span>Canl\u0131 Yay\u0131n<\/span>\n            <\/li>\n        <\/ul>\n    <\/div>\n<\/div>\n\n<div class=\"section solutions pt-2 pb-2\">\n    <div class=\"wrap\">\n\n        <h2 class=\"h1\">Video prod\u00fcksiyon paketlerimiz<\/h2>\n        <h3 class=\"h2\">Fikirden etkileyici videoya kadar.<br\/>Kendinizi <span>e\u015fsiz k\u0131l\u0131n!<\/span><\/h3>\n\n        <div class=\"product-boxes three\">\n            <div class=\"product-box\">\n                <h4 class=\"headline icon-rocket\">Ba\u015flang\u0131\u00e7<\/h4>\n                <div class=\"price\">2,790 \u20ac&#8217;<span class=\"from\">dan ba\u015flayan<\/span> fiyatlarla<\/div>\n                <p><strong>K\u00fc\u00e7\u00fck projeler i\u00e7in ideal<\/strong><\/p>\n                <ul>\n                    <li class=\"icon-movie-camera\">\u0130maj filmi, i\u015fe al\u0131m videolar\u0131, \u00fcr\u00fcn videolar\u0131<\/li>\n                    <li class=\"icon-stopwatch\">30 saniye \u00e7al\u0131\u015fma s\u00fcresi<\/li>\n                    <li class=\"icon-images\">1 film yeri<\/li>\n                    <li class=\"icon-bar-char\">Konsept<\/li>\n                    <li class=\"icon-artist-palette\">\u00dcretim \u00f6ncesi<\/li>\n                    <li class=\"icon-clapper-board\">G\u00fcnde 6 saat \u00e7ekim<\/li>\n                    <li class=\"icon-film-frames\">Post prod\u00fcksiyon<\/li>\n                <\/ul>\n                <p><a href=\"mailto:willkommen@impulsq.de\" class=\"btn\">Hadi konu\u015fal\u0131m.<\/a><\/p>\n            <\/div>\n            <div class=\"product-box\">\n                <h4 class=\"headline icon-trophy\">Art\u0131<\/h4>\n                <div class=\"price\">7,790 \u20ac&#8217;<span class=\"from\">dan ba\u015flayan<\/span> fiyatlarla<\/div>\n                <p><strong>Orta \u00f6l\u00e7ekli projeler i\u00e7in ideal<\/strong><\/p>\n                <ul>\n                    <li class=\"icon-movie-camera two-icons\">\u0130maj filmi, i\u015fe al\u0131m videolar\u0131, \u00fcr\u00fcn videolar\u0131, reklam filmleri, canl\u0131 yay\u0131n<\/li>\n                    <li class=\"icon-stopwatch two-icons\">Bir uzun ve iki k\u0131sa versiyon<\/li>\n                    <li class=\"icon-images two-icons\">\u00c7e\u015fitli film mekanlar\u0131<\/li>\n                    <li class=\"icon-bar-char\">Konsept<\/li>\n                    <li class=\"icon-artist-palette\">\u00dcretim \u00f6ncesi<\/li>\n                    <li class=\"icon-clapper-board\">\u0130ki g\u00fcn s\u00fcren \u00e7ekimler<\/li>\n                    <li class=\"icon-film-frames\">Post prod\u00fcksiyon<\/li>\n                <\/ul>\n                <p><a href=\"mailto:willkommen@impulsq.de\" class=\"btn\">Hadi konu\u015fal\u0131m.<\/a><\/p>\n            <\/div>\n            <div class=\"product-box\">\n                <h4 class=\"headline icon-bar-char\">B\u00fcy\u00fcme<\/h4>\n                <div class=\"price\">18,790 \u20ac&#8217;<span class=\"from\">dan ba\u015flayan<\/span> fiyatlarla<\/div>\n                <p><strong>B\u00fcy\u00fck projeler i\u00e7in ideal<\/strong><\/p>\n                <ul>\n                    <li class=\"icon-movie-camera three-icons\">\u0130maj filmi, i\u015fe al\u0131m videolar\u0131, \u00fcr\u00fcn videolar\u0131, reklam filmleri, canl\u0131 yay\u0131n, etkinlik deste\u011fi<\/li>\n                    <li class=\"icon-stopwatch three-icons\">Kampanyan\u0131n tamam\u0131 + foto\u011fraflar<\/li>\n                    <li class=\"icon-images two-icons\">\u00c7e\u015fitli film mekanlar\u0131<\/li>\n                    <li class=\"icon-bar-char\">Konsept<\/li>\n                    <li class=\"icon-artist-palette\">\u00dcretim \u00f6ncesi<\/li>\n                    <li class=\"icon-clapper-board\">\u00dc\u00e7 g\u00fcn s\u00fcren \u00e7ekimler<\/li>\n                    <li class=\"icon-film-frames\">Post prod\u00fcksiyon<\/li>\n                    <li class=\"icon-voltage\">\u00d6zel efektler<\/li>\n                <\/ul>\n                <p><a href=\"mailto:willkommen@impulsq.de\" class=\"btn\">Hadi konu\u015fal\u0131m.<\/a><\/p>\n            <\/div>\n        <\/div>\n\n    <\/div>\n<\/div>\n\n<div class=\"section solutions\">\n    <div class=\"media-delivery-full-video\">\n         <div class=\"brlbs-cmpnt-container brlbs-cmpnt-content-blocker brlbs-cmpnt-with-individual-styles\" data-borlabs-cookie-content-blocker-id=\"bunnynet\" data-borlabs-cookie-content=\"PGlmcmFtZSBzcmM9Imh0dHBzOi8vaWZyYW1lLm1lZGlhZGVsaXZlcnkubmV0L2VtYmVkLzEwMjUwOS83MWNlOTY1MS0yYmRmLTQ0NzMtOTVlYy03ZDJhOWYxMGUyZDQ\/YXV0b3BsYXk9dHJ1ZSZsb29wPXRydWUmbXV0ZWQ9dHJ1ZSZwcmVsb2FkPXRydWUiIGxvYWRpbmc9ImxhenkiIGFsbG93PSJhY2NlbGVyb21ldGVyO2d5cm9zY29wZTthdXRvcGxheTtlbmNyeXB0ZWQtbWVkaWE7cGljdHVyZS1pbi1waWN0dXJlOyIgYWxsb3dmdWxsc2NyZWVuPSJ0cnVlIj48L2lmcmFtZT4=\"><\/div>\n    <\/div>\n<\/div>\n\n<div class=\"section solutions pt-2\">\n    <div class=\"wrap\">\n\n        <h2 class=\"h1\">\u0130\u00e7eri\u011finiz nas\u0131l olu\u015fturulur?<\/h2>\n        <h3 class=\"h2 light\">Yenilik\u00e7i sanat<br\/>i\u0307\u00e7eri\u0307k \u00fcreti\u0307mi\u0307<\/h3>\n        <p>\n  Yap\u0131land\u0131r\u0131lm\u0131\u015f ve planlanm\u0131\u015f &#8211; markan\u0131z\u0131 konumland\u0131r\u0131yoruz. Fikrinizi bir ba\u015fyap\u0131ta d\u00f6n\u00fc\u015ft\u00fcr\u00fcyoruz.<br\/>\n  Hem de rekor s\u00fcrede. \u0130yi d\u00fc\u015f\u00fcn\u00fclm\u00fc\u015f bir yap\u0131 ve setteki profesyoneller sayesinde.\n        <\/p>\n\n    <\/div>\n<\/div>\n\n<div class=\"section solutions pb-2\">\n    <div class=\"wrap\">\n\n        <div class=\"image-mini-article\">\n            <div class=\"article\" style=\"background-image:url(\/media\/content\/content-creation\/konzeption.webp)\">\n                <div class=\"content\">\n                    <h4 class=\"h3\">Konsept<\/h4>\n                    <p>Fikirlerinize dayanarak senaryoyu olu\u015fturuyor ve storyboard&#8217;u geli\u015ftiriyoruz.<\/p>\n                <\/div>\n            <\/div>\n            <div class=\"article\" style=\"background-image:url(\/media\/content\/content-creation\/vorproduktion.webp)\">\n                <div class=\"content\">\n                    <h4 class=\"h3\">\u00dcretim \u00f6ncesi<\/h4>\n                    <p>Gerekli t\u00fcm organizasyonel hususlar a\u00e7\u0131kl\u0131\u011fa kavu\u015fturulmu\u015ftur. Oyuncular se\u00e7ildi ve mekanlar belirlendi.<\/p>\n                <\/div>\n            <\/div>\n            <div class=\"article\" style=\"background-image:url(\/media\/content\/content-creation\/dreharbeiten.webp)\">\n                <div class=\"content\">\n                    <h4 class=\"h3\">\u00c7ekim<\/h4>\n                    <p>Sihir ba\u015fl\u0131yor. Ekibimiz film materyalini kaydediyor. Farkl\u0131 yerler ve farkl\u0131 kamera a\u00e7\u0131lar\u0131. M\u00fckemmel sonu\u00e7 i\u00e7in.<\/p>\n                <\/div>\n            <\/div>\n            <div class=\"article\" style=\"background-image:url(\/media\/content\/content-creation\/postproduktion.webp)\">\n                <div class=\"content\">\n                    <h4 class=\"h3\">Post prod\u00fcksiyon<\/h4>\n                    <p>Kay\u0131tlar d\u00fczenlenir, renkler d\u00fczeltilir, efektler eklenir ve ses miksaj\u0131 yap\u0131l\u0131r.<\/p>\n                <\/div>\n            <\/div>\n        <\/div>\n\n        <p><a href=\"mailto:willkommen@impulsq.de\" class=\"btn\">\u00dccretsiz ilk dan\u0131\u015fmanl\u0131k<\/a><\/p>\n\n    <\/div>\n<\/div>\n\n<div class=\"section solutions pt-2 pb-2\">\n    <div class=\"wrap\">\n\n        <h2 class=\"h1\">Kal\u0131n. Etkili. E\u015fsiz.<\/h2>\n        <h3 class=\"h2\">Tutkuyla yarat\u0131yoruz<\/h3>\n\n        <div class=\"grid video-grid-nine\">\n            <div>\n                 <div class=\"brlbs-cmpnt-container brlbs-cmpnt-content-blocker brlbs-cmpnt-with-individual-styles\" data-borlabs-cookie-content-blocker-id=\"default\" data-borlabs-cookie-content=\"PGlmcmFtZSBzcmM9Imh0dHBzOi8vcGxheWVyLnZpbWVvLmNvbS92aWRlby84MTgzMTEzNDk\/aD05NmE4NTRhZjdkJmNvbG9yPWZmNDE2NCZieWxpbmU9MCIgd2lkdGg9IjY0MCIgaGVpZ2h0PSIzNjAiIGZyYW1lYm9yZGVyPSIwIiBhbGxvdz0iYXV0b3BsYXk7IGZ1bGxzY3JlZW47IHBpY3R1cmUtaW4tcGljdHVyZSIgYWxsb3dmdWxsc2NyZWVuPSIiPjwvaWZyYW1lPg==\"><div class=\"brlbs-cmpnt-cb-preset-a\"> <p class=\"brlbs-cmpnt-cb-description\">You are currently viewing a placeholder content from <strong>Default<\/strong>. To access the actual content, click the button below. Please note that doing so will share data with third-party providers.<\/p> <div class=\"brlbs-cmpnt-cb-buttons\"> <a class=\"brlbs-cmpnt-cb-btn\" href=\"#\" data-borlabs-cookie-unblock role=\"button\">Unblock content<\/a> <a class=\"brlbs-cmpnt-cb-btn\" href=\"#\" data-borlabs-cookie-accept-service role=\"button\" style=\"display: none\">Accept required service and unblock content<\/a> <\/div> <a class=\"brlbs-cmpnt-cb-provider-toggle\" href=\"#\" data-borlabs-cookie-show-provider-information role=\"button\">More Information<\/a> <\/div><\/div>\n            <\/div>\n            <div>\n                 <div class=\"brlbs-cmpnt-container brlbs-cmpnt-content-blocker brlbs-cmpnt-with-individual-styles\" data-borlabs-cookie-content-blocker-id=\"default\" data-borlabs-cookie-content=\"PGlmcmFtZSBzcmM9Imh0dHBzOi8vcGxheWVyLnZpbWVvLmNvbS92aWRlby83OTIyNDMxNDU\/aD01ZjExOTJiNmQ3JmNvbG9yPWZmNDE2NCZieWxpbmU9MCIgd2lkdGg9IjY0MCIgaGVpZ2h0PSIzNjAiIGZyYW1lYm9yZGVyPSIwIiBhbGxvdz0iYXV0b3BsYXk7IGZ1bGxzY3JlZW47IHBpY3R1cmUtaW4tcGljdHVyZSIgYWxsb3dmdWxsc2NyZWVuPSIiPjwvaWZyYW1lPg==\"><div class=\"brlbs-cmpnt-cb-preset-a\"> <p class=\"brlbs-cmpnt-cb-description\">You are currently viewing a placeholder content from <strong>Default<\/strong>. To access the actual content, click the button below. Please note that doing so will share data with third-party providers.<\/p> <div class=\"brlbs-cmpnt-cb-buttons\"> <a class=\"brlbs-cmpnt-cb-btn\" href=\"#\" data-borlabs-cookie-unblock role=\"button\">Unblock content<\/a> <a class=\"brlbs-cmpnt-cb-btn\" href=\"#\" data-borlabs-cookie-accept-service role=\"button\" style=\"display: none\">Accept required service and unblock content<\/a> <\/div> <a class=\"brlbs-cmpnt-cb-provider-toggle\" href=\"#\" data-borlabs-cookie-show-provider-information role=\"button\">More Information<\/a> <\/div><\/div>\n            <\/div>\n            <div>\n                 <div class=\"brlbs-cmpnt-container brlbs-cmpnt-content-blocker brlbs-cmpnt-with-individual-styles\" data-borlabs-cookie-content-blocker-id=\"default\" data-borlabs-cookie-content=\"PGlmcmFtZSBzcmM9Imh0dHBzOi8vcGxheWVyLnZpbWVvLmNvbS92aWRlby83OTgwOTEzMDY\/aD00MGNmN2QyNjYyJmNvbG9yPWZmNDE2NCZieWxpbmU9MCIgd2lkdGg9IjY0MCIgaGVpZ2h0PSIzNjAiIGZyYW1lYm9yZGVyPSIwIiBhbGxvdz0iYXV0b3BsYXk7IGZ1bGxzY3JlZW47IHBpY3R1cmUtaW4tcGljdHVyZSIgYWxsb3dmdWxsc2NyZWVuPSIiPjwvaWZyYW1lPg==\"><div class=\"brlbs-cmpnt-cb-preset-a\"> <p class=\"brlbs-cmpnt-cb-description\">You are currently viewing a placeholder content from <strong>Default<\/strong>. To access the actual content, click the button below. Please note that doing so will share data with third-party providers.<\/p> <div class=\"brlbs-cmpnt-cb-buttons\"> <a class=\"brlbs-cmpnt-cb-btn\" href=\"#\" data-borlabs-cookie-unblock role=\"button\">Unblock content<\/a> <a class=\"brlbs-cmpnt-cb-btn\" href=\"#\" data-borlabs-cookie-accept-service role=\"button\" style=\"display: none\">Accept required service and unblock content<\/a> <\/div> <a class=\"brlbs-cmpnt-cb-provider-toggle\" href=\"#\" data-borlabs-cookie-show-provider-information role=\"button\">More Information<\/a> <\/div><\/div>\n            <\/div>\n            <div>\n                 <div class=\"brlbs-cmpnt-container brlbs-cmpnt-content-blocker brlbs-cmpnt-with-individual-styles\" data-borlabs-cookie-content-blocker-id=\"default\" data-borlabs-cookie-content=\"PGlmcmFtZSBzcmM9Imh0dHBzOi8vcGxheWVyLnZpbWVvLmNvbS92aWRlby83ODU5OTA0OTY\/aD0yMjgyMzQwMWVhJmNvbG9yPWZmNDE2NCZieWxpbmU9MCIgd2lkdGg9IjY0MCIgaGVpZ2h0PSIzNjAiIGZyYW1lYm9yZGVyPSIwIiBhbGxvdz0iYXV0b3BsYXk7IGZ1bGxzY3JlZW47IHBpY3R1cmUtaW4tcGljdHVyZSIgYWxsb3dmdWxsc2NyZWVuPSIiPjwvaWZyYW1lPg==\"><div class=\"brlbs-cmpnt-cb-preset-a\"> <p class=\"brlbs-cmpnt-cb-description\">You are currently viewing a placeholder content from <strong>Default<\/strong>. To access the actual content, click the button below. Please note that doing so will share data with third-party providers.<\/p> <div class=\"brlbs-cmpnt-cb-buttons\"> <a class=\"brlbs-cmpnt-cb-btn\" href=\"#\" data-borlabs-cookie-unblock role=\"button\">Unblock content<\/a> <a class=\"brlbs-cmpnt-cb-btn\" href=\"#\" data-borlabs-cookie-accept-service role=\"button\" style=\"display: none\">Accept required service and unblock content<\/a> <\/div> <a class=\"brlbs-cmpnt-cb-provider-toggle\" href=\"#\" data-borlabs-cookie-show-provider-information role=\"button\">More Information<\/a> <\/div><\/div>\n            <\/div>\n            <div>\n                 <div class=\"brlbs-cmpnt-container brlbs-cmpnt-content-blocker brlbs-cmpnt-with-individual-styles\" data-borlabs-cookie-content-blocker-id=\"default\" data-borlabs-cookie-content=\"PGlmcmFtZSBzcmM9Imh0dHBzOi8vcGxheWVyLnZpbWVvLmNvbS92aWRlby83OTY4OTQ1MDc\/aD1kMzZlMmYyMmIyJmNvbG9yPWZmNDE2NCZieWxpbmU9MCIgd2lkdGg9IjY0MCIgaGVpZ2h0PSIzNjAiIGZyYW1lYm9yZGVyPSIwIiBhbGxvdz0iYXV0b3BsYXk7IGZ1bGxzY3JlZW47IHBpY3R1cmUtaW4tcGljdHVyZSIgYWxsb3dmdWxsc2NyZWVuPSIiPjwvaWZyYW1lPg==\"><div class=\"brlbs-cmpnt-cb-preset-a\"> <p class=\"brlbs-cmpnt-cb-description\">You are currently viewing a placeholder content from <strong>Default<\/strong>. To access the actual content, click the button below. Please note that doing so will share data with third-party providers.<\/p> <div class=\"brlbs-cmpnt-cb-buttons\"> <a class=\"brlbs-cmpnt-cb-btn\" href=\"#\" data-borlabs-cookie-unblock role=\"button\">Unblock content<\/a> <a class=\"brlbs-cmpnt-cb-btn\" href=\"#\" data-borlabs-cookie-accept-service role=\"button\" style=\"display: none\">Accept required service and unblock content<\/a> <\/div> <a class=\"brlbs-cmpnt-cb-provider-toggle\" href=\"#\" data-borlabs-cookie-show-provider-information role=\"button\">More Information<\/a> <\/div><\/div>\n            <\/div>\n        <\/div>\n\n    <\/div>\n<\/div>\n\n<div class=\"section solutions pt-2 pb-2\">\n    <div class=\"wrap\">\n\n        <h2 class=\"h1\">Hedef kitleniz taraf\u0131ndan g\u00f6r\u00fclebiliyor musunuz?<\/h2>\n\n        <blockquote class=\"big\">Teklifiniz rakiplerinizden daha m\u0131 iyi?<br\/>\n  Size inan\u0131yoruz! Ama senin<br\/>\n  Hedef grup mu? Teklifinizin a\u015fa\u011f\u0131daki ko\u015fullar\u0131 kar\u015f\u0131lad\u0131\u011f\u0131ndan emin olman\u0131za yard\u0131mc\u0131 oluyoruz<br\/>\n  hak etti\u011fi ilgiyi g\u00f6r\u00fcr.<\/blockquote>\n\n        <p><strong>MESAJINIZI PROFESYONEL BIR VIDEOYA D\u00d6N\u00dc\u015eT\u00dcR\u00dcYORUZ<\/strong><\/p>\n\n        <div class=\"person\">\n            <img loading=\"lazy\" decoding=\"async\" alt=\"\" src=\"\/media\/person\/lukas-werlich.webp\" width=\"160\" height=\"160\"\/>\n            <div class=\"name\">Lukas Werlich<\/div>\n            <div class=\"position\">\u00dcretim M\u00fcd\u00fcr\u00fc<\/div>\n        <\/div>\n\n    <\/div>\n<\/div>\n\n<div class=\"section solutions\">\n    <div class=\"decoration-image\">\n        <picture>\n            <img loading=\"lazy\" decoding=\"async\" alt=\"\" src=\"\/media\/header\/video-marketing.webp\" height=\"710\" width=\"1920\"\/>\n        <\/picture>\n    <\/div>\n<\/div>\n\n<div class=\"section solutions pb-2\">\n    <div class=\"wrap\">\n\n        <div class=\"in-numbers\">\n\n            <h2 class=\"h1\">G\u00fc\u00e7l\u00fc. \u0130lgi \u00e7ekici. \u00c7ekici.<\/h2>\n            <h3 class=\"h2\">\u0130\u00e7erik \u00dcretiminin G\u00fcc\u00fc<\/h3>\n\n            <ul>\n                <li>\n                    <strong>88%<\/strong>\n  Ortalama bir kullan\u0131c\u0131 video i\u00e7eren bir web sitesinde %88 daha fazla zaman ge\u00e7irir. D\u00f6n\u00fc\u015f\u00fcm oran\u0131 %80&#8217;e kadar artar.\n                <\/li>\n                <li>\n                    <strong>96%<\/strong>\n  18 ila 29 ya\u015f aras\u0131ndaki gen\u00e7lerin %96&#8217;s\u0131 haftada birka\u00e7 kez internette hareketli i\u00e7erik izliyor. 30 ila 49 ya\u015f aras\u0131ndaki ki\u015filer aras\u0131nda bu oran %81&#8217;dir.\n                <\/li>\n                <li>\n                    <strong>80%<\/strong>\n  \u0130nsanlar duyduklar\u0131n\u0131n %10&#8217;unu, okuduklar\u0131n\u0131n %20&#8217;sini ama g\u00f6rd\u00fcklerinin %80&#8217;ini ak\u0131llar\u0131nda tutarlar.\n                <\/li>\n            <\/ul>\n\n        <\/div>\n\n    <\/div>\n<\/div>\n\n<div class=\"section solutions\" id=\"calendly\">\n    <div class=\"wrap\">\n\n        <h2 class=\"h1\">\u00dccretsiz tavsiye al\u0131n<\/h2>\n        <h3 class=\"h2 light\">Senin hakk\u0131nda konu\u015fal\u0131m m\u0131?<br\/>video projesi mi?<\/h3>\n        <p>\n  Her alanda profesyonellerimiz var. \u0130ster basit bir foto\u011fraf prod\u00fcksiyonuna ihtiyac\u0131n\u0131z olsun, ister\n  reklam yerle\u015fimi ile eksiksiz bir paket ar\u0131yorsan\u0131z: Dileklerinizi ger\u00e7ekle\u015ftiriyoruz.\n  ve elimizden geldi\u011fince sizi destekleyece\u011fiz.\n        <\/p>\n\n        <h3 class=\"h1\">Bo\u015f bir zaman dilimi se\u00e7in<\/h3>\n         <div class=\"brlbs-cmpnt-container brlbs-cmpnt-content-blocker brlbs-cmpnt-with-individual-styles\" data-borlabs-cookie-content-blocker-id=\"calendly\" data-borlabs-cookie-content=\"PGlmcmFtZSBjbGFzcz0iYXBwb2ludG1lbnQtaWZyYW1lIiBzcmM9Imh0dHBzOi8vY2FsZW5kbHkuY29tL2ltcHVsc3EvdmlkZW8tcHJvZHVrdGlvbiIgd2lkdGg9IjYwMCIgaGVpZ2h0PSI0MTAiPjwvaWZyYW1lPg==\"><div class=\"brlbs-cmpnt-cb-preset-a\"> <p class=\"brlbs-cmpnt-cb-description\">\u015eu anda bir yer tutucu i\u00e7eri\u011fi g\u00f6r\u00fcyorsunuz<strong>Calendly<\/strong>. As\u0131l i\u00e7eri\u011fe eri\u015fmek i\u00e7in a\u015fa\u011f\u0131daki d\u00fc\u011fmeyi t\u0131klay\u0131n. Bu i\u015flem s\u0131ras\u0131nda veriler \u00fc\u00e7\u00fcnc\u00fc taraf sa\u011flay\u0131c\u0131lara aktar\u0131lacakt\u0131r.<\/p> <div class=\"brlbs-cmpnt-cb-buttons\"> <a class=\"brlbs-cmpnt-cb-btn\" href=\"#\" data-borlabs-cookie-unblock role=\"button\">\u0130\u00e7eri\u011fi a\u00e7<\/a> <a class=\"brlbs-cmpnt-cb-btn\" href=\"#\" data-borlabs-cookie-accept-service role=\"button\" style=\"display: <m id=\"3\">&quot;&gt;Gerekli hizmeti kabul edin ve i\u00e7eri\u011fi a\u00e7\u0131n<\/a> <\/div> <a class=\"brlbs-cmpnt-cb-provider-toggle\" href=\"#\" data-borlabs-cookie-show-provider-information role=\"button\">Daha fazla bilgi<\/a> <\/div><\/div>\n\n    <\/div>\n<\/div>\n","protected":false},"excerpt":{"rendered":"<p>Foto\u011fraf ve video prod\u00fcksiyonu \u00d6zelle\u015ftirilmi\u015f foto\u011fraf &#038;Video prod\u00fcksiyonlar\u0131projeniz i\u00e7in Hikayenizi anlat\u0131yoruz. Y\u00fcrekten ve tutkuyla. Benzersiz foto\u011fraf ve video kreatifleriyle \u015firketlerin fikirlerini ikna edici bir \u015fekilde sunmalar\u0131na ve sunduklar\u0131 \u00fcr\u00fcnlerin kalitesini g\u00f6rselle\u015ftirmelerine yard\u0131mc\u0131 oluyoruz. \u00dccretsiz ilk dan\u0131\u015fmanl\u0131k Etkinlik deste\u011fi \u00dcr\u00fcn videolar\u0131 Foto\u011fraf \u00fcretimi G\u00f6r\u00fcnt\u00fc filmleri Profesyonel reklam filmleri Canl\u0131 Yay\u0131n Video prod\u00fcksiyon paketlerimiz Fikirden etkileyici videoya [&hellip;]<\/p>\n","protected":false},"author":1,"featured_media":0,"parent":0,"menu_order":1,"comment_status":"closed","ping_status":"closed","template":"template-dark.php","meta":{"_acf_changed":false,"_uag_custom_page_level_css":"","footnotes":""},"class_list":["post-512","page","type-page","status-publish","hentry"],"acf":[],"uagb_featured_image_src":{"full":false,"thumbnail":false,"medium":false,"medium_large":false,"large":false,"1536x1536":false,"2048x2048":false,"magazin-single":false,"magazin-single-2x":false,"magazin-big":false,"magazin-big-2x":false,"magazin-medium":false,"magazin-medium-2x":false,"magazin-small":false,"magazin-small-2x":false,"magazin-phone":false,"magazin-phone-2x":false,"onboarding_mobile":false,"onboarding_mobile_retina":false},"uagb_author_info":{"display_name":"impulsQ GmbH","author_link":"https:\/\/impulsq.de\/tr\/author\/vanessa\/"},"uagb_comment_info":0,"uagb_excerpt":"Foto\u011fraf ve video prod\u00fcksiyonu \u00d6zelle\u015ftirilmi\u015f foto\u011fraf &#038;Video prod\u00fcksiyonlar\u0131projeniz i\u00e7in Hikayenizi anlat\u0131yoruz. Y\u00fcrekten ve tutkuyla. Benzersiz foto\u011fraf ve video kreatifleriyle \u015firketlerin fikirlerini ikna edici bir \u015fekilde sunmalar\u0131na ve sunduklar\u0131 \u00fcr\u00fcnlerin kalitesini g\u00f6rselle\u015ftirmelerine yard\u0131mc\u0131 oluyoruz. \u00dccretsiz ilk dan\u0131\u015fmanl\u0131k Etkinlik deste\u011fi \u00dcr\u00fcn videolar\u0131 Foto\u011fraf \u00fcretimi G\u00f6r\u00fcnt\u00fc filmleri Profesyonel reklam filmleri Canl\u0131 Yay\u0131n Video prod\u00fcksiyon paketlerimiz Fikirden etkileyici videoya&hellip;","_links":{"self":[{"href":"https:\/\/impulsq.de\/tr\/wp-json\/wp\/v2\/pages\/512","targetHints":{"allow":["GET"]}}],"collection":[{"href":"https:\/\/impulsq.de\/tr\/wp-json\/wp\/v2\/pages"}],"about":[{"href":"https:\/\/impulsq.de\/tr\/wp-json\/wp\/v2\/types\/page"}],"author":[{"embeddable":true,"href":"https:\/\/impulsq.de\/tr\/wp-json\/wp\/v2\/users\/1"}],"replies":[{"embeddable":true,"href":"https:\/\/impulsq.de\/tr\/wp-json\/wp\/v2\/comments?post=512"}],"version-history":[{"count":1,"href":"https:\/\/impulsq.de\/tr\/wp-json\/wp\/v2\/pages\/512\/revisions"}],"predecessor-version":[{"id":514,"href":"https:\/\/impulsq.de\/tr\/wp-json\/wp\/v2\/pages\/512\/revisions\/514"}],"wp:attachment":[{"href":"https:\/\/impulsq.de\/tr\/wp-json\/wp\/v2\/media?parent=512"}],"curies":[{"name":"wp","href":"https:\/\/api.w.org\/{rel}","templated":true}]}}