{"id":518,"date":"2024-01-08T12:36:39","date_gmt":"2024-01-08T12:36:39","guid":{"rendered":"https:\/\/impulsq.de\/referanslar\/vaka-calismalari\/satis-ortakligi-sitesi-icin-baglanti-olusturma\/"},"modified":"2024-01-30T13:33:41","modified_gmt":"2024-01-30T13:33:41","slug":"satis-ortakligi-sitesi-icin-baglanti-olusturma","status":"publish","type":"page","link":"https:\/\/impulsq.de\/tr\/vaka-calismalari\/satis-ortakligi-sitesi-icin-baglanti-olusturma\/","title":{"rendered":"Sat\u0131\u015f ortakl\u0131\u011f\u0131 sitesi i\u00e7in ba\u011flant\u0131 olu\u015fturma"},"content":{"rendered":"\n<div class=\"section references main-color darken-background pb-3\">\n    <div class=\"wrap\">\n\n        <h1 class=\"h1\">Vaka \u00c7al\u0131\u015fmas\u0131 \/ Vaka \u00c7al\u0131\u015fmas\u0131 Benim Anla\u015fmam<\/h1>\n        <h2 class=\"h2\">\n  Organik <span class=\"highlight\">trafikte %307<\/span> art\u0131\u015f<br\/>\n <span class=\"highlight\">Ciroda %200<\/span> art\u0131\u015f\n        <\/h2>\n\n    <\/div>\n <div class=\"wrap\">\n\n        <a href=\"#calendly\" class=\"btn dark\">Ger\u00e7ekten heyecan verici. Teklifinizi dinlemek isterim ><\/a>\n\n    <\/div>\n<\/div>\n\n<div class=\"section references top-box\">\n    <div class=\"wrap\">\n\n        <div class=\"box\">\n            <div class=\"additional-info\">\u00c7ok zor bir rekabet ortam\u0131nda ba\u011fl\u0131 kurulu\u015f ortakl\u0131klar\u0131 ile anla\u015fma sitesi<\/div>\n            <ul class=\"row\">\n                <li>\n                    <span class=\"percentage-raise\">307 %<\/span>\n  Trafikte art\u0131\u015f\n                    <ul>\n                        <li>Rakipler <span>%1 -3<\/span><\/li>\n                        <li>Rakip 2 <span>%47<\/span><\/li>\n                        <li>Rakipler <span>%3 -4<\/span><\/li>\n                    <\/ul>\n                <\/li>\n                <li>\n                    <span class=\"percentage-raise\">48 %<\/span>\n  Anahtar kelime s\u0131ralamalar\u0131nda art\u0131\u015f\n                    <ul>\n                        <li>Rakip 1 <span>-%9<\/span><\/li>\n                        <li>Rakip 2 <span>-%20<\/span><\/li>\n                        <li>Rakip 3 <span>%18<\/span><\/li>\n                    <\/ul>\n                <\/li>\n                <li>\n                    <span class=\"percentage-raise\">216 %<\/span>\n  \u0130lk 10 s\u0131ralamas\u0131nda art\u0131\u015f\n                    <ul>\n                        <li>Rakip 1 <span>%7<\/span><\/li>\n                        <li>Rakip 2 <span>%33<\/span><\/li>\n                        <li>Rakip 3 <span>%60<\/span><\/li>\n                    <\/ul>\n                <\/li>\n            <\/ul>\n        <\/div>\n\n    <\/div>\n<\/div>\n\n<div class=\"section references pb-2\">\n    <div class=\"wrap\">\n\n        <div class=\"media-article box-media\">\n            <div class=\"media\">\n                <div class=\"headline\">Anahtar kelime zorlu\u011fu<\/div>\n                <figure class=\"speedometer\">\n                    <img loading=\"lazy\" decoding=\"async\" src=\"\/media\/content\/case-studie\/speedmeter-72.svg\" width=\"237\" height=\"164\" alt=\"\"\/>\n                    <figcaption><span>72<\/span> \u00c7ok zor<\/figcaption>\n                <\/figure>\n                <p class=\"aside\">\n  Tahminimizce 224 web sitesinden geri ba\u011flant\u0131ya ihtiyac\u0131n\u0131z var,\n  bu anahtar kelime i\u00e7in ilk 10&#8217;da yer almak.\n                <\/p>\n            <\/div>\n            <div class=\"content\">\n                <h2 class=\"h3\">Her \u015fey bir telefon g\u00f6r\u00fc\u015fmesiyle ba\u015flad\u0131<\/h2>\n                <p>\n  Tan\u0131t\u0131m toplant\u0131s\u0131na haz\u0131rlan\u0131rken, ilk zorluklara \u015fimdiden haz\u0131rland\u0131k.\n  kar\u015f\u0131la\u015ft\u0131m. G\u00fc\u00e7l\u00fc rekabet. Yerle\u015fik rekabet. M\u00fc\u015fteri her a\u00e7\u0131dan kaybetti.\n  D\u00fc\u015f\u00fck alan ad\u0131 otoritesi. K\u00f6t\u00fc kullan\u0131c\u0131 deneyimi. D\u00fc\u015f\u00fck backlink profili. Hi\u00e7biri\n  Tavsiye b\u00f6l\u00fcm\u00fc. Teknik sayfa i\u00e7i hatalar. Google g\u00fcncellemelerinde g\u00fc\u00e7l\u00fc dalgalanmalar. Video g\u00f6r\u00fc\u015fmesinde\n  korkular\u0131m\u0131z do\u011fruland\u0131. Bug\u00fcne kadar projede sadece ufak tefek de\u011fi\u015fiklikler yap\u0131ld\u0131. olmadan\n  tan\u0131nabilir SEO stratejisi. Kayda de\u011fer bir ba\u015far\u0131s\u0131 yok.<\/p>\n                <p>\n                    <strong>Bu, bug\u00fcne kadar devam eden bir i\u015fbirli\u011finin ba\u015flang\u0131\u00e7 sinyaliydi.<\/strong>\n                <\/p>\n            <\/div>\n        <\/div>\n\n        <div class=\"media-article box-media\">\n            <div class=\"content\">\n                <h2 class=\"h3\">Maksimum g\u00f6r\u00fcn\u00fcrl\u00fck i\u00e7in denenmi\u015f ve test edilmi\u015f \u00e7\u00f6z\u00fcmler<\/h2>\n                <p>\n  \u00d6ncelikli bir hedef belirledik. \u0130lgili t\u00fcm anahtar kelimeler i\u00e7in en \u00fcst s\u0131ralarda.\n  Ni\u015f anahtar kelimeler yok, genel bir anahtar kelime seti var. Planlama olmadan ba\u015far\u0131 olmaz.\n                <\/p>\n                <p>\n  \u0130lk ad\u0131mda, spam ba\u011flant\u0131lar\u0131 belirlemek i\u00e7in ayr\u0131nt\u0131l\u0131 bir ba\u011flant\u0131 denetimi ger\u00e7ekle\u015ftirdik.\n  ger\u00e7ekle\u015ftirildi. Sonu\u00e7lar\u0131 Disavow dosyas\u0131n\u0131 doldurmak i\u00e7in kulland\u0131k ve k\u0131sa bir s\u00fcre i\u00e7inde\n  s\u0131ralamada \u00f6nemli bir y\u00fckseli\u015f kaydetmi\u015ftir. Bu arada, sayfa i\u00e7i uzmanlar\u0131m\u0131z a\u015fa\u011f\u0131daki konular\u0131 analiz ediyor\n  teknik hatalar ve bir \u00f6nlemler katalo\u011fu olu\u015fturmu\u015ftur. Sayfa i\u00e7i hatalar \u015funlard\u0131\n  Ayl\u0131k b\u00fct\u00e7e ile koordineli olarak.\n                <\/p>\n                <p>\n  Detayl\u0131 anahtar kelime ara\u015ft\u0131rmas\u0131 temelinde bir editoryal plan olu\u015fturuldu. Bu sayede\n  sadece trafi\u011fi art\u0131rmakla kalm\u0131yor, ayn\u0131 zamanda sekt\u00f6rde bir otorite haline geliyoruz.\n [KD > 70] anahtar kelime setinin son derece rekabet\u00e7i do\u011fas\u0131 nedeniyle, geri ba\u011flant\u0131 sat\u0131n almaktan ba\u015fka bir yol yoktu\n  bitti. Bu sayede 100.000&#8217;in \u00fczerinde web sitesinden olu\u015fan portf\u00f6y\u00fcm\u00fcze eri\u015febildik. i\u00e7in\n  ba\u011flant\u0131 profili sayesinde, sonraki y\u0131llarda \u00fc\u00e7 i\u00e7erik pazarlama kampanyas\u0131 uygulad\u0131k.\n  Hepsi de son derece ba\u015far\u0131l\u0131yd\u0131 ve m\u00fc\u015fteriye rakiplerinin ula\u015famayaca\u011f\u0131 geri ba\u011flant\u0131lar kazand\u0131rd\u0131.\n  basit\u00e7e sat\u0131n alabilirdi.\n                <\/p>\n                <p>\n  Son ad\u0131mda, en \u00f6nemli a\u00e7\u0131l\u0131\u015f sayfalar\u0131 optimize edildi. Kullan\u0131c\u0131 i\u00e7in. Google i\u00e7in.\n  Sonu\u00e7 olarak, rakiplerimizden daha iyi performans g\u00f6sterdik ve m\u00fc\u015fterimizi pazar lideri yapt\u0131k.\n  onun end\u00fcstrisinin. Nihayetinde bunun sat\u0131\u015flar \u00fczerinde de etkisi oldu. Harika sonu\u00e7lar.\n  Y\u0131llar ge\u00e7tik\u00e7e m\u00fc\u015fteri ili\u015fkisi bir dostlu\u011fa d\u00f6n\u00fc\u015ft\u00fc. Ayr\u0131ca \u00f6n\u00fcm\u00fczdeki y\u0131llarda\n  m\u00fc\u015fteri i\u00e7in y\u00fczde 110&#8217;umuzu verece\u011fiz.\n                <\/p>\n            <\/div>\n            <div class=\"media\">\n                <div class=\"headline\">Noname&#8217;den 1 numaral\u0131 f\u0131rsat sitesine<\/div>\n                <ul class=\"raise-list\">\n                    <li>\n                        <span class=\"label\">Ayl\u0131k trafik<\/span>\n                        <span class=\"value\"><span class=\"from\">122<\/span> binden 497 bine<\/span>\n                        <span class=\"raise\">+307 %<\/span>\n                    <\/li>\n                    <li>\n                        <span class=\"label\">Anahtar Kelime S\u0131ralamalar\u0131<\/span>\n                        <span class=\"value\"><span class=\"from\">179<\/span> binden 266 bine<\/span>\n                        <span class=\"raise\">+48 %<\/span>\n                    <\/li>\n                    <li>\n                        <span class=\"label\">Top10 S\u0131ralamas\u0131<\/span>\n                        <span class=\"value\"><span class=\"from\">7<\/span> binden 23 bine<\/span>\n                        <span class=\"raise\">+ 216k<\/span>\n                    <\/li>\n                    <li>\n                        <span class=\"label\">Sat\u0131n al\u0131nan geri ba\u011flant\u0131lar<\/span>\n                        <span class=\"value\">672<\/span>\n                    <\/li>\n                <\/ul>\n                <ul class=\"metas\">\n                    <li>\n                        <span class=\"label\">O zamandan beri m\u00fc\u015fteri<\/span>\n                        <span class=\"value\">7 y\u0131l (2017)<\/span>\n                    <\/li>\n                    <li>\n                        <span class=\"label\">M\u00fc\u015fteri<\/span>\n                        <span class=\"value\">Anla\u015fma sayfas\u0131<\/span>\n                    <\/li>\n                <\/ul>\n            <\/div>\n        <\/div>\n\n    <\/div>\n<\/div>\n\n<div class=\"section references main-color darken-background pt-2 pb-2\">\n    <div class=\"wrap\">\n\n        <h2 class=\"h2\"><span class=\"underline\">307 daha fazla trafik<\/span> i\u00e7in alt\u0131 ad\u0131m<\/h2>\n\n        <div class=\"read-more-articles plus-icons\">\n            <div class=\"article has-more\" data-modal-mode=\"read-more\" data-modal-theme=\"references\">\n                <h4 class=\"headline\">Sayfa i\u00e7i denetim ve optimizasyon<\/h4>\n                <p>\n  Detayl\u0131 saha denetimi, somut bir \u00f6nlemler katalo\u011fu ile sonu\u00e7land\u0131.\n  M\u00fc\u015fterinin geli\u015ftirme ekibi t\u00fcm eylem \u00f6nerilerini uygulamaya koymu\u015ftur.\n                <\/p>\n                <button type=\"button\">Daha fazla<\/button>\n            <\/div>\n            <div class=\"article has-more\" data-modal-mode=\"read-more\" data-modal-theme=\"references\">\n                <h4 class=\"headline\">Linkaudit<\/h4>\n                <p>\n  M\u00fc\u015fteri zaten backlink sat\u0131n alm\u0131\u015ft\u0131. Google manip\u00fclasyon giri\u015fimlerinin fark\u0131na vard\u0131 ve\n  M\u00fc\u015fteriler cezaland\u0131r\u0131ld\u0131. Dolay\u0131s\u0131yla, h\u0131zl\u0131 bir \u015fekilde tepki vermemiz ve ba\u011flant\u0131 profilini de\u011ferlendirmemiz gerekiyordu. Bu\n  M\u00fc\u015fterinin s\u0131ralamas\u0131 \u00e7ok k\u0131sa bir s\u00fcre i\u00e7inde iyile\u015fti.\n                <\/p>\n                <button type=\"button\">Daha fazla<\/button>\n            <\/div>\n            <div class=\"article has-more\" data-modal-mode=\"read-more\" data-modal-theme=\"references\">\n                <h4 class=\"headline\">Bir tavsiye b\u00f6l\u00fcm\u00fcn\u00fcn geli\u015ftirilmesi<\/h4>\n                <p>\n  Kullan\u0131c\u0131 merkezli ve ticari olmayan i\u00e7eri\u011fi sofistike bir yakla\u015f\u0131m temelinde olu\u015fturduk.\n  editoryal plan ve multimedya i\u00e7eri\u011fi ile geli\u015ftirilmi\u015ftir.\n                <\/p>\n                <button type=\"button\">Daha fazla<\/button>\n            <\/div>\n            <div class=\"article has-more\" data-modal-mode=\"read-more\" data-modal-theme=\"references\">\n                <h4 class=\"headline\">\u0130\u00e7erik Pazarlama + DijitalPR<\/h4>\n                <p>\n  En de\u011ferli geri ba\u011flant\u0131lar do\u011fal olarak ortaya \u00e7\u0131kar. Planlamadan [personalar, i\u00e7erik misyonu,\n  beyin f\u0131rt\u0131nas\u0131&#8230;] uygulamadan [ba\u011flant\u0131 kurulabilir varl\u0131\u011f\u0131n olu\u015fturulmas\u0131, \u00f6n eri\u015fim, sosyal yard\u0131m&#8230;]\n  kontrol etmek [hedeflerin g\u00f6zden ge\u00e7irilmesi, izleme, optimizasyon&#8230;] i\u00e7in a\u015fa\u011f\u0131daki ad\u0131mlar\u0131 att\u0131k\n  ba\u011f\u0131ms\u0131z olarak uygulanmaktad\u0131r.\n                <\/p>\n                <button type=\"button\">Daha fazla<\/button>\n            <\/div>\n            <div class=\"article has-more\" data-modal-mode=\"read-more\" data-modal-theme=\"references\">\n                <h4 class=\"headline\">Ba\u011flant\u0131 kurma<\/h4>\n                <p>\n  Rakiplerin en iyi backlinkleri kopyaland\u0131 ve backlink a\u00e7\u0131\u011f\u0131 kapat\u0131ld\u0131.\n  Anahtar kelime s\u0131ralamalar\u0131nda 2 ila 10. pozisyonlar \u00f6zellikle geri ba\u011flant\u0131 sat\u0131n al\u0131narak y\u00fckseltildi.\n                <\/p>\n                <button type=\"button\">Daha fazla<\/button>\n            <\/div>\n            <div class=\"article has-more\" data-modal-mode=\"read-more\" data-modal-theme=\"references\">\n                <h4 class=\"headline\">UX tasar\u0131m\u0131n\u0131n optimizasyonu<\/h4>\n                <p>\n  M\u00fc\u015fteri ile isti\u015fare halinde ve b\u00fct\u00e7e ile uyumlu olarak, a\u015fa\u011f\u0131dakileri geli\u015ftirmeye odakland\u0131k\n  UX en \u00f6nemli a\u00e7\u0131l\u0131\u015f sayfalar\u0131na odakland\u0131. Kullan\u0131c\u0131 deneyimini \u00f6nemli \u00f6l\u00e7\u00fcde iyile\u015ftirmeyi ba\u015fard\u0131k\n  ve ayn\u0131 zamanda d\u00f6n\u00fc\u015f\u00fcm optimizasyonunu kullanarak potansiyel m\u00fc\u015fterileri art\u0131r\u0131n.\n                <\/p>\n                <button type=\"button\">Daha fazla<\/button>\n            <\/div>\n        <\/div>\n\n    <\/div>\n<\/div>\n\n<div class=\"section references pt-2 pb-2\">\n    <div class=\"wrap\">\n\n        <h2 class=\"h1\">M\u00fc\u015fteri impulsQ ile \u00e7al\u0131\u015fmay\u0131 neden takdir ediyor?<\/h2>\n        <blockquote class=\"big\">\n  2017&#8217;deki i\u015fbirli\u011fimizin ba\u015flang\u0131c\u0131nda, web sitem en zay\u0131f olan\u0131yd\u0131.\n  rekabet ortam\u0131nda. Bug\u00fcn sekt\u00f6rde lider konumday\u0131z.\n        <\/blockquote>\n        <p>\n  Y\u0131llard\u0131r impulsQ GmbH&#8217;ye g\u00fcvenebiliyorum. Martin Brosy g\u00fcn\u00fcn her saati benim i\u00e7in haz\u0131r.\n  ve hatta Pazar g\u00fcn\u00fc a\u00e7\u0131k sorular\u0131 yan\u0131tl\u0131yor. G\u00fc\u00e7l\u00fc web sitelerinden al\u0131nan y\u00fcksek backlinkler sayesinde\n  Otorite, ola\u011fan\u00fcst\u00fc ba\u011flant\u0131 kurma makaleleri ve m\u00fckemmel hizmet. Sadece \u00fcst.\n        <\/p>\n        <p class=\"h1\">Andreas S.<\/p>\n        <p class=\"conclusion-text\">\n  M\u00fc\u015fterilerimizin anonimli\u011fi bizim i\u00e7in \u00f6nemlidir. Gizlilik, a\u015fa\u011f\u0131dakilerin sat\u0131n al\u0131nmas\u0131 i\u00e7in temel bir gerekliliktir\n  Geri ba\u011flant\u0131lar. M\u00fc\u015fterilerimizin s\u0131ralamalar\u0131n\u0131 birka\u00e7 m\u00fc\u015fteri logosu ve biraz \u015f\u00f6hret i\u00e7in istemiyoruz.\n  Risk. Ku\u015fkusuz en iyi link in\u015fa ajans\u0131y\u0131z. Her zaman yapabilirsin\n  zorunluluk olmadan.\n        <\/p>\n\n    <\/div>\n<\/div>\n\n<div class=\"section references\">\n    <div class=\"wrap\">\n\n        <h2 class=\"h1\">Rakipsiz sonu\u00e7lar<\/h2>\n        <h3 class=\"h2\">Rakamlar \u00e7al\u0131\u015fmalar\u0131m\u0131z\u0131n ba\u015far\u0131s\u0131n\u0131 kan\u0131tl\u0131yor<\/h3>\n        <p>\n  \u0130lk interaktif ekran size d\u00f6rt grafik g\u00f6sterir. Bu, a\u015fa\u011f\u0131daki hususlar\u0131n geli\u015ftirilmesiyle ilgilidir\n  M\u00fc\u015fterimize ve onun en g\u00fc\u00e7l\u00fc \u00fc\u00e7 rakibine organik ziyaret\u00e7i say\u0131s\u0131. M\u00fc\u015fterilerimiz bizim\n  Google arama sonu\u00e7lar\u0131na yard\u0131mc\u0131 olun. A\u015fa\u011f\u0131da m\u00fc\u015fterimizin ger\u00e7ek sat\u0131\u015f rakamlar\u0131n\u0131 i\u00e7eren bir diyagram bulacaks\u0131n\u0131z.\n  M\u00fc\u015fterilerimiz i\u00e7in yapt\u0131\u011f\u0131m\u0131z her \u015fey onlar\u0131n sat\u0131\u015flar\u0131 \u00fczerinde olumlu bir etki yarat\u0131yor.\n        <\/p>\n\n    <\/div>\n<\/div>\n\n<div class=\"section references\">\n    <div class=\"wrap\">\n\n        <div class=\"tab-switch-content\">\n            <div class=\"chart switchable-content\">\n                <h2 class=\"headline\">Organik ziyaret\u00e7i say\u0131lar\u0131n\u0131n geli\u015fimi<\/h2>\n                <div data-related=\"wettbewerber-0\" class=\"active\">\n                    <img decoding=\"async\" src=\"\/media\/content\/case-studie\/charts\/CaseStudy_Mein_Deal_Organische_Besucherzahlen_01.webp\" alt=\"\"\/>\n                <\/div>\n                <div data-related=\"wettbewerber-1\">\n                    <img decoding=\"async\" src=\"\/media\/content\/case-studie\/charts\/CaseStudy_Mein_Deal_Organische_Besucherzahlen_02.webp\" alt=\"\"\/>\n                <\/div>\n                <div data-related=\"wettbewerber-2\">\n                    <img decoding=\"async\" src=\"\/media\/content\/case-studie\/charts\/CaseStudy_Mein_Deal_Organische_Besucherzahlen_03.webp\" alt=\"\"\/>\n                <\/div>\n                <div data-related=\"wettbewerber-3\">\n                    <img decoding=\"async\" src=\"\/media\/content\/case-studie\/charts\/CaseStudy_Mein_Deal_Organische_Besucherzahlen_04.webp\" alt=\"\"\/>\n                <\/div>\n            <\/div>\n            <button type=\"button\" class=\"btn switch-content\" data-related=\"wettbewerber-1\">Rakip 1<\/button>\n            <button type=\"button\" class=\"btn switch-content\" data-related=\"wettbewerber-2\">Rakip 2<\/button>\n            <button type=\"button\" class=\"btn switch-content\" data-related=\"wettbewerber-3\">Rakip 3<\/button>\n        <\/div>\n\n    <\/div>\n<\/div>\n\n<div class=\"section references\">\n    <div class=\"wrap\">\n\n        <div class=\"chart\">\n            <h2 class=\"headline\">Sat\u0131\u015flar\u0131n geli\u015ftirilmesi<\/h2>\n            <img decoding=\"async\" src=\"\/media\/content\/case-studie\/charts\/CaseStudy_Mein_Deal_Entwicklung_des_Umsatzes_01.webp\" alt=\"\"\/>\n        <\/div>\n\n    <\/div>\n<\/div>\n<div class=\"section references pt-2 pb-2\" id=\"calendly\">\n    <div class=\"wrap\">\n\n        <h2 class=\"h1\">Jetzt einen Kick-Off-Termin ausw\u00e4hlen!<\/h2>\n        <h3 class=\"h2\">Wir bekommen f\u00fcr Dich noch<br>viel bessere Ergebnisse hin.<\/h3>\n        <p>\n            Wollen wir gemeinsam \u00fcber Dein Linkbuilding sprechen? Wir haben mit Sicherheit eine passende L\u00f6sung zu\n            Deiner Herausforderung. W\u00e4hle Dir unten einen freien Termin aus und wir lernen uns unverbindlich kennen.<br>\n            Wir freuen uns auf Dich. Von ganzem Herzen.\n        <\/p>\n        <h3 class=\"h4\">W\u00e4hle einen freien Timeslot aus<\/h3>\n         <div class=\"brlbs-cmpnt-container brlbs-cmpnt-content-blocker brlbs-cmpnt-with-individual-styles\" data-borlabs-cookie-content-blocker-id=\"calendly\" data-borlabs-cookie-content=\"PGlmcmFtZSBjbGFzcz0iYXBwb2ludG1lbnQtaWZyYW1lIiBzcmM9Imh0dHBzOi8vY2FsZW5kbHkuY29tL2ltcHVsc3EvbGFzcy11bnMtZWluZmFjaC1zcHJlY2hlbiIgd2lkdGg9IjYwMCIgaGVpZ2h0PSI0MTAiPjwvaWZyYW1lPg==\"><div class=\"brlbs-cmpnt-cb-preset-a\"> <p class=\"brlbs-cmpnt-cb-description\">\u015eu anda bir yer tutucu i\u00e7eri\u011fi g\u00f6r\u00fcyorsunuz<strong>Calendly<\/strong>. As\u0131l i\u00e7eri\u011fe eri\u015fmek i\u00e7in a\u015fa\u011f\u0131daki d\u00fc\u011fmeyi t\u0131klay\u0131n. Bu i\u015flem s\u0131ras\u0131nda veriler \u00fc\u00e7\u00fcnc\u00fc taraf sa\u011flay\u0131c\u0131lara aktar\u0131lacakt\u0131r.<\/p> <div class=\"brlbs-cmpnt-cb-buttons\"> <a class=\"brlbs-cmpnt-cb-btn\" href=\"#\" data-borlabs-cookie-unblock role=\"button\">\u0130\u00e7eri\u011fi a\u00e7<\/a> <a class=\"brlbs-cmpnt-cb-btn\" href=\"#\" data-borlabs-cookie-accept-service role=\"button\" style=\"display: <m id=\"3\">&quot;&gt;Gerekli hizmeti kabul edin ve i\u00e7eri\u011fi a\u00e7\u0131n<\/a> <\/div> <a class=\"brlbs-cmpnt-cb-provider-toggle\" href=\"#\" data-borlabs-cookie-show-provider-information role=\"button\">Daha fazla bilgi<\/a> <\/div><\/div>\n\n    <\/div>\n<\/div>\n","protected":false},"excerpt":{"rendered":"<p>Vaka \u00c7al\u0131\u015fmas\u0131 \/ Vaka \u00c7al\u0131\u015fmas\u0131 Benim Anla\u015fmam Organik trafikte %307 art\u0131\u015f Ciroda %200 art\u0131\u015f Ger\u00e7ekten heyecan verici. Teklifinizi dinlemek isterim > \u00c7ok zor bir rekabet ortam\u0131nda ba\u011fl\u0131 kurulu\u015f ortakl\u0131klar\u0131 ile anla\u015fma sitesi 307 % Trafikte art\u0131\u015f Rakipler %1 -3 Rakip 2 %47 Rakipler %3 -4 48 % Anahtar kelime s\u0131ralamalar\u0131nda art\u0131\u015f Rakip 1 -%9 Rakip [&hellip;]<\/p>\n","protected":false},"author":1,"featured_media":0,"parent":450,"menu_order":1,"comment_status":"closed","ping_status":"closed","template":"template-bright.php","meta":{"_acf_changed":false,"_uag_custom_page_level_css":"","footnotes":""},"class_list":["post-518","page","type-page","status-publish","hentry"],"acf":[],"uagb_featured_image_src":{"full":false,"thumbnail":false,"medium":false,"medium_large":false,"large":false,"1536x1536":false,"2048x2048":false,"magazin-single":false,"magazin-single-2x":false,"magazin-big":false,"magazin-big-2x":false,"magazin-medium":false,"magazin-medium-2x":false,"magazin-small":false,"magazin-small-2x":false,"magazin-phone":false,"magazin-phone-2x":false,"onboarding_mobile":false,"onboarding_mobile_retina":false},"uagb_author_info":{"display_name":"impulsQ GmbH","author_link":"https:\/\/impulsq.de\/tr\/author\/vanessa\/"},"uagb_comment_info":0,"uagb_excerpt":"Vaka \u00c7al\u0131\u015fmas\u0131 \/ Vaka \u00c7al\u0131\u015fmas\u0131 Benim Anla\u015fmam Organik trafikte %307 art\u0131\u015f Ciroda %200 art\u0131\u015f Ger\u00e7ekten heyecan verici. Teklifinizi dinlemek isterim > \u00c7ok zor bir rekabet ortam\u0131nda ba\u011fl\u0131 kurulu\u015f ortakl\u0131klar\u0131 ile anla\u015fma sitesi 307 % Trafikte art\u0131\u015f Rakipler %1 -3 Rakip 2 %47 Rakipler %3 -4 48 % Anahtar kelime s\u0131ralamalar\u0131nda art\u0131\u015f Rakip 1 -%9 Rakip&hellip;","_links":{"self":[{"href":"https:\/\/impulsq.de\/tr\/wp-json\/wp\/v2\/pages\/518","targetHints":{"allow":["GET"]}}],"collection":[{"href":"https:\/\/impulsq.de\/tr\/wp-json\/wp\/v2\/pages"}],"about":[{"href":"https:\/\/impulsq.de\/tr\/wp-json\/wp\/v2\/types\/page"}],"author":[{"embeddable":true,"href":"https:\/\/impulsq.de\/tr\/wp-json\/wp\/v2\/users\/1"}],"replies":[{"embeddable":true,"href":"https:\/\/impulsq.de\/tr\/wp-json\/wp\/v2\/comments?post=518"}],"version-history":[{"count":3,"href":"https:\/\/impulsq.de\/tr\/wp-json\/wp\/v2\/pages\/518\/revisions"}],"predecessor-version":[{"id":691,"href":"https:\/\/impulsq.de\/tr\/wp-json\/wp\/v2\/pages\/518\/revisions\/691"}],"up":[{"embeddable":true,"href":"https:\/\/impulsq.de\/tr\/wp-json\/wp\/v2\/pages\/450"}],"wp:attachment":[{"href":"https:\/\/impulsq.de\/tr\/wp-json\/wp\/v2\/media?parent=518"}],"curies":[{"name":"wp","href":"https:\/\/api.w.org\/{rel}","templated":true}]}}