{"id":528,"date":"2024-01-08T12:37:07","date_gmt":"2024-01-08T12:37:07","guid":{"rendered":"https:\/\/impulsq.de\/referanslar\/vaka-calismalari\/cevrimici-bir-akademi-icin-dijital-halkla-iliskiler\/"},"modified":"2024-01-30T13:12:47","modified_gmt":"2024-01-30T13:12:47","slug":"cevrimici-bir-akademi-icin-dijital-halkla-iliskiler","status":"publish","type":"page","link":"https:\/\/impulsq.de\/tr\/vaka-calismalari\/cevrimici-bir-akademi-icin-dijital-halkla-iliskiler\/","title":{"rendered":"\u00c7evrimi\u00e7i bir akademi i\u00e7in dijital halkla ili\u015fkiler"},"content":{"rendered":"\n<div class=\"section references main-color darken-background pb-3\">\n    <div class=\"wrap\">\n\n        <h1 class=\"h1\">Vaka \u00c7al\u0131\u015fmas\u0131 \/ Case Study AFS+<\/h1>\n        <h2 class=\"h2\">\n  Gelen <span class=\"highlight\">geri ba\u011flant\u0131larda %136<\/span> art\u0131\u015f<br\/>\n <span class=\"highlight\">Ciroda %200<\/span> art\u0131\u015f<br\/>\n  Bir ay i\u00e7inde\n        <\/h2>\n\n    <\/div>\n<div class=\"wrap\">\n\n        <a href=\"#calendly\" class=\"btn dark\">Ger\u00e7ekten heyecan verici. Teklifinizi dinlemek isterim ><\/a>\n\n    <\/div>\n<\/div>\n\n<div class=\"section references top-box\">\n    <div class=\"wrap\">\n\n        <div class=\"box\">\n            <div class=\"additional-info\">Yeniden lansman + teklifin geni\u015fletilmesi + sosyal yard\u0131m<\/div>\n            <ul class=\"row\">\n                <li>\n                    <span class=\"percentage-raise\">136 %<\/span>\n  Y\u00f6nlendiren alan adlar\u0131n\u0131 art\u0131r\u0131n\n                <\/li>\n                <li>\n                    <span class=\"percentage-raise\">95 %<\/span>\n  Alan derecelendirmesinin iyile\u015ftirilmesi\n                <\/li>\n                <li>\n                    <span class=\"percentage-raise\">2.750 %<\/span>\n Sosyal medya mentionlar\u0131\n                <\/li>\n                <li>\n                    <span class=\"percentage-raise\">179<\/span>\n  Olu\u015fturulan geri ba\u011flant\u0131lar\n                <\/li>\n            <\/ul>\n        <\/div>\n\n    <\/div>\n<\/div>\n\n<div class=\"section references\">\n    <div class=\"wrap\">\n\n        <h2 class=\"h3\">Dusty! Bilinmiyor!<br\/>E\u015fsiz bir <span class=\"underline\">meydan okuma!<\/span><\/h2>\n        <p>\n  SEO \u0130leri E\u011fitim Akademisi 12 y\u0131l\u0131 a\u015fk\u0131n bir s\u00fcredir yeni nesli e\u011fitmektedir. Bu s\u00fcre zarf\u0131nda\n  Kurs \u00e7e\u015fitlili\u011fine odaklan\u0131n. Web sitesi ve kurumsal kimlik ne yaz\u0131k ki ihmal edildi.\n  tedavi edildi. Bu da sonu\u00e7suz kalmad\u0131. Sat\u0131\u015flar d\u00fc\u015fm\u00fc\u015f ve marka bilinirli\u011fi d\u00fc\u015f\u00fck bir seviyeye gerilemi\u015ftir.\n  SEO e\u011fitimiyle ilgilenen kat\u0131l\u0131mc\u0131 say\u0131s\u0131 giderek azald\u0131.\n        <\/p>\n        <p>\n            <strong>G\u00f6r\u00fcn\u00fcrl\u00fck yok = ba\u015far\u0131 yok! AFS nedir? AFS ne de\u011fildir?<\/strong>\n        <\/p>\n        <p>\n  Temel soru buydu. Gelen yan\u0131tlar do\u011frultusunda ekibimiz [tasar\u0131mc\u0131lardan olu\u015fuyor,\n  d\u00f6n\u00fc\u015f\u00fcm uzmanlar\u0131, SEO&#8217;lar ve metin yazarlar\u0131] bir konsept geli\u015ftirmek ve web sitesine yeni bir g\u00f6r\u00fcn\u00fcm ve his kazand\u0131rmak i\u00e7in.\n  Tasar\u0131m. Fikir &#8211; web sitesi ziyaret\u00e7ilerini d\u00f6n\u00fc\u015f\u00fcm i\u00e7in \u015fakac\u0131 bir \u015fekilde motive edin ve cevaplanmam\u0131\u015f hi\u00e7bir soru b\u0131rakmay\u0131n\n  Git. Kolay bir i\u015f de\u011fil.\n        <\/p>\n\n        <img loading=\"lazy\" decoding=\"async\" src=\"\/media\/content\/case-studie\/afs-plus\/afs-mit-siegel.webp\" width=\"806\" height=\"406\" alt=\"\" class=\"full-image\"\/>\n\n    <\/div>\n<\/div>\n\n<div class=\"section references pt-0\">\n    <div class=\"wrap\">\n\n        <div class=\"media-article box-media\">\n            <div class=\"content\">\n                <h2 class=\"h3\">Ba\u015far\u0131 garantili \u00e7\u00f6z\u00fcmlere ihtiyac\u0131m\u0131z vard\u0131<\/h2>\n                <p>\n  Kafa kafaya verin ve beyin f\u0131rt\u0131nas\u0131 yap\u0131n. Hepsi yeni. Hi\u00e7bir \u015fey ayn\u0131 kalmamal\u0131! Yeni tasar\u0131m.\n  Yeni i\u00e7erik. Yeni foto\u011fraflar. Yeni yap\u0131. Daha derin. Daha fazla bilgi i\u00e7in. Daha fazla d\u00f6n\u00fc\u015f\u00fcm.\n                <\/p>\n                <p>\n                    <strong>Hedefler taraf\u0131ndan y\u00f6nlendirilir: Daha fazla m\u00fc\u015fteri aday\u0131. Daha fazla kurs kat\u0131l\u0131mc\u0131s\u0131. Daha fazla ciro.<\/strong>\n                <\/p>\n                <p>\n  Bu ve di\u011fer hususlar yeniden lansman s\u0131ras\u0131nda ger\u00e7ekle\u015ftirilmi\u015ftir. Yeni web sitesi art\u0131k yay\u0131nda.\n  SEO e\u011fitimi \u00e7evrimi\u00e7i olarak ger\u00e7ekle\u015fti. 30&#8217;dan fazla \u00f6\u011fretim g\u00f6revlisi k\u00f6t\u00fc \u00fcretimde \u00e7al\u0131\u015ft\u0131\n  videolar uzmanl\u0131klar\u0131n\u0131 kurs kat\u0131l\u0131mc\u0131lar\u0131na aktarm\u0131\u015ft\u0131r.\n                <\/p>\n                <p>\n  Zaten yeniden lansman a\u015famas\u0131ndaysak, kurslar\u0131 s\u0131f\u0131rdan da \u00fcretebiliriz!\n  Neden olmas\u0131n? Film ekibimiz 20 g\u00fcn i\u00e7inde 60 \u00f6\u011fretim g\u00f6revlisiyle birlikte \u00e7al\u0131\u015farak 120 dersi canl\u0131 ve renkli olarak kaydetti.\n  St\u00fcdyo. Ayn\u0131 zamanda, iki programc\u0131 Online Kamp\u00fcs\u00fc tamamen yeniden tasarlad\u0131. Sonra\n  Sadece otuz g\u00fcn i\u00e7inde, muazzam bir \u00e7abayla i\u015fi ba\u015far\u0131yla tamamlayabildik. Biz\n  m\u00fc\u015fteri projeleri i\u00e7in her zaman yan\u0131yor.\n                <\/p>\n                <p>\n  \u015eubat 2023&#8217;te zihnimizde bir fikir kendini g\u00f6sterdi. Her web sitesi ziyaret\u00e7isi\n  birka\u00e7 ay s\u00fcren bir SEO e\u011fitim program\u0131n\u0131 tamamlamak. Neden bunu bir de\n  SEO i\u00e7in sertifikasyon \u00e7evrimi\u00e7i pazarlama konular\u0131 i\u00e7in bir yay\u0131n hizmeti mi?\n                <\/p>\n            <\/div>\n            <div class=\"media\">\n                <div class=\"headline\">Eskiden bilinmeyen ve alay edilen &#8211; bug\u00fcn SEO i\u00e7in akademi<\/div>\n                <ul class=\"raise-list\">\n                    <li>\n                        <span class=\"label\">Y\u00f6nlendiren alan adlar\u0131n\u0131n say\u0131s\u0131<\/span>\n                        <span class=\"value\"><span class=\"from\">131<\/span>&#8216;den 310&#8217;a<\/span>\n                        <span class=\"raise\">+136 %<\/span>\n                    <\/li>\n                    <li>\n                        <span class=\"label\">Etki Alan\u0131 Derecelendirmesi<\/span>\n                        <span class=\"value\"><span class=\"from\">23<\/span>&#8216;ten 45&#8217;e<\/span>\n                        <span class=\"raise\">+95 %<\/span>\n                    <\/li>\n                    <li>\n                        <span class=\"label\">Sosyal medyada mentionlar<\/span>\n                        <span class=\"value\"><span class=\"from\">2<\/span>&#8216;den 57&#8217;ye <span class=\"from\">(ayl\u0131k)<\/span><\/span>\n                        <span class=\"raise\">+2.750 %<\/span>\n                    <\/li>\n                    <li>\n                        <span class=\"label\">Sat\u0131n al\u0131nan geri ba\u011flant\u0131lar<\/span>\n                        <span class=\"value\">0<\/span>\n                    <\/li>\n                <\/ul>\n                <ul class=\"metas\">\n                    <li>\n                        <span class=\"label\">O zamandan beri m\u00fc\u015fteri<\/span>\n                        <span class=\"value\">Aral\u0131k 2022 &#8211; bug\u00fcn<\/span>\n                    <\/li>\n                    <li>\n                        <span class=\"label\">M\u00fc\u015fteri<\/span>\n                        <span class=\"value\">SEO alan\u0131nda ileri d\u00fczey e\u011fitim i\u00e7in AFS Akademi<\/span>\n                    <\/li>\n                <\/ul>\n            <\/div>\n        <\/div>\n\n        <img loading=\"lazy\" decoding=\"async\" src=\"\/media\/content\/case-studie\/afs-plus\/afs-plus.webp\" width=\"1364\" height=\"603\" alt=\"\" class=\"full-image\"\/>\n\n    <\/div>\n<\/div>\n\n<div class=\"section references pt-0 pb-2\">\n    <div class=\"wrap\">\n\n        <h2 class=\"h3\">\n  Elimizde videolar var.<br\/><span class=\"underline\">Ola\u011fan\u00fcst\u00fc bir ekibimiz<\/span> var.\n        <\/h2>\n        <p>\n  Sadece iki ay sonra, yay\u0131n hizmeti ile \u00e7evrimi\u00e7i olduk ve b\u00f6ylece ba\u015fka bir yay\u0131n ba\u015flatabildik\n  Teklif olu\u015fturun. E\u011fitimden ba\u011f\u0131ms\u0131z ek bir gelir kayna\u011f\u0131!\n        <\/p>\n        <p>\n  Son ad\u0131mda, sosyal medyada dikkat \u00e7ekmeli ve \u015fu kaynaklardan geri ba\u011flant\u0131lar olu\u015fturmal\u0131yd\u0131k\n  ilgili uzmanla\u015fm\u0131\u015f portallar. Bu y\u00fczden sosyal yard\u0131m uzmanlar\u0131m\u0131z telefona sar\u0131ld\u0131 ve\n  medyada inan\u0131lmaz say\u0131da s\u00f6z edilmesini sa\u011flad\u0131. Projenin tamam\u0131 ve dijital PR stratejisi\n  genel bir ba\u015far\u0131d\u0131r.\n        <\/p>\n\n    <\/div>\n<\/div>\n\n<div class=\"section references main-color darken-background pt-2 pb-2\">\n    <div class=\"wrap\">\n\n        <h2 class=\"h2\">Be\u015f ad\u0131mda iflas\u0131n \u00f6n\u00fcne ge\u00e7ildi<\/h2>\n\n        <div class=\"read-more-articles plus-icons\">\n            <div class=\"article has-more\" data-modal-mode=\"read-more\" data-modal-theme=\"references\">\n                <h4 class=\"headline\">Yeniden Ba\u015flatma<\/h4>\n                <p>\n  Ziyaret\u00e7iye m\u00fcmk\u00fcn olan en iyi kullan\u0131c\u0131 deneyimini sunmak ve ayn\u0131 zamanda web sitesini bir\n  onlar\u0131 ger\u00e7ek birer m\u0131knat\u0131s haline getirin. Metin yazarlar\u0131, UX uzmanlar\u0131, d\u00f6n\u00fc\u015f\u00fcm optimizat\u00f6rleri ve\n  tasar\u0131mc\u0131lar asl\u0131nda imkans\u0131z\u0131 ba\u015fard\u0131lar. Ola\u011fan\u00fcst\u00fc bir web sitesi, hatta\n  rakiplerini k\u0131skan\u00e7l\u0131ktan \u00e7atlat\u0131yor. AFS Akademisi, sahnedeki gri bir fareden bir\n  ger\u00e7ek bir g\u00f6z al\u0131c\u0131ya d\u00f6n\u00fc\u015ft\u00fc.\n                <\/p>\n                <button type=\"button\">Daha fazla<\/button>\n            <\/div>\n            <div class=\"article has-more\" data-modal-mode=\"read-more\" data-modal-theme=\"references\">\n                <h4 class=\"headline\">Video prod\u00fcksiyonu<\/h4>\n                <p>\n  En iyi kameramanlar\u0131 \u00e7a\u011f\u0131r\u0131yoruz. Video ekibi halihaz\u0131rda Beverages gibi markalar i\u00e7in \u00e7al\u0131\u015fm\u0131\u015ft\u0131r\n  Hoffmann, Audi ve Lufthansa. 20 g\u00fcn i\u00e7inde, 50&#8217;den fazla ki\u015fi taraf\u0131ndan 120 sunum yap\u0131lmas\u0131 gerekiyordu.\n  \u00d6\u011fretim g\u00f6revlileri. Bu da ancak deneyimli ve iyi prova yapm\u0131\u015f bir ekiple m\u00fcmk\u00fcnd\u00fcr. Eklendi\n  organizasyon yetene\u011fi ile do\u011fmu\u015f bir proje y\u00f6neticisidir. G\u00f6rev tamamland\u0131 &#8211;\n  \u00d6zenle haz\u0131rlanm\u0131\u015f videolar\u0131n yard\u0131m\u0131yla, kat\u0131l\u0131mc\u0131lar art\u0131k kendilerini \u00e7evrimi\u00e7i d\u00fcnyaya kapt\u0131rabilirler.\n  Kendinizi pazarlaman\u0131n i\u00e7ine b\u0131rak\u0131n.\n                <\/p>\n                <button type=\"button\">Daha fazla<\/button>\n            <\/div>\n            <div class=\"article has-more\" data-modal-mode=\"read-more\" data-modal-theme=\"references\">\n                <h4 class=\"headline\">Ba\u015fka bir teklifin olu\u015fturulmas\u0131<\/h4>\n                <p>\n  Bir \u015feyler eksikti. Arama Motoru Optimizasyonu Akademisi&#8217;nin sertifikal\u0131 bir e\u011fitim kursu vard\u0131r\n  teklif edildi. Bir teklif, sat\u0131\u015flar\u0131n dalgalanmas\u0131na yol a\u00e7ar. \u015eirket daha sa\u011flam bir yap\u0131ya kavu\u015fmak istedi\n  Kur. Biz de Netflix g\u00f6r\u00fcn\u00fcm\u00fcnde, abonelik modeli de i\u00e7eren bir yay\u0131n hizmeti olu\u015fturduk.\n  T\u00fcm proje boyunca, impulsQ projeden sorumluydu ve t\u00fcm projelerden sorumluydu.\n  G\u00f6revler tamamland\u0131.\n                <\/p>\n                <button type=\"button\">Daha fazla<\/button>\n            <\/div>\n            <div class=\"article has-more\" data-modal-mode=\"read-more\" data-modal-theme=\"references\">\n                <h4 class=\"headline\">DigitalPR<\/h4>\n                <p>\n  Yeni afs+ ak\u0131\u015f hizmeti m\u00fckemmel bir ba\u011flanabilir varl\u0131kt\u0131r. Bu daha \u00f6nce hi\u00e7 olmam\u0131\u015ft\u0131,\n  Bu y\u00fczden medyan\u0131n \u00e7ok ilgili olaca\u011f\u0131n\u0131 d\u00fc\u015f\u00fcnd\u00fck. Varsay\u0131mlar\u0131m\u0131z\n  do\u011fru oldu\u011fu kan\u0131tland\u0131. 100&#8217;den fazla \u00e7evrimi\u00e7i medya kurulu\u015fu Arama Motoru Optimizasyonu Akademisi hakk\u0131nda bilgilendirildi\n  bildirildi. Ne b\u00fcy\u00fck bir ba\u015far\u0131.\n                <\/p>\n                <button type=\"button\">Daha fazla<\/button>\n            <\/div>\n            <div class=\"article has-more\" data-modal-mode=\"read-more\" data-modal-theme=\"references\">\n                <h4 class=\"headline\">Influencer pazarlama<\/h4>\n                <p>\n  Sosyal medyada eri\u015fim yeni alt\u0131nd\u0131r. Geni\u015f a\u011f\u0131m\u0131z sayesinde \u015funlar\u0131 yapabildik\n  Yeniden lansmandan sonraki ilk d\u00f6rt hafta LinkedIn ve Facebook&#8217;ta bir sosyal medya dalgas\u0131 yaratt\u0131.\n  Johannes Kliesch [Snocks], Felix Beilharz [TV-Gesicht] ve David Rau gibi sekt\u00f6r devleri  [Lockcard]\n  dikkatleri \u00fczerimize \u00e7ekti. Toplamda 1.000&#8217;den fazla ilan kaydedildi\n  Yorumlar ve binlerce be\u011feni. AFS art\u0131k tan\u0131mlanan hedef kitlenin zihnindeydi.\n                <\/p>\n                <button type=\"button\">Daha fazla<\/button>\n            <\/div>\n        <\/div>\n\n    <\/div>\n<\/div>\n\n<div class=\"section references pt-2\">\n    <div class=\"wrap\">\n\n        <h2 class=\"h1\">M\u00fc\u015fteri impulsQ ile \u00e7al\u0131\u015fmay\u0131 neden takdir ediyor?<\/h2>\n        <blockquote class=\"big\">Burada \u00fc\u00e7 ay i\u00e7inde elde edilenler beklentilerimizin \u00f6tesine ge\u00e7ti.\n  a\u00e7\u0131k ara farkla a\u015ft\u0131.<\/blockquote>\n        <p>\n  Kariyerinizi tekmeleyin &#8211; slogan\u0131m\u0131z bu. Kula\u011fa ho\u015f geliyor. Kula\u011fa modern geliyor. Bunu da web sitesi ve\n  Online Kamp\u00fcs ve video i\u00e7eri\u011fi. 12 y\u0131l\u0131n ard\u0131ndan, yeni bir\n  R\u00fczgar. impulsQ GmbH&#8217;den daha iyi ve daha g\u00fcvenilir bir ortak hayal edemezdik.\n  Yapabilirsin. \u015eansl\u0131yd\u0131k, \u00e7\u00fcnk\u00fc impulsQ&#8217;daki uzmanlar olmasayd\u0131 hala bir y\u0131l i\u00e7inde olurduk.\n  2023&#8217;te iflas etti. ImpulsQ&#8217;ya inan\u0131lmaz bir \u015fey bor\u00e7luyuz.\n        <\/p>\n\n        <div class=\"person\">\n            <img loading=\"lazy\" decoding=\"async\" alt=\"\" src=\"\/media\/person\/dennis-protz.webp\" width=\"160\" height=\"160\"\/>\n            <div class=\"name\">Dennis Protz<\/div>\n            <div class=\"position\">afs \u0130leri E\u011fitim Akademisi Genel M\u00fcd\u00fcr\u00fc<br\/>in Arama Motoru Optimizasyonu GmbH<\/div>\n        <\/div>\n\n    <\/div>\n<\/div>\n\n<div class=\"section references\">\n    <div class=\"wrap\">\n\n        <h2 class=\"h1\">Sunulabilir sonu\u00e7lar<\/h2>\n        <h3 class=\"h2\">Ba\u015far\u0131lar\u0131m\u0131z\u0131 gururla an\u0131yoruz<\/h3>\n        <p>\n  AFS web sitesindeki \u00f6ncesi ve sonras\u0131 kar\u015f\u0131la\u015ft\u0131rmas\u0131nda size becerilerimizi zaten g\u00f6stermi\u015ftik. Bu\n  Dijital PR&#8217;\u0131n ba\u015far\u0131l\u0131 bir \u015fekilde uyguland\u0131\u011f\u0131n\u0131n kan\u0131t\u0131n\u0131 size bor\u00e7luyuz. Bunu \u015fimdi alaca\u011f\u0131z.\n  i\u00e7in: \u0130lk grafikte y\u00f6nlendiren alan adlar\u0131n\u0131n geli\u015fimini g\u00f6rebilirsiniz. T\u00fcm geri ba\u011flant\u0131lar elbette\n  yarat\u0131ld\u0131.\n        <\/p>\n\n        <div class=\"chart\">\n            <h2 class=\"headline\">Patlayan DijitalPR<\/h2>\n            <img decoding=\"async\" src=\"\/media\/content\/case-studie\/charts\/AFS_DigitalPR_die_knallt.webp\" alt=\"\"\/>\n        <\/div>\n\n        <p>\n  \u0130kinci grafik alan derecelendirmesinin geli\u015fimini g\u00f6stermektedir. \u00c7evrimi\u00e7i yay\u0131n i\u00e7in ilk yay\u0131n hizmeti ile\n  pazarlama konular\u0131nda hedefi tam on ikiden vurduk. Bir\u00e7ok gazeteci bunun harika bir fikir oldu\u011funu d\u00fc\u015f\u00fcnd\u00fc ve\n  bu konuda yazd\u0131m. Rapordan bir al\u0131nt\u0131y\u0131 vaka \u00e7al\u0131\u015fmas\u0131n\u0131n sonunda bulabilirsiniz.\n        <\/p>\n\n        <div class=\"chart\">\n            <h2 class=\"headline\">Sadece birka\u00e7 hafta i\u00e7inde otorite olmak<\/h2>\n            <img decoding=\"async\" src=\"\/media\/content\/case-studie\/charts\/AFS_In_wenigen_Wochen_zur_Autoritaet.webp\" alt=\"\"\/>\n        <\/div>\n\n    <\/div>\n<\/div>\n\n<div class=\"section references\">\n    <div class=\"wrap\">\n\n        <h3 class=\"h1 dark\">Hangi medya kurulu\u015flar\u0131 yeni AFS hakk\u0131nda yazd\u0131?<\/h3>\n\n        <div class=\"show-more-list\">\n            <ul>\n                <li class=\"show\">\n                    <img loading=\"lazy\" decoding=\"async\" src=\"\/media\/content\/case-studie\/afs-plus\/unternehmer-de.webp\" width=\"294\" height=\"65\" alt=\"unternehmen.de - Haberler, uzman bilgileri, pratik ipu\u00e7lar\u0131\"\/>\n                <\/li>\n                <li class=\"show\">\n                    <img loading=\"lazy\" decoding=\"async\" src=\"\/media\/content\/case-studie\/afs-plus\/kino-und-co.webp\" width=\"234\" height=\"79\" alt=\"cinema &#038; co - B\u00fclten\"\/>\n                <\/li>\n                <li class=\"show\">\n                    <img loading=\"lazy\" decoding=\"async\" src=\"\/media\/content\/case-studie\/afs-plus\/euregio-aktuell.webp\" width=\"175\" height=\"57\" alt=\"Euregio - current\"\/>\n                <\/li>\n                <li class=\"show\">\n                    <img loading=\"lazy\" decoding=\"async\" src=\"\/media\/content\/case-studie\/afs-plus\/njuuz.webp\" width=\"161\" height=\"83\" alt=\"njuuz\"\/>\n                <\/li>\n                <li class=\"show\">\n                    <img decoding=\"async\" src=\"\/media\/content\/case-studie\/afs-plus\/moritz.webp\" width=\"199.5\" height=\"54\" alt=\"Moritz\"\/>\n                <\/li>\n                <li class=\"show\">\n                    <img decoding=\"async\" src=\"\/media\/content\/case-studie\/afs-plus\/online-marketing.webp\" width=\"159.5\" height=\"92\" alt=\"onlinemarketing.com\"\/>\n                <\/li>\n                <li class=\"show\">\n                    <img loading=\"lazy\" decoding=\"async\" src=\"\/media\/content\/case-studie\/afs-plus\/deutsche-wirtschafts-nachrichten.webp\" width=\"352\" height=\"71\" alt=\"Deutsche Wirtschaftsnachrichten - Bonnier Yay\u0131n Grubu'nun bir yay\u0131n\u0131d\u0131r\"\/>\n                <\/li>\n                <li class=\"show\">\n                    <img loading=\"lazy\" decoding=\"async\" src=\"\/media\/content\/case-studie\/afs-plus\/wndn.webp\" width=\"197\" height=\"37\" alt=\"wndn.de\"\/>\n                <\/li>\n                <li class=\"show\">\n                    <img loading=\"lazy\" decoding=\"async\" src=\"\/media\/content\/case-studie\/afs-plus\/mittelstand-in-bayern.webp\" width=\"288\" height=\"50\" alt=\"mittelstandinbayern - Online i\u015f d\u00fcnyas\u0131 dergisi\"\/>\n                <\/li>\n                <li class=\"show\">\n                    <img loading=\"lazy\" decoding=\"async\" src=\"\/media\/content\/case-studie\/afs-plus\/paderborner-zeitung.webp\" width=\"108\" height=\"108\" alt=\"Paderborn Gazetesi\"\/>\n                <\/li>\n                <li class=\"show\">\n                    <img loading=\"lazy\" decoding=\"async\" src=\"\/media\/content\/case-studie\/afs-plus\/lehrlings-portal.svg\" width=\"283\" height=\"54\" alt=\"Apprenticeshipportal.at\"\/>\n                <\/li>\n                <li class=\"show\">\n                    <img loading=\"lazy\" decoding=\"async\" src=\"\/media\/content\/case-studie\/afs-plus\/ausbildungsatlas.svg\" width=\"278\" height=\"36\" alt=\"E\u011fitim atlas\u0131\"\/>\n                <\/li>\n                <li class=\"show\">\n                    <img loading=\"lazy\" decoding=\"async\" src=\"\/media\/content\/case-studie\/afs-plus\/paderzeitung.webp\" width=\"224\" height=\"36\" alt=\"PaderNewspaper\"\/>\n                <\/li>\n                <li class=\"show\">\n                    <img loading=\"lazy\" decoding=\"async\" src=\"\/media\/content\/case-studie\/afs-plus\/mediasteak.svg\" width=\"241\" height=\"54\" alt=\"mediasteak\"\/>\n                <\/li>\n                <li class=\"show\">\n                    <img loading=\"lazy\" decoding=\"async\" src=\"\/media\/content\/case-studie\/afs-plus\/ww-kurier.webp\" width=\"259\" height=\"77\" alt=\"ww-kurye\"\/>\n                <\/li>\n            <\/ul>\n        <\/div>\n\n    <\/div>\n<\/div>\n\n<div class=\"section references pt-2 pb-2\" id=\"calendly\">\n    <div class=\"wrap\">\n\n        <h2 class=\"h1\">\u015eimdi bir ba\u015flang\u0131\u00e7 tarihi se\u00e7in!<\/h2>\n        <h3 class=\"h2\">Sizin i\u00e7in \u00e7al\u0131\u015fal\u0131m<br\/>G\u00f6r\u00fcn\u00fcrl\u00fck \u00fczerinde \u00e7al\u0131\u015f\u0131n!<\/h3>\n        <p>\n  A\u015fa\u011f\u0131dan \u00fccretsiz bir randevu aral\u0131\u011f\u0131 se\u00e7in ve projeniz hakk\u0131nda birlikte konu\u015fal\u0131m.<br\/>\n  Senin zorluklar\u0131n. DijitalPR&#8217;\u0131n\u0131z. Herhangi bir zorunluluk olmadan. \u00c7ok memnun olduk.\n        <\/p>\n        <h3 class=\"h4\">Bo\u015f bir zaman dilimi se\u00e7in<\/h3>\n         <div class=\"brlbs-cmpnt-container brlbs-cmpnt-content-blocker brlbs-cmpnt-with-individual-styles\" data-borlabs-cookie-content-blocker-id=\"calendly\" data-borlabs-cookie-content=\"PGlmcmFtZSBjbGFzcz0iYXBwb2ludG1lbnQtaWZyYW1lIiBzcmM9Imh0dHBzOi8vY2FsZW5kbHkuY29tL2ltcHVsc3EvbGFzcy11bnMtZWluZmFjaC1zcHJlY2hlbiIgd2lkdGg9IjYwMCIgaGVpZ2h0PSI0MTAiPjwvaWZyYW1lPg==\"><div class=\"brlbs-cmpnt-cb-preset-a\"> <p class=\"brlbs-cmpnt-cb-description\">\u015eu anda bir yer tutucu i\u00e7eri\u011fi g\u00f6r\u00fcyorsunuz<strong>Calendly<\/strong>. As\u0131l i\u00e7eri\u011fe eri\u015fmek i\u00e7in a\u015fa\u011f\u0131daki d\u00fc\u011fmeyi t\u0131klay\u0131n. Bu i\u015flem s\u0131ras\u0131nda veriler \u00fc\u00e7\u00fcnc\u00fc taraf sa\u011flay\u0131c\u0131lara aktar\u0131lacakt\u0131r.<\/p> <div class=\"brlbs-cmpnt-cb-buttons\"> <a class=\"brlbs-cmpnt-cb-btn\" href=\"#\" data-borlabs-cookie-unblock role=\"button\">\u0130\u00e7eri\u011fi a\u00e7<\/a> <a class=\"brlbs-cmpnt-cb-btn\" href=\"#\" data-borlabs-cookie-accept-service role=\"button\" style=\"display: <m id=\"3\">&quot;&gt;Gerekli hizmeti kabul edin ve i\u00e7eri\u011fi a\u00e7\u0131n<\/a> <\/div> <a class=\"brlbs-cmpnt-cb-provider-toggle\" href=\"#\" data-borlabs-cookie-show-provider-information role=\"button\">Daha fazla bilgi<\/a> <\/div><\/div>\n\n    <\/div>\n<\/div>\n","protected":false},"excerpt":{"rendered":"<p>Vaka \u00c7al\u0131\u015fmas\u0131 \/ Case Study AFS+ Gelen geri ba\u011flant\u0131larda %136 art\u0131\u015f Ciroda %200 art\u0131\u015f Bir ay i\u00e7inde Ger\u00e7ekten heyecan verici. Teklifinizi dinlemek isterim > Yeniden lansman + teklifin geni\u015fletilmesi + sosyal yard\u0131m 136 % Y\u00f6nlendiren alan adlar\u0131n\u0131 art\u0131r\u0131n 95 % Alan derecelendirmesinin iyile\u015ftirilmesi 2.750 % Sosyal medya mentionlar\u0131 179 Olu\u015fturulan geri ba\u011flant\u0131lar Dusty! Bilinmiyor!E\u015fsiz bir [&hellip;]<\/p>\n","protected":false},"author":1,"featured_media":0,"parent":450,"menu_order":2,"comment_status":"closed","ping_status":"closed","template":"template-bright.php","meta":{"_acf_changed":false,"_uag_custom_page_level_css":"","footnotes":""},"class_list":["post-528","page","type-page","status-publish","hentry"],"acf":[],"uagb_featured_image_src":{"full":false,"thumbnail":false,"medium":false,"medium_large":false,"large":false,"1536x1536":false,"2048x2048":false,"magazin-single":false,"magazin-single-2x":false,"magazin-big":false,"magazin-big-2x":false,"magazin-medium":false,"magazin-medium-2x":false,"magazin-small":false,"magazin-small-2x":false,"magazin-phone":false,"magazin-phone-2x":false,"onboarding_mobile":false,"onboarding_mobile_retina":false},"uagb_author_info":{"display_name":"impulsQ GmbH","author_link":"https:\/\/impulsq.de\/tr\/author\/vanessa\/"},"uagb_comment_info":0,"uagb_excerpt":"Vaka \u00c7al\u0131\u015fmas\u0131 \/ Case Study AFS+ Gelen geri ba\u011flant\u0131larda %136 art\u0131\u015f Ciroda %200 art\u0131\u015f Bir ay i\u00e7inde Ger\u00e7ekten heyecan verici. Teklifinizi dinlemek isterim > Yeniden lansman + teklifin geni\u015fletilmesi + sosyal yard\u0131m 136 % Y\u00f6nlendiren alan adlar\u0131n\u0131 art\u0131r\u0131n 95 % Alan derecelendirmesinin iyile\u015ftirilmesi 2.750 % Sosyal medya mentionlar\u0131 179 Olu\u015fturulan geri ba\u011flant\u0131lar Dusty! Bilinmiyor!E\u015fsiz bir&hellip;","_links":{"self":[{"href":"https:\/\/impulsq.de\/tr\/wp-json\/wp\/v2\/pages\/528","targetHints":{"allow":["GET"]}}],"collection":[{"href":"https:\/\/impulsq.de\/tr\/wp-json\/wp\/v2\/pages"}],"about":[{"href":"https:\/\/impulsq.de\/tr\/wp-json\/wp\/v2\/types\/page"}],"author":[{"embeddable":true,"href":"https:\/\/impulsq.de\/tr\/wp-json\/wp\/v2\/users\/1"}],"replies":[{"embeddable":true,"href":"https:\/\/impulsq.de\/tr\/wp-json\/wp\/v2\/comments?post=528"}],"version-history":[{"count":2,"href":"https:\/\/impulsq.de\/tr\/wp-json\/wp\/v2\/pages\/528\/revisions"}],"predecessor-version":[{"id":677,"href":"https:\/\/impulsq.de\/tr\/wp-json\/wp\/v2\/pages\/528\/revisions\/677"}],"up":[{"embeddable":true,"href":"https:\/\/impulsq.de\/tr\/wp-json\/wp\/v2\/pages\/450"}],"wp:attachment":[{"href":"https:\/\/impulsq.de\/tr\/wp-json\/wp\/v2\/media?parent=528"}],"curies":[{"name":"wp","href":"https:\/\/api.w.org\/{rel}","templated":true}]}}