{"id":558,"date":"2024-01-08T12:37:46","date_gmt":"2024-01-08T12:37:46","guid":{"rendered":"https:\/\/impulsq.de\/referanslar\/vaka-calismalari\/bausatzhaus-icin-sosyal-medya\/"},"modified":"2024-01-30T14:05:34","modified_gmt":"2024-01-30T14:05:34","slug":"bausatzhaus-icin-sosyal-medya","status":"publish","type":"page","link":"https:\/\/impulsq.de\/tr\/vaka-calismalari\/bausatzhaus-icin-sosyal-medya\/","title":{"rendered":"Bausatzhaus i\u00e7in sosyal medya"},"content":{"rendered":"\n<div class=\"section references main-color darken-background pb-3\">\n    <div class=\"wrap\">\n\n        <h1 class=\"h1\">Vaka \u00c7al\u0131\u015fmas\u0131 \/ Bausatzhaus vaka \u00e7al\u0131\u015fmas\u0131<\/h1>\n        <h2 class=\"h2\">\n <span class=\"highlight\">Sosyal medya trafi\u011finde %1,814<\/span> art\u0131\u015f<br\/>\n <span class=\"highlight\">Takip\u00e7i\/fan say\u0131s\u0131nda %106<\/span> art\u0131\u015f\n        <\/h2>\n\n    <\/div>\n <div class=\"wrap\">\n\n        <a href=\"#calendly\" class=\"btn dark\">Ger\u00e7ekten heyecan verici. Teklifinizi dinlemek isterim ><\/a>\n\n    <\/div>\n<\/div>\n\n<div class=\"section references top-box\">\n    <div class=\"wrap\">\n\n        <div class=\"box\">\n            <div class=\"additional-info\">4,000 Euro&#8217;luk bir yat\u0131r\u0131mla<\/div>\n            <ul class=\"row\">\n                <li>\n                    <span class=\"percentage-raise\">1.814 %<\/span>\n  Sosyal medya trafi\u011fi (web sitesi)\n                <\/li>\n                <li>\n                    <span class=\"percentage-raise\">106 %<\/span>\n  Sosyal medya takip\u00e7ileri\/fanlar\u0131\n                <\/li>\n                <li>\n                    <span class=\"percentage-raise\">193.716<\/span>\n  \u0130zlenimler\n                <\/li>\n                <li>\n                    <span class=\"percentage-raise\">10.509<\/span>\n  Benzersiz Ziyaret\u00e7iler\n                <\/li>\n            <\/ul>\n        <\/div>\n\n    <\/div>\n<\/div>\n\n<div class=\"section references pb-2\">\n    <div class=\"wrap\">\n\n        <div class=\"media-article box-media\">\n            <div class=\"media\">\n                <div class=\"headline\">Anahtar kelime zorlu\u011fu<\/div>\n                <figure class=\"speedometer\">\n                    <img loading=\"lazy\" decoding=\"async\" src=\"\/media\/content\/case-studie\/speedmeter-72.svg\" width=\"237\" height=\"164\" alt=\"\"\/>\n                    <figcaption><span>60<\/span> \u00c7ok zor<\/figcaption>\n                <\/figure>\n                <p class=\"aside\">\n  Tahminimizce 224 web sitesinden geri ba\u011flant\u0131ya ihtiyac\u0131n\u0131z var,\n  bu anahtar kelime i\u00e7in ilk 10&#8217;da yer almak.\n                <\/p>\n            <\/div>\n            <div class=\"content\">\n                <h2 class=\"h3\">Sosyal medyada sa\u011flam evleri zorlay\u0131n!<br\/>\u00c7ok zor. Bizim i\u00e7in de\u011fil.<\/h2>\n                <p>\n  Yerel bir ev in\u015faat\u00e7\u0131s\u0131 ilk ba\u015fta kula\u011fa hi\u00e7 de seksi gelmiyor. Kula\u011fa sosyal bir \u015feymi\u015f gibi gelmiyor.\n  Medya. O zaman sosyal medya kavram\u0131n\u0131n olmamas\u0131na ve sosyal kanal\u0131n sadece\n  ihmal edilmi\u015ftir.\n                <\/p>\n                <p>\n  Neyse ki bunu de\u011fi\u015ftirmemize ve yarat\u0131c\u0131l\u0131\u011f\u0131m\u0131z\u0131 serbest b\u0131rakmam\u0131za izin verildi. Yarat\u0131c\u0131l\u0131k ve\n  b\u00fct\u00fcnc\u00fcl yakla\u015f\u0131ma da acilen ihtiya\u00e7 duyulmaktad\u0131r. Sonu\u00e7ta, bu tart\u0131\u015fmal\u0131 bir konu.\n  Seksapeli az olan bir ni\u015f. B\u00f6yle meydan okumalar\u0131 seviyoruz. Sonunda neredeyse imkans\u0131z olan\n  M\u00fcmk\u00fcn.\n                <\/p>\n                <p>\n  M\u00fc\u015fterinin hedefleri: Sosyal medya arac\u0131l\u0131\u011f\u0131yla yeni m\u00fc\u015fteriler edinmek. Sosyal a\u011flarda eri\u015fim\n  biriktir. S\u00fcre\u00e7ler olu\u015fturun.\n                <\/p>\n                <p>\n                    <strong>Tepkimiz: Meydan okuma kabul edildi!<\/strong>\n                <\/p>\n            <\/div>\n        <\/div>\n\n    <\/div>\n<\/div>\n\n<div class=\"section references pt-2\">\n    <div class=\"wrap\">\n\n        <h2 class=\"h1\">Sipari\u015fi neden kabul ettik? Kim Adamek a\u00e7\u0131kl\u0131yor:<\/h2>\n        <blockquote class=\"big\">Ekip s\u00fcper arkada\u015f canl\u0131s\u0131yd\u0131 ve hemen iyi anla\u015ft\u0131k. Her \u015fey\n  \u015feffaf bir \u015fekilde ileti\u015fim kurduk ve neye bula\u015ft\u0131\u011f\u0131m\u0131z\u0131 biliyorduk.<\/blockquote>\n        <p>\n  Talepten ve bunun sonucunda gelen kabulden \u00e7ok memnun kald\u0131k. Bizim i\u00e7in a\u00e7\u0131kt\u0131 ki e\u011fer\n  Biz de\u011fil, ba\u015fka kim olacak? \u00c7al\u0131\u015fmalar\u0131m\u0131z\u0131n \u00f6nemli bir b\u00f6l\u00fcm\u00fcn\u00fc stratejik planlama olu\u015fturuyordu. Gerekli t\u00fcm\n  Sosyal medya s\u00fcre\u00e7leri, daha sonraki bir devir teslimin sorunsuz bir \u015fekilde i\u015flemesi i\u00e7in dikkatlice \u00e7al\u0131\u015f\u0131lm\u0131\u015ft\u0131r.\n  Sonunda biz de m\u00fc\u015fterimiz kadar mutlu olduk. \u00c7al\u0131\u015fman\u0131n takdir edilmesi harika bir \u015fey.\n        <\/p>\n\n        <div class=\"person\">\n            <img loading=\"lazy\" decoding=\"async\" alt=\"\" src=\"\/media\/person\/kim-adamek.webp\" width=\"160\" height=\"160\"\/>\n            <div class=\"name\">Kim Adamek<\/div>\n            <div class=\"position\">Genel M\u00fcd\u00fcr<\/div>\n        <\/div>\n\n    <\/div>\n<\/div>\n\n<div class=\"section references pb-2\">\n    <div class=\"wrap\">\n\n        <div class=\"media-article box-media\">\n            <div class=\"content\">\n                <h2 class=\"h3\">S\u00fcre\u00e7leri uygulay\u0131n ve ba\u015far\u0131 i\u00e7in test edin<\/h2>\n                <p>\n  \u0130\u015fbirli\u011finin ba\u015f\u0131nda ticari olmayan bir i\u00e7erik stratejisi geli\u015ftirilmi\u015ftir. \u0130\u00e7inde\n  Ara\u015ft\u0131r\u0131lan anahtar kelimelere ek olarak, kullan\u0131c\u0131lar\u0131n arama amac\u0131 ve arama terimleri de\n  kullan\u0131c\u0131 dikkate al\u0131n\u0131r.\n                <\/p>\n                <p>\n  Bir i\u00e7erik merkezinin olu\u015fturulmas\u0131 sayesinde arama motorlar\u0131nda g\u00f6r\u00fcn\u00fcrl\u00fck artm\u0131\u015f ve\n  Sayfa g\u00f6sterimleri \u00f6nemli \u00f6l\u00e7\u00fcde artt\u0131. Ayn\u0131 zamanda, olu\u015fturulan i\u00e7eri\u011fe dayanarak \u015funlar\u0131 yapabildik\n  Sosyal medya kanallar\u0131n\u0131 ilk g\u00f6nderilerle besleyin.\n                <\/p>\n                <p>\n  M\u00fc\u015fterinin sosyal medyada tam ilgi g\u00f6rmesini sa\u011flamak i\u00e7in \u0130\u00e7erik Olu\u015fturma\n  departman\u0131 \u00e7e\u015fitli g\u00f6rseller [resimler, videolar, GIF&#8217;ler] olu\u015fturdu.\n                <\/p>\n                <p>\n  Elbette makale yay\u0131nlamak yeterli de\u011fildir. Etkin topluluk y\u00f6netimi\n  uygulanmas\u0131 gerekiyordu. Bunu da bilin\u00e7li ve ba\u015far\u0131l\u0131 bir \u015fekilde yapt\u0131k. En ba\u015f\u0131ndan beri\n  Birlikte \u00e7al\u0131\u015fmaya ba\u015flad\u0131\u011f\u0131m\u0131zda, ge\u00e7ici bir ajans olarak rezerve edildi\u011fimizi fark ettik. Bizim g\u00f6revimiz\n  s\u00fcre\u00e7ler olu\u015fturmak ve planlar olu\u015fturmakt\u0131. Yakla\u015f\u0131m\u0131m\u0131z\u0131n do\u011fru oldu\u011fu kan\u0131tland\u0131\u011f\u0131nda\n  ba\u015far\u0131l\u0131 bir \u015fekilde, sosyal medya deste\u011fini Haus und Hof ajans\u0131na d\u0131\u015f kaynak olarak verdik.\n  M\u00fc\u015fteriler.\n                <\/p>\n                <p>\n                    <strong>\u00c7al\u0131\u015fmalar\u0131m\u0131zla ilgili m\u00fc\u015fteri geri bildirimlerini a\u015fa\u011f\u0131daki vaka \u00e7al\u0131\u015fmas\u0131nda okuyabilirsiniz\n  Referanslar\u0131 okuyun.<\/strong>\n                <\/p>\n            <\/div>\n            <div class=\"media\">\n                <div class=\"headline\">BU SADECE BA\u015eLANGI\u00c7<\/div>\n                <ul class=\"raise-list\">\n                    <li>\n                        <span class=\"label\">Yat\u0131r\u0131m<\/span>\n                        <span class=\"value\">4.000\u20ac<\/span>\n\n                    <\/li>\n                    <li>\n                        <span class=\"label\">Sosyal medya takip\u00e7ileri\/fanlar\u0131:<br\/>\u0130\u015fbirli\u011fimiz s\u0131ras\u0131nda<\/span>\n                        <span class=\"value\"><span class=\"from\">2,113&#8217;ten<\/span> 4,368&#8217;e<\/span>\n                    <\/li>\n                    <li>\n                        <span class=\"label\">Sosyal medya takip\u00e7ileri\/fanlar\u0131:<br\/>G\u00fcncel<\/span>\n                        <span class=\"value\">5.400<\/span>\n                    <\/li>\n                    <li>\n                        <span class=\"label\">Sosyal medya trafi\u011fi (kendi web sitesi)<\/span>\n                        <span class=\"value\"><span class=\"from\">Ayl\u0131k 108<\/span>&#8216;den 2.068&#8217;i<\/span>\n                    <\/li>\n                    <li>\n                        <span class=\"label\">Ciro<\/span>\n                        <span class=\"value\">6.100.000 \u20ac<br\/><span class=\"from\">5.900.000 Avro<\/span><\/span>\n                        <span class=\"raise\">+3,38 %<\/span>\n                    <\/li>\n                <\/ul>\n                <ul class=\"metas\">\n                    <li>\n                        <span class=\"label\">O zamandan beri m\u00fc\u015fteri<\/span>\n                        <span class=\"value\">1,5 y\u0131l<\/span>\n                    <\/li>\n                    <li>\n                        <span class=\"label\">M\u00fc\u015fteri<\/span>\n                        <span class=\"value\">Kit evi<\/span>\n                    <\/li>\n                <\/ul>\n            <\/div>\n        <\/div>\n\n    <\/div>\n<\/div>\n\n<div class=\"section references main-color darken-background pt-2 pb-2\">\n    <div class=\"wrap\">\n\n        <h2 class=\"h2\">D\u00f6rt ad\u0131mda 193.716 g\u00f6sterim<br\/>ve %106 daha fazla takip\u00e7i\/fan<\/h2>\n\n        <div class=\"read-more-articles plus-icons\">\n            <div class=\"article has-more\" data-modal-mode=\"read-more\" data-modal-theme=\"references\">\n                <h4 class=\"headline\">Editoryal plan<\/h4>\n                <p>\n  M\u00fc\u015fterimiz i\u00e7in sa\u011flam yap\u0131 sekt\u00f6r\u00fcnde bir otorite olu\u015fturmak istedik. Bunun i\u00e7in elimizde\n  En k\u00fc\u00e7\u00fck ayr\u0131nt\u0131s\u0131na kadar arama amac\u0131na g\u00f6re uyarlanm\u0131\u015f kapsaml\u0131, konuya \u00f6zel i\u00e7erik\n  planland\u0131. Ba\u015far\u0131 tesad\u00fcf de\u011fildir.\n                <\/p>\n                <button type=\"button\">Daha fazla<\/button>\n            <\/div>\n            <div class=\"article has-more\" data-modal-mode=\"read-more\" data-modal-theme=\"references\">\n                <h4 class=\"headline\">Anahtar kelime ara\u015ft\u0131rmas\u0131<\/h4>\n                <p>\n  Her mant\u0131kl\u0131 i\u00e7erik stratejisi planlama ile ba\u015flar. Anahtar kelime ara\u015ft\u0131rmas\u0131\n  merkezi \u00f6neme sahiptir. Uygun anahtar kelimeleri ve bunlara kar\u015f\u0131l\u0131k gelen arama ama\u00e7lar\u0131n\u0131 bulabildik\n  tan\u0131mla. T\u00fcm anahtar kelime verileri k\u00fcmelenmi\u015f ve bir editoryal plana aktar\u0131lm\u0131\u015ft\u0131r.\n                <\/p>\n                <button type=\"button\">Daha fazla<\/button>\n            <\/div>\n            <div class=\"article has-more\" data-modal-mode=\"read-more\" data-modal-theme=\"references\">\n                <h4 class=\"headline\">Sosyal Medya + Topluluk Y\u00f6netimi<\/h4>\n                <p>\n  Etkile\u015fimimiz Facebook, LinkedIn ve Instagram&#8217;a odakland\u0131. T\u00fcm m\u00fc\u015fteriler i\u00e7in \u00e7al\u0131\u015f\u0131yoruz\n  Sadece editoryal planlarla \u00e7al\u0131\u015f\u0131yor ve hi\u00e7bir \u015feyi \u015fansa b\u0131rakm\u0131yoruz. T\u00fcm sosyal\n  Medya g\u00f6r\u00fcn\u00fcm\u00fc titizlikle ve ba\u011f\u0131ms\u0131z olarak planland\u0131. Yay\u0131nlanacak i\u00e7erik \u015fu \u015fekilde belirlendi\n  yarat\u0131c\u0131 ekibimiz taraf\u0131ndan olu\u015fturuldu ve payla\u015f\u0131ld\u0131. Ger\u00e7ek zamanl\u0131 olarak, sosyal medya dan\u0131\u015fmanlar\u0131m\u0131z\n  Yorumlar, bahsedenler&#8230; cevapland\u0131. Amac\u0131m\u0131z &#8211; takip\u00e7ileri ger\u00e7ek marka el\u00e7ilerine d\u00f6n\u00fc\u015ft\u00fcrmek.\n                <\/p>\n                <button type=\"button\">Daha fazla<\/button>\n            <\/div>\n            <div class=\"article has-more\" data-modal-mode=\"read-more\" data-modal-theme=\"references\">\n                <h4 class=\"headline\">\u0130\u00e7erik yazma ve yay\u0131nlama<\/h4>\n                <p>\n  Edit\u00f6rlerimizden y\u00fcksek beklentilerimiz vard\u0131. ChatGpt zamanlar\u0131nda, &#8220;katma de\u011fer&#8221; kelimesi kazan\u0131r\n  b\u00fcy\u00fck \u00f6l\u00e7\u00fcde \u00f6nem kazand\u0131. Metin \u00e7\u00f6llerini ve ilgisizli\u011fi reddediyoruz. \u00c7\u00f6z\u00fcm:\n  Harika i\u00e7erik + g\u00f6rsel medya + \u00e7ekici i\u00e7erik tasar\u0131m\u0131.\n                <\/p>\n                <button type=\"button\">Daha fazla<\/button>\n            <\/div>\n        <\/div>\n\n    <\/div>\n<\/div>\n\n<div class=\"section references pt-2\">\n    <div class=\"wrap\">\n\n        <h2 class=\"h1\">M\u00fc\u015fteri i\u015fbirli\u011fini neden takdir ediyor?<\/h2>\n        <blockquote class=\"big\">Yarat\u0131c\u0131 fikirler bize emin ellerde oldu\u011fumuzu ve her zaman toparland\u0131\u011f\u0131m\u0131z\u0131 hissettiriyor. \u0130\u00e7inden ve\n  iyi bir i\u015fbirli\u011fi yoluyla. Kesinlikle tavsiye edilir.<\/blockquote>\n\n        <div class=\"person\">\n            <div class=\"name\">Melanie K.<\/div>\n            <div class=\"position\">Pazarlama<\/div>\n        <\/div>\n\n    <\/div>\n<\/div>\n\n<div class=\"section references\">\n    <div class=\"wrap\">\n\n        <h2 class=\"h1\">Sosyal medya yolunda<\/h2>\n        <h3 class=\"h2\">\u0130kna edici sonu\u00e7lar &#8211; kan\u0131tlanm\u0131\u015f konsept<\/h3>\n        <p>\n  Sosyal medyan\u0131n eri\u015fim alan\u0131 neredeyse s\u0131n\u0131rs\u0131zd\u0131r. Potansiyelin tamam\u0131n\u0131 kullanabilmek,\n  m\u00fc\u015fterilere y\u0131llarca bak\u0131lmas\u0131 gerekir. Bu paraya mal olur, \u00e7\u00fcnk\u00fc &#8220;s\u0131cak bok&#8221; sadece\n  kaynaklar olu\u015fturulabilir. G\u00f6revimiz 20.000 yeni takip\u00e7i\/fan kazanmak de\u011fildi.\n  \u00fcretmek. Aksine, temelleri att\u0131k. Yerle\u015fik s\u00fcre\u00e7lerimiz var. Test edilen stratejiler ve\n  Ba\u015far\u0131l\u0131 bir a\u015famadan sonra her \u015fey m\u00fc\u015fteriye ve acentesine teslim edilir. Bu s\u00fcre i\u00e7inde\n  Sosyal medya alan\u0131nda \u00f6nemli bir geli\u015fme kaydettik. M\u00fc\u015fterinin sat\u0131\u015flar\u0131 da\n  \u00f6nemli \u00f6l\u00e7\u00fcde art\u0131r\u0131labilir.\n        <\/p>\n\n        <div class=\"person\">\n            <div class=\"name\">Melanie K.<\/div>\n            <div class=\"position\">Pazarlama<\/div>\n        <\/div>\n\n    <\/div>\n\n<div class=\"section references\">\n    <div class=\"wrap\">\n\n        <div class=\"cert-row\">\n            <div class=\"c50\">\n                <div class=\"chart\">\n                    <h2 class=\"headline\">Sosyal medya y\u00fckseli\u015fi<\/h2>\n                    <img decoding=\"async\" src=\"\/media\/content\/case-studie\/charts\/RANKSIDER_20_Backlinks_aus_der_SEO-Szene_02.webp\" alt=\"\"\/>\n                <\/div>\n            <\/div>\n            <div class=\"c50\">\n                <div class=\"chart\">\n                    <h2 class=\"headline\">Sat\u0131\u015f geli\u015ftirme<\/h2>\n                    <img decoding=\"async\" src=\"\/media\/content\/case-studie\/charts\/RANKSIDER_82_Prozent_mehr_Registrationen_01.webp\" alt=\"\"\/>\n                <\/div>\n            <\/div>\n        <\/div>\n\n    <\/div>\n<\/div>\n\n<div class=\"section references pt-2 pb-2\" id=\"calendly\">\n    <div class=\"wrap\">\n\n        <h2 class=\"h1\">\u015eimdi bir ba\u015flang\u0131\u00e7 tarihi se\u00e7in!<\/h2>\n        <h3 class=\"h2\">Sonunda sosyal medyaya ba\u015flamak<\/h3>\n        <p>\n  Sosyal medya vaka \u00e7al\u0131\u015fmas\u0131 ilginizi \u00e7ekti mi? Bu b\u00f6lgede \u00e7ok say\u0131da m\u00fc\u015fteriyle ilgileniyoruz.\n  Belki de yak\u0131nda siz de onlardan biri olacaks\u0131n\u0131z. \u0130lk ad\u0131mda ba\u011flay\u0131c\u0131 olmayan bir sohbet ger\u00e7ekle\u015ftirebiliriz.\n  Bir e\u015fle\u015fme olup olmad\u0131\u011f\u0131n\u0131 ve zorlu\u011funuz i\u00e7in do\u011fru \u00e7\u00f6z\u00fcme sahip olup olmad\u0131\u011f\u0131m\u0131z\u0131 g\u00f6r\u00fcn. A\u015fa\u011f\u0131dan birini se\u00e7in\n  \u00fccretsiz randevu aral\u0131\u011f\u0131 ve Zoom g\u00f6r\u00fc\u015fmesinde tekrar g\u00f6r\u00fc\u015fece\u011fiz. Sizi g\u00f6rmek i\u00e7in sab\u0131rs\u0131zlan\u0131yoruz.\n        <\/p>\n        <h3 class=\"h4\">Bo\u015f bir zaman dilimi se\u00e7in<\/h3>\n         <div class=\"brlbs-cmpnt-container brlbs-cmpnt-content-blocker brlbs-cmpnt-with-individual-styles\" data-borlabs-cookie-content-blocker-id=\"calendly\" data-borlabs-cookie-content=\"PGlmcmFtZSBjbGFzcz0iYXBwb2ludG1lbnQtaWZyYW1lIiBzcmM9Imh0dHBzOi8vY2FsZW5kbHkuY29tL2ltcHVsc3Evc29jaWFsLW1lZGlhIiB3aWR0aD0iNjAwIiBoZWlnaHQ9IjQxMCI+PC9pZnJhbWU+\"><div class=\"brlbs-cmpnt-cb-preset-a\"> <p class=\"brlbs-cmpnt-cb-description\">\u015eu anda bir yer tutucu i\u00e7eri\u011fi g\u00f6r\u00fcyorsunuz<strong>Calendly<\/strong>. As\u0131l i\u00e7eri\u011fe eri\u015fmek i\u00e7in a\u015fa\u011f\u0131daki d\u00fc\u011fmeyi t\u0131klay\u0131n. Bu i\u015flem s\u0131ras\u0131nda veriler \u00fc\u00e7\u00fcnc\u00fc taraf sa\u011flay\u0131c\u0131lara aktar\u0131lacakt\u0131r.<\/p> <div class=\"brlbs-cmpnt-cb-buttons\"> <a class=\"brlbs-cmpnt-cb-btn\" href=\"#\" data-borlabs-cookie-unblock role=\"button\">\u0130\u00e7eri\u011fi a\u00e7<\/a> <a class=\"brlbs-cmpnt-cb-btn\" href=\"#\" data-borlabs-cookie-accept-service role=\"button\" style=\"display: <m id=\"3\">&quot;&gt;Gerekli hizmeti kabul edin ve i\u00e7eri\u011fi a\u00e7\u0131n<\/a> <\/div> <a class=\"brlbs-cmpnt-cb-provider-toggle\" href=\"#\" data-borlabs-cookie-show-provider-information role=\"button\">Daha fazla bilgi<\/a> <\/div><\/div>\n\n    <\/div>\n<\/div>\n<\/div>","protected":false},"excerpt":{"rendered":"<p>Vaka \u00c7al\u0131\u015fmas\u0131 \/ Bausatzhaus vaka \u00e7al\u0131\u015fmas\u0131 Sosyal medya trafi\u011finde %1,814 art\u0131\u015f Takip\u00e7i\/fan say\u0131s\u0131nda %106 art\u0131\u015f Ger\u00e7ekten heyecan verici. Teklifinizi dinlemek isterim > 4,000 Euro&#8217;luk bir yat\u0131r\u0131mla 1.814 % Sosyal medya trafi\u011fi (web sitesi) 106 % Sosyal medya takip\u00e7ileri\/fanlar\u0131 193.716 \u0130zlenimler 10.509 Benzersiz Ziyaret\u00e7iler Anahtar kelime zorlu\u011fu 60 \u00c7ok zor Tahminimizce 224 web sitesinden geri ba\u011flant\u0131ya [&hellip;]<\/p>\n","protected":false},"author":1,"featured_media":0,"parent":450,"menu_order":4,"comment_status":"closed","ping_status":"closed","template":"template-bright.php","meta":{"_acf_changed":false,"_uag_custom_page_level_css":"","footnotes":""},"class_list":["post-558","page","type-page","status-publish","hentry"],"acf":[],"uagb_featured_image_src":{"full":false,"thumbnail":false,"medium":false,"medium_large":false,"large":false,"1536x1536":false,"2048x2048":false,"magazin-single":false,"magazin-single-2x":false,"magazin-big":false,"magazin-big-2x":false,"magazin-medium":false,"magazin-medium-2x":false,"magazin-small":false,"magazin-small-2x":false,"magazin-phone":false,"magazin-phone-2x":false,"onboarding_mobile":false,"onboarding_mobile_retina":false},"uagb_author_info":{"display_name":"impulsQ GmbH","author_link":"https:\/\/impulsq.de\/tr\/author\/vanessa\/"},"uagb_comment_info":0,"uagb_excerpt":"Vaka \u00c7al\u0131\u015fmas\u0131 \/ Bausatzhaus vaka \u00e7al\u0131\u015fmas\u0131 Sosyal medya trafi\u011finde %1,814 art\u0131\u015f Takip\u00e7i\/fan say\u0131s\u0131nda %106 art\u0131\u015f Ger\u00e7ekten heyecan verici. Teklifinizi dinlemek isterim > 4,000 Euro&#8217;luk bir yat\u0131r\u0131mla 1.814 % Sosyal medya trafi\u011fi (web sitesi) 106 % Sosyal medya takip\u00e7ileri\/fanlar\u0131 193.716 \u0130zlenimler 10.509 Benzersiz Ziyaret\u00e7iler Anahtar kelime zorlu\u011fu 60 \u00c7ok zor Tahminimizce 224 web sitesinden geri ba\u011flant\u0131ya&hellip;","_links":{"self":[{"href":"https:\/\/impulsq.de\/tr\/wp-json\/wp\/v2\/pages\/558","targetHints":{"allow":["GET"]}}],"collection":[{"href":"https:\/\/impulsq.de\/tr\/wp-json\/wp\/v2\/pages"}],"about":[{"href":"https:\/\/impulsq.de\/tr\/wp-json\/wp\/v2\/types\/page"}],"author":[{"embeddable":true,"href":"https:\/\/impulsq.de\/tr\/wp-json\/wp\/v2\/users\/1"}],"replies":[{"embeddable":true,"href":"https:\/\/impulsq.de\/tr\/wp-json\/wp\/v2\/comments?post=558"}],"version-history":[{"count":2,"href":"https:\/\/impulsq.de\/tr\/wp-json\/wp\/v2\/pages\/558\/revisions"}],"predecessor-version":[{"id":719,"href":"https:\/\/impulsq.de\/tr\/wp-json\/wp\/v2\/pages\/558\/revisions\/719"}],"up":[{"embeddable":true,"href":"https:\/\/impulsq.de\/tr\/wp-json\/wp\/v2\/pages\/450"}],"wp:attachment":[{"href":"https:\/\/impulsq.de\/tr\/wp-json\/wp\/v2\/media?parent=558"}],"curies":[{"name":"wp","href":"https:\/\/api.w.org\/{rel}","templated":true}]}}